{"id":2916,"date":"2024-06-14T21:05:47","date_gmt":"2024-06-14T19:05:47","guid":{"rendered":"https:\/\/pettuchic.cl\/?page_id=2916"},"modified":"2026-01-19T19:51:52","modified_gmt":"2026-01-19T22:51:52","slug":"politicas-de-cambios","status":"publish","type":"page","link":"https:\/\/pettuchic.cl\/en\/politicas-de-cambios\/","title":{"rendered":"Politicas de Cambios"},"content":{"rendered":"<style>.elementor-2916 .elementor-element.elementor-element-4bf06d5{--display:flex;}.elementor-2916 .elementor-element.elementor-element-4bf06d5:not(.elementor-motion-effects-element-type-background), .elementor-2916 .elementor-element.elementor-element-4bf06d5 > .elementor-motion-effects-container > .elementor-motion-effects-layer{background-color:#FFFFFF;}.elementor-widget-heading .elementor-heading-title{font-family:var( --e-global-typography-primary-font-family ), Sans-serif;font-size:var( --e-global-typography-primary-font-size );font-weight:var( --e-global-typography-primary-font-weight );font-style:var( --e-global-typography-primary-font-style );color:var( --e-global-color-primary );}.elementor-2916 .elementor-element.elementor-element-a6ef3a7{text-align:center;}.elementor-2916 .elementor-element.elementor-element-a6ef3a7 .elementor-heading-title{font-family:\"Urbanist\", Sans-serif;font-size:40px;font-weight:400;font-style:italic;color:#000000;}.elementor-2916 .elementor-element.elementor-element-dd7b051{--display:flex;--justify-content:center;}.elementor-2916 .elementor-element.elementor-element-dd7b051:not(.elementor-motion-effects-element-type-background), .elementor-2916 .elementor-element.elementor-element-dd7b051 > .elementor-motion-effects-container > .elementor-motion-effects-layer{background-color:#FFFFFF;}.elementor-widget-text-editor{font-family:var( --e-global-typography-text-font-family ), Sans-serif;font-weight:var( --e-global-typography-text-font-weight );color:var( --e-global-color-text );}.elementor-widget-text-editor.elementor-drop-cap-view-stacked .elementor-drop-cap{background-color:var( --e-global-color-primary );}.elementor-widget-text-editor.elementor-drop-cap-view-framed .elementor-drop-cap, .elementor-widget-text-editor.elementor-drop-cap-view-default .elementor-drop-cap{color:var( --e-global-color-primary );border-color:var( --e-global-color-primary );}.elementor-2916 .elementor-element.elementor-element-8c21de7{font-family:var( --e-global-typography-secondary-font-family ), Sans-serif;font-size:var( --e-global-typography-secondary-font-size );font-weight:var( --e-global-typography-secondary-font-weight );font-style:var( --e-global-typography-secondary-font-style );color:#000000;}.elementor-2916 .elementor-element.elementor-element-5e4b5c6{--display:flex;--flex-direction:column;--container-widget-width:100%;--container-widget-height:initial;--container-widget-flex-grow:0;--container-widget-align-self:initial;--flex-wrap-mobile:wrap;}.elementor-2916 .elementor-element.elementor-element-5e4b5c6:not(.elementor-motion-effects-element-type-background), .elementor-2916 .elementor-element.elementor-element-5e4b5c6 > .elementor-motion-effects-container > .elementor-motion-effects-layer{background-color:#FFFFFF;}.elementor-2916 .elementor-element.elementor-element-912b960{font-family:var( --e-global-typography-secondary-font-family ), Sans-serif;font-size:var( --e-global-typography-secondary-font-size );font-weight:var( --e-global-typography-secondary-font-weight );font-style:var( --e-global-typography-secondary-font-style );color:#000000;}.elementor-2916 .elementor-element.elementor-element-4572bca{--display:flex;--justify-content:space-between;--align-items:center;--container-widget-width:calc( ( 1 - var( --container-widget-flex-grow ) ) * 100% );}.elementor-widget-button .elementor-button{font-family:var( --e-global-typography-accent-font-family ), Sans-serif;font-weight:var( --e-global-typography-accent-font-weight );background-color:var( --e-global-color-accent );}.elementor-2916 .elementor-element.elementor-element-5ee9d5e .elementor-button{font-family:var( --e-global-typography-secondary-font-family ), Sans-serif;font-size:var( --e-global-typography-secondary-font-size );font-weight:var( --e-global-typography-secondary-font-weight );font-style:var( --e-global-typography-secondary-font-style );fill:#FFFFFF;color:#FFFFFF;background-color:#000000;border-radius:20px 20px 20px 20px;}.elementor-2916 .elementor-element.elementor-element-5ee9d5e .elementor-button:hover, .elementor-2916 .elementor-element.elementor-element-5ee9d5e .elementor-button:focus{color:#000000;background-color:#FFFFFF;}.elementor-2916 .elementor-element.elementor-element-5ee9d5e .elementor-button:hover svg, .elementor-2916 .elementor-element.elementor-element-5ee9d5e .elementor-button:focus svg{fill:#000000;}:root{--page-title-display:none;}@media(max-width:1024px){.elementor-widget-heading .elementor-heading-title{font-size:var( --e-global-typography-primary-font-size );}.elementor-2916 .elementor-element.elementor-element-8c21de7{font-size:var( --e-global-typography-secondary-font-size );}.elementor-2916 .elementor-element.elementor-element-912b960{font-size:var( --e-global-typography-secondary-font-size );}.elementor-2916 .elementor-element.elementor-element-5ee9d5e .elementor-button{font-size:var( --e-global-typography-secondary-font-size );}}@media(max-width:767px){.elementor-widget-heading .elementor-heading-title{font-size:var( --e-global-typography-primary-font-size );}.elementor-2916 .elementor-element.elementor-element-a6ef3a7{text-align:center;}.elementor-2916 .elementor-element.elementor-element-a6ef3a7 .elementor-heading-title{font-size:35px;}.elementor-2916 .elementor-element.elementor-element-8c21de7{font-size:var( --e-global-typography-secondary-font-size );}.elementor-2916 .elementor-element.elementor-element-912b960{font-size:var( --e-global-typography-secondary-font-size );}.elementor-2916 .elementor-element.elementor-element-5ee9d5e .elementor-button{font-size:var( --e-global-typography-secondary-font-size );}}<\/style>\t\t<div data-elementor-type=\"wp-page\" data-elementor-id=\"2916\" class=\"elementor elementor-2916\" data-elementor-post-type=\"page\">\n\t\t\t\t<div class=\"elementor-element elementor-element-4bf06d5 e-flex e-con-boxed e-con e-parent\" data-id=\"4bf06d5\" data-element_type=\"container\" data-e-type=\"container\" data-settings=\"{&quot;background_background&quot;:&quot;classic&quot;}\">\n\t\t\t\t\t<div class=\"e-con-inner\">\n\t\t\t\t<div class=\"elementor-element elementor-element-a6ef3a7 elementor-widget elementor-widget-heading\" data-id=\"a6ef3a7\" data-element_type=\"widget\" data-e-type=\"widget\" data-widget_type=\"heading.default\">\n\t\t\t\t<div class=\"elementor-widget-container\">\n\t\t\t\t\t<h2 class=\"elementor-heading-title elementor-size-default\">Policies of change<\/h2>\t\t\t\t<\/div>\n\t\t\t\t<\/div>\n\t\t\t\t\t<\/div>\n\t\t\t\t<\/div>\n\t\t<div class=\"elementor-element elementor-element-dd7b051 e-flex e-con-boxed e-con e-parent\" data-id=\"dd7b051\" data-element_type=\"container\" data-e-type=\"container\" data-settings=\"{&quot;background_background&quot;:&quot;classic&quot;}\">\n\t\t\t\t\t<div class=\"e-con-inner\">\n\t\t\t\t<div class=\"elementor-element elementor-element-8c21de7 elementor-widget elementor-widget-text-editor\" data-id=\"8c21de7\" data-element_type=\"widget\" data-e-type=\"widget\" data-widget_type=\"text-editor.default\">\n\t\t\t\t<div class=\"elementor-widget-container\">\n\t\t\t\t\t\t\t\t\t<p><span style=\"color: #000000;\">At our online store, <a style=\"color: #000000;\" href=\"https:\/\/pettuchic.cl\/en\/\">www.pettuchic.cl<\/a>we sell clothing sourced from display windows, advertising campaigns (Urban Street, television programs), and exclusive niche collections. Although these garments are mostly in pristine condition, we adhere to Chilean law. This means they are considered pre-owned clothing and, therefore, are not covered by any legal warranty. This is in accordance with SERNAC Law 19.496.<\/span><\/p><p><span style=\"color: #000000;\">We are committed to complying with all legal requirements and providing you with the best possible shopping experience. Every garment we offer in our online store is thoroughly inspected by our Advisors in Europe before being shipped, and also by our team in Chile.<\/span><\/p>\t\t\t\t\t\t\t\t<\/div>\n\t\t\t\t<\/div>\n\t\t\t\t\t<\/div>\n\t\t\t\t<\/div>\n\t\t<div class=\"elementor-element elementor-element-5e4b5c6 e-flex e-con-boxed e-con e-parent\" data-id=\"5e4b5c6\" data-element_type=\"container\" data-e-type=\"container\" data-settings=\"{&quot;background_background&quot;:&quot;classic&quot;}\">\n\t\t\t\t\t<div class=\"e-con-inner\">\n\t\t\t\t<div class=\"elementor-element elementor-element-912b960 elementor-widget elementor-widget-text-editor\" data-id=\"912b960\" data-element_type=\"widget\" data-e-type=\"widget\" data-widget_type=\"text-editor.default\">\n\t\t\t\t<div class=\"elementor-widget-container\">\n\t\t\t\t\t\t\t\t\t<p style=\"text-align: center;\"><span style=\"color: #000000;\"><strong>Internal Policies<\/strong><\/span><\/p><p><span style=\"color: #000000;\">Our store\/company is not legally obligated to offer a warranty; however, we can offer exchanges and returns if necessary. Please allow 1 to 3 days for processing this request after receiving your purchase. Providing a satisfactory customer experience is important to us. The entire process will be subject to the discretion of the Pettuchic support team, and we will take 3 to 5 business days to receive the product, respond, and ensure a fair and transparent resolution for our customers.<\/span><\/p><p><span style=\"color: #000000;\">To complete this process, please send an email to <a style=\"color: #000000;\" href=\"mailto:contacto@pettuchic.cl\">contacto@pettuchic.cl<\/a> with the subject line \"Exchange and\/or Return Process.\" Our team will be happy to assist you and provide the necessary instructions to complete the process efficiently and smoothly.<\/span><\/p>\t\t\t\t\t\t\t\t<\/div>\n\t\t\t\t<\/div>\n\t\t\t\t\t<\/div>\n\t\t\t\t<\/div>\n\t\t<div class=\"elementor-element elementor-element-4572bca e-flex e-con-boxed e-con e-parent\" data-id=\"4572bca\" data-element_type=\"container\" data-e-type=\"container\">\n\t\t\t\t\t<div class=\"e-con-inner\">\n\t\t\t\t<div class=\"elementor-element elementor-element-5ee9d5e elementor-align-center elementor-widget elementor-widget-button\" data-id=\"5ee9d5e\" data-element_type=\"widget\" data-e-type=\"widget\" data-widget_type=\"button.default\">\n\t\t\t\t<div class=\"elementor-widget-container\">\n\t\t\t\t\t\t\t\t\t<div class=\"elementor-button-wrapper\">\n\t\t\t\t\t<a class=\"elementor-button elementor-button-link elementor-size-sm\" href=\"mailto:contacto@pettuchic.cl?subject=Solicitud%20de%20cambio%20o%20Devolucion\">\n\t\t\t\t\t\t<span class=\"elementor-button-content-wrapper\">\n\t\t\t\t\t\t\t\t\t<span class=\"elementor-button-text\">Send Ticket<\/span>\n\t\t\t\t\t<\/span>\n\t\t\t\t\t<\/a>\n\t\t\t\t<\/div>\n\t\t\t\t\t\t\t\t<\/div>\n\t\t\t\t<\/div>\n\t\t\t\t\t<\/div>\n\t\t\t\t<\/div>\n\t\t\t\t<\/div>","protected":false},"excerpt":{"rendered":"<p>Politicas de Cambio o Devoluci\u00f3n En nuestra tienda online www.pettuchic.cl, comercializamos indumentaria proveniente de vitrinas de exhibici\u00f3n, campa\u00f1as publicitarias (Urban Street, programas televisivos) y exclusivas colecciones de nicho. Aunque estas prendas se mantienen en su mayor\u00eda intactas, nos regimos por las leyes de nuestro pa\u00eds. Esto significa que son consideradas como ropa usada, y, por [&hellip;]<\/p>\n","protected":false},"author":1,"featured_media":0,"parent":0,"menu_order":0,"comment_status":"closed","ping_status":"closed","template":"","meta":{"_monsterinsights_skip_tracking":false,"_monsterinsights_sitenote_active":false,"_monsterinsights_sitenote_note":"","_monsterinsights_sitenote_category":0,"site-sidebar-layout":"no-sidebar","site-content-layout":"page-builder","ast-site-content-layout":"full-width-container","site-content-style":"default","site-sidebar-style":"default","ast-global-header-display":"","ast-banner-title-visibility":"","ast-main-header-display":"","ast-hfb-above-header-display":"","ast-hfb-below-header-display":"","ast-hfb-mobile-header-display":"","site-post-title":"disabled","ast-breadcrumbs-content":"","ast-featured-img":"disabled","footer-sml-layout":"","ast-disable-related-posts":"","theme-transparent-header-meta":"","adv-header-id-meta":"","stick-header-meta":"","header-above-stick-meta":"","header-main-stick-meta":"","header-below-stick-meta":"","astra-migrate-meta-layouts":"set","ast-page-background-enabled":"default","ast-page-background-meta":{"desktop":{"background-color":"","background-image":"","background-repeat":"repeat","background-position":"center center","background-size":"auto","background-attachment":"scroll","background-type":"","background-media":"","overlay-type":"","overlay-color":"","overlay-opacity":"","overlay-gradient":""},"tablet":{"background-color":"","background-image":"","background-repeat":"repeat","background-position":"center center","background-size":"auto","background-attachment":"scroll","background-type":"","background-media":"","overlay-type":"","overlay-color":"","overlay-opacity":"","overlay-gradient":""},"mobile":{"background-color":"","background-image":"","background-repeat":"repeat","background-position":"center center","background-size":"auto","background-attachment":"scroll","background-type":"","background-media":"","overlay-type":"","overlay-color":"","overlay-opacity":"","overlay-gradient":""}},"ast-content-background-meta":{"desktop":{"background-color":"var(--ast-global-color-5)","background-image":"","background-repeat":"repeat","background-position":"center center","background-size":"auto","background-attachment":"scroll","background-type":"","background-media":"","overlay-type":"","overlay-color":"","overlay-opacity":"","overlay-gradient":""},"tablet":{"background-color":"var(--ast-global-color-5)","background-image":"","background-repeat":"repeat","background-position":"center center","background-size":"auto","background-attachment":"scroll","background-type":"","background-media":"","overlay-type":"","overlay-color":"","overlay-opacity":"","overlay-gradient":""},"mobile":{"background-color":"var(--ast-global-color-5)","background-image":"","background-repeat":"repeat","background-position":"center center","background-size":"auto","background-attachment":"scroll","background-type":"","background-media":"","overlay-type":"","overlay-color":"","overlay-opacity":"","overlay-gradient":""}},"footnotes":""},"class_list":["post-2916","page","type-page","status-publish","hentry"],"yoast_head":"<!-- This site is optimized with the Yoast SEO plugin v27.4 - https:\/\/yoast.com\/product\/yoast-seo-wordpress\/ -->\n<title>Politicas de Cambios - Pettuchic<\/title>\n<meta name=\"description\" content=\"Politicas de Cambio o Devoluci\u00f3n En nuestra tienda online www.pettuchic.cl, comercializamos indumentaria proveniente de vitrinas de exhibici\u00f3n, campa\u00f1as\" \/>\n<meta name=\"robots\" content=\"index, follow, max-snippet:-1, max-image-preview:large, max-video-preview:-1\" \/>\n<link rel=\"canonical\" href=\"https:\/\/pettuchic.cl\/en\/politicas-de-cambios\/\" \/>\n<meta property=\"og:locale\" content=\"en_US\" \/>\n<meta property=\"og:type\" content=\"article\" \/>\n<meta property=\"og:title\" content=\"Politicas de Cambios - Pettuchic\" \/>\n<meta property=\"og:description\" content=\"Politicas de Cambio o Devoluci\u00f3n En nuestra tienda online www.pettuchic.cl, comercializamos indumentaria proveniente de vitrinas de exhibici\u00f3n, campa\u00f1as\" \/>\n<meta property=\"og:url\" content=\"https:\/\/pettuchic.cl\/en\/politicas-de-cambios\/\" \/>\n<meta property=\"og:site_name\" content=\"Pettuchic\" \/>\n<meta property=\"article:publisher\" content=\"https:\/\/web.facebook.com\/Pettuchic\" \/>\n<meta property=\"article:modified_time\" content=\"2026-01-19T22:51:52+00:00\" \/>\n<meta property=\"og:image\" content=\"https:\/\/i0.wp.com\/pettuchic.cl\/wp-content\/uploads\/2025\/05\/Logo-Pettuchic.png?fit=1200%2C675&ssl=1\" \/>\n\t<meta property=\"og:image:width\" content=\"1200\" \/>\n\t<meta property=\"og:image:height\" content=\"675\" \/>\n\t<meta property=\"og:image:type\" content=\"image\/png\" \/>\n<meta name=\"twitter:card\" content=\"summary_large_image\" \/>\n<meta name=\"twitter:label1\" content=\"Est. reading time\" \/>\n\t<meta name=\"twitter:data1\" content=\"2 minutes\" \/>\n<script type=\"application\/ld+json\" class=\"yoast-schema-graph\">{\"@context\":\"https:\\\/\\\/schema.org\",\"@graph\":[{\"@type\":\"WebPage\",\"@id\":\"https:\\\/\\\/pettuchic.cl\\\/politicas-de-cambios\\\/\",\"url\":\"https:\\\/\\\/pettuchic.cl\\\/politicas-de-cambios\\\/\",\"name\":\"Politicas de Cambios - Pettuchic\",\"isPartOf\":{\"@id\":\"https:\\\/\\\/pettuchic.cl\\\/#website\"},\"datePublished\":\"2024-06-14T19:05:47+00:00\",\"dateModified\":\"2026-01-19T22:51:52+00:00\",\"description\":\"Politicas de Cambio o Devoluci\u00f3n En nuestra tienda online www.pettuchic.cl, comercializamos indumentaria proveniente de vitrinas de exhibici\u00f3n, campa\u00f1as\",\"breadcrumb\":{\"@id\":\"https:\\\/\\\/pettuchic.cl\\\/politicas-de-cambios\\\/#breadcrumb\"},\"inLanguage\":\"en-US\",\"potentialAction\":[{\"@type\":\"ReadAction\",\"target\":[\"https:\\\/\\\/pettuchic.cl\\\/politicas-de-cambios\\\/\"]}]},{\"@type\":\"BreadcrumbList\",\"@id\":\"https:\\\/\\\/pettuchic.cl\\\/politicas-de-cambios\\\/#breadcrumb\",\"itemListElement\":[{\"@type\":\"ListItem\",\"position\":1,\"name\":\"Portada\",\"item\":\"https:\\\/\\\/pettuchic.cl\\\/\"},{\"@type\":\"ListItem\",\"position\":2,\"name\":\"Politicas de Cambios\"}]},{\"@type\":\"WebSite\",\"@id\":\"https:\\\/\\\/pettuchic.cl\\\/#website\",\"url\":\"https:\\\/\\\/pettuchic.cl\\\/\",\"name\":\"Pettuchic.cl\",\"description\":\"Gamulanes de Cuero, Chaquetas de cuero,  Abrigos de piel natural y accesorios de piel\",\"publisher\":{\"@id\":\"https:\\\/\\\/pettuchic.cl\\\/#organization\"},\"potentialAction\":[{\"@type\":\"SearchAction\",\"target\":{\"@type\":\"EntryPoint\",\"urlTemplate\":\"https:\\\/\\\/pettuchic.cl\\\/?s={search_term_string}\"},\"query-input\":{\"@type\":\"PropertyValueSpecification\",\"valueRequired\":true,\"valueName\":\"search_term_string\"}}],\"inLanguage\":\"en-US\"},{\"@type\":\"Organization\",\"@id\":\"https:\\\/\\\/pettuchic.cl\\\/#organization\",\"name\":\"Pettuchic Apparel Store\",\"alternateName\":\"Pettuchic\",\"url\":\"https:\\\/\\\/pettuchic.cl\\\/\",\"logo\":{\"@type\":\"ImageObject\",\"inLanguage\":\"en-US\",\"@id\":\"https:\\\/\\\/pettuchic.cl\\\/#\\\/schema\\\/logo\\\/image\\\/\",\"url\":\"https:\\\/\\\/pettuchic.cl\\\/wp-content\\\/uploads\\\/2024\\\/06\\\/pettuchic-logo2.svg\",\"contentUrl\":\"https:\\\/\\\/pettuchic.cl\\\/wp-content\\\/uploads\\\/2024\\\/06\\\/pettuchic-logo2.svg\",\"width\":164,\"height\":205,\"caption\":\"Pettuchic Apparel Store\"},\"image\":{\"@id\":\"https:\\\/\\\/pettuchic.cl\\\/#\\\/schema\\\/logo\\\/image\\\/\"},\"sameAs\":[\"https:\\\/\\\/web.facebook.com\\\/Pettuchic\",\"https:\\\/\\\/www.instagram.com\\\/pettuchic\\\/\",\"https:\\\/\\\/www.threads.com\\\/@pettuchic\"]}]}<\/script>\n<!-- \/ Yoast SEO plugin. -->","yoast_head_json":{"title":"Politicas de Cambios - Pettuchic","description":"Politicas de Cambio o Devoluci\u00f3n En nuestra tienda online www.pettuchic.cl, comercializamos indumentaria proveniente de vitrinas de exhibici\u00f3n, campa\u00f1as","robots":{"index":"index","follow":"follow","max-snippet":"max-snippet:-1","max-image-preview":"max-image-preview:large","max-video-preview":"max-video-preview:-1"},"canonical":"https:\/\/pettuchic.cl\/en\/politicas-de-cambios\/","og_locale":"en_US","og_type":"article","og_title":"Politicas de Cambios - Pettuchic","og_description":"Politicas de Cambio o Devoluci\u00f3n En nuestra tienda online www.pettuchic.cl, comercializamos indumentaria proveniente de vitrinas de exhibici\u00f3n, campa\u00f1as","og_url":"https:\/\/pettuchic.cl\/en\/politicas-de-cambios\/","og_site_name":"Pettuchic","article_publisher":"https:\/\/web.facebook.com\/Pettuchic","article_modified_time":"2026-01-19T22:51:52+00:00","og_image":[{"width":1200,"height":675,"url":"https:\/\/i0.wp.com\/pettuchic.cl\/wp-content\/uploads\/2025\/05\/Logo-Pettuchic.png?fit=1200%2C675&ssl=1","type":"image\/png"}],"twitter_card":"summary_large_image","twitter_misc":{"Est. reading time":"2 minutes"},"schema":{"@context":"https:\/\/schema.org","@graph":[{"@type":"WebPage","@id":"https:\/\/pettuchic.cl\/politicas-de-cambios\/","url":"https:\/\/pettuchic.cl\/politicas-de-cambios\/","name":"Politicas de Cambios - Pettuchic","isPartOf":{"@id":"https:\/\/pettuchic.cl\/#website"},"datePublished":"2024-06-14T19:05:47+00:00","dateModified":"2026-01-19T22:51:52+00:00","description":"Politicas de Cambio o Devoluci\u00f3n En nuestra tienda online www.pettuchic.cl, comercializamos indumentaria proveniente de vitrinas de exhibici\u00f3n, campa\u00f1as","breadcrumb":{"@id":"https:\/\/pettuchic.cl\/politicas-de-cambios\/#breadcrumb"},"inLanguage":"en-US","potentialAction":[{"@type":"ReadAction","target":["https:\/\/pettuchic.cl\/politicas-de-cambios\/"]}]},{"@type":"BreadcrumbList","@id":"https:\/\/pettuchic.cl\/politicas-de-cambios\/#breadcrumb","itemListElement":[{"@type":"ListItem","position":1,"name":"Portada","item":"https:\/\/pettuchic.cl\/"},{"@type":"ListItem","position":2,"name":"Politicas de Cambios"}]},{"@type":"WebSite","@id":"https:\/\/pettuchic.cl\/#website","url":"https:\/\/pettuchic.cl\/","name":"Pettuchic.cl","description":"Gamulanes de Cuero, Chaquetas de cuero,  Abrigos de piel natural y accesorios de piel","publisher":{"@id":"https:\/\/pettuchic.cl\/#organization"},"potentialAction":[{"@type":"SearchAction","target":{"@type":"EntryPoint","urlTemplate":"https:\/\/pettuchic.cl\/?s={search_term_string}"},"query-input":{"@type":"PropertyValueSpecification","valueRequired":true,"valueName":"search_term_string"}}],"inLanguage":"en-US"},{"@type":"Organization","@id":"https:\/\/pettuchic.cl\/#organization","name":"Pettuchic Apparel Store","alternateName":"Pettuchic","url":"https:\/\/pettuchic.cl\/","logo":{"@type":"ImageObject","inLanguage":"en-US","@id":"https:\/\/pettuchic.cl\/#\/schema\/logo\/image\/","url":"https:\/\/pettuchic.cl\/wp-content\/uploads\/2024\/06\/pettuchic-logo2.svg","contentUrl":"https:\/\/pettuchic.cl\/wp-content\/uploads\/2024\/06\/pettuchic-logo2.svg","width":164,"height":205,"caption":"Pettuchic Apparel Store"},"image":{"@id":"https:\/\/pettuchic.cl\/#\/schema\/logo\/image\/"},"sameAs":["https:\/\/web.facebook.com\/Pettuchic","https:\/\/www.instagram.com\/pettuchic\/","https:\/\/www.threads.com\/@pettuchic"]}]}},"jetpack_sharing_enabled":true,"_links":{"self":[{"href":"https:\/\/pettuchic.cl\/en\/wp-json\/wp\/v2\/pages\/2916","targetHints":{"allow":["GET"]}}],"collection":[{"href":"https:\/\/pettuchic.cl\/en\/wp-json\/wp\/v2\/pages"}],"about":[{"href":"https:\/\/pettuchic.cl\/en\/wp-json\/wp\/v2\/types\/page"}],"author":[{"embeddable":true,"href":"https:\/\/pettuchic.cl\/en\/wp-json\/wp\/v2\/users\/1"}],"replies":[{"embeddable":true,"href":"https:\/\/pettuchic.cl\/en\/wp-json\/wp\/v2\/comments?post=2916"}],"version-history":[{"count":31,"href":"https:\/\/pettuchic.cl\/en\/wp-json\/wp\/v2\/pages\/2916\/revisions"}],"predecessor-version":[{"id":8301,"href":"https:\/\/pettuchic.cl\/en\/wp-json\/wp\/v2\/pages\/2916\/revisions\/8301"}],"wp:attachment":[{"href":"https:\/\/pettuchic.cl\/en\/wp-json\/wp\/v2\/media?parent=2916"}],"curies":[{"name":"wp","href":"https:\/\/api.w.org\/{rel}","templated":true}]}}