{"id":2920,"date":"2024-06-14T21:06:28","date_gmt":"2024-06-14T19:06:28","guid":{"rendered":"https:\/\/pettuchic.cl\/?page_id=2920"},"modified":"2025-12-31T12:47:22","modified_gmt":"2025-12-31T15:47:22","slug":"politicas-de-privacidad","status":"publish","type":"page","link":"https:\/\/pettuchic.cl\/en\/politicas-de-privacidad\/","title":{"rendered":"Privacy policies"},"content":{"rendered":"<style>.elementor-2920 .elementor-element.elementor-element-5518ce1{--display:flex;--flex-direction:column;--container-widget-width:100%;--container-widget-height:initial;--container-widget-flex-grow:0;--container-widget-align-self:initial;--flex-wrap-mobile:wrap;}.elementor-widget-heading .elementor-heading-title{font-family:var( --e-global-typography-primary-font-family ), Sans-serif;font-size:var( --e-global-typography-primary-font-size );font-weight:var( --e-global-typography-primary-font-weight );font-style:var( --e-global-typography-primary-font-style );color:var( --e-global-color-primary );}.elementor-2920 .elementor-element.elementor-element-7708f5f{text-align:center;}.elementor-2920 .elementor-element.elementor-element-7708f5f .elementor-heading-title{font-family:\"Urbanist\", Sans-serif;font-size:40px;font-weight:400;font-style:italic;color:#000000;}.elementor-2920 .elementor-element.elementor-element-2872fe1{--display:flex;}.elementor-widget-text-editor{font-family:var( --e-global-typography-text-font-family ), Sans-serif;font-weight:var( --e-global-typography-text-font-weight );color:var( --e-global-color-text );}.elementor-widget-text-editor.elementor-drop-cap-view-stacked .elementor-drop-cap{background-color:var( --e-global-color-primary );}.elementor-widget-text-editor.elementor-drop-cap-view-framed .elementor-drop-cap, .elementor-widget-text-editor.elementor-drop-cap-view-default .elementor-drop-cap{color:var( --e-global-color-primary );border-color:var( --e-global-color-primary );}.elementor-2920 .elementor-element.elementor-element-327a1e9{font-family:var( --e-global-typography-secondary-font-family ), Sans-serif;font-size:var( --e-global-typography-secondary-font-size );font-weight:var( --e-global-typography-secondary-font-weight );font-style:var( --e-global-typography-secondary-font-style );color:#000000;}.elementor-2920 .elementor-element.elementor-element-8cf1d2e{--display:flex;--flex-direction:row;--container-widget-width:initial;--container-widget-height:100%;--container-widget-flex-grow:1;--container-widget-align-self:stretch;--flex-wrap-mobile:wrap;--justify-content:center;}.elementor-widget-button .elementor-button{font-family:var( --e-global-typography-accent-font-family ), Sans-serif;font-weight:var( --e-global-typography-accent-font-weight );background-color:var( --e-global-color-accent );}.elementor-2920 .elementor-element.elementor-element-3acffbd .elementor-button{font-family:var( --e-global-typography-secondary-font-family ), Sans-serif;font-size:var( --e-global-typography-secondary-font-size );font-weight:var( --e-global-typography-secondary-font-weight );font-style:var( --e-global-typography-secondary-font-style );fill:#FFFFFF;color:#FFFFFF;background-color:#000000;border-radius:20px 20px 20px 20px;}.elementor-2920 .elementor-element.elementor-element-3acffbd .elementor-button:hover, .elementor-2920 .elementor-element.elementor-element-3acffbd .elementor-button:focus{color:#000000;background-color:#FFFFFF;}.elementor-2920 .elementor-element.elementor-element-3acffbd .elementor-button:hover svg, .elementor-2920 .elementor-element.elementor-element-3acffbd .elementor-button:focus svg{fill:#000000;}:root{--page-title-display:none;}@media(max-width:1024px){.elementor-widget-heading .elementor-heading-title{font-size:var( --e-global-typography-primary-font-size );}.elementor-2920 .elementor-element.elementor-element-327a1e9{font-size:var( --e-global-typography-secondary-font-size );}.elementor-2920 .elementor-element.elementor-element-3acffbd .elementor-button{font-size:var( --e-global-typography-secondary-font-size );}}@media(max-width:767px){.elementor-widget-heading .elementor-heading-title{font-size:var( --e-global-typography-primary-font-size );}.elementor-2920 .elementor-element.elementor-element-7708f5f{text-align:center;}.elementor-2920 .elementor-element.elementor-element-7708f5f .elementor-heading-title{font-size:35px;}.elementor-2920 .elementor-element.elementor-element-327a1e9{font-size:var( --e-global-typography-secondary-font-size );}.elementor-2920 .elementor-element.elementor-element-3acffbd .elementor-button{font-size:var( --e-global-typography-secondary-font-size );}}<\/style>\t\t<div data-elementor-type=\"wp-page\" data-elementor-id=\"2920\" class=\"elementor elementor-2920\" data-elementor-post-type=\"page\">\n\t\t\t\t<div class=\"elementor-element elementor-element-5518ce1 e-flex e-con-boxed e-con e-parent\" data-id=\"5518ce1\" data-element_type=\"container\" data-e-type=\"container\">\n\t\t\t\t\t<div class=\"e-con-inner\">\n\t\t\t\t<div class=\"elementor-element elementor-element-7708f5f elementor-widget elementor-widget-heading\" data-id=\"7708f5f\" data-element_type=\"widget\" data-e-type=\"widget\" data-widget_type=\"heading.default\">\n\t\t\t\t<div class=\"elementor-widget-container\">\n\t\t\t\t\t<h4 class=\"elementor-heading-title elementor-size-default\">Pol\u00edticas y Condiciones<\/h4>\t\t\t\t<\/div>\n\t\t\t\t<\/div>\n\t\t\t\t\t<\/div>\n\t\t\t\t<\/div>\n\t\t<div class=\"elementor-element elementor-element-2872fe1 e-flex e-con-boxed e-con e-parent\" data-id=\"2872fe1\" data-element_type=\"container\" data-e-type=\"container\">\n\t\t\t\t\t<div class=\"e-con-inner\">\n\t\t\t\t<div class=\"elementor-element elementor-element-327a1e9 elementor-widget elementor-widget-text-editor\" data-id=\"327a1e9\" data-element_type=\"widget\" data-e-type=\"widget\" data-widget_type=\"text-editor.default\">\n\t\t\t\t<div class=\"elementor-widget-container\">\n\t\t\t\t\t\t\t\t\t<p>En Pettuchic, valoramos tu privacidad y estamos comprometidos a proteger tus datos personales. Esta pol\u00edtica de privacidad describe c\u00f3mo recopilamos, usamos y compartimos tu informaci\u00f3n personal cuando visitas nuestro sitio web www.pettuchic.cl y utilizas nuestros servicios.<\/p><h4>Recopilaci\u00f3n de Informaci\u00f3n<\/h4><p>Recopilamos diferentes tipos de informaci\u00f3n personal en varias maneras, incluyendo:<\/p><ul><li><p><strong>Informaci\u00f3n que nos proporcionas:<\/strong> Recopilamos la informaci\u00f3n personal que nos proporcionas directamente cuando completas formularios en nuestro sitio web, realizas una compra, te registras en nuestro bolet\u00edn informativo, o te comunicas con nosotros. Esta informaci\u00f3n puede incluir tu nombre, direcci\u00f3n de correo electr\u00f3nico, direcci\u00f3n de env\u00edo, n\u00famero de tel\u00e9fono y detalles de pago.<\/p><\/li><li><p><strong>Informaci\u00f3n que recopilamos autom\u00e1ticamente:<\/strong> Cuando visitas nuestro sitio web, recopilamos autom\u00e1ticamente cierta informaci\u00f3n sobre tu dispositivo y tu uso de nuestro sitio web. Esta informaci\u00f3n puede incluir tu direcci\u00f3n IP, el tipo de navegador que usas, las p\u00e1ginas web que has visto y las fechas\/horas de tus visitas.<\/p><\/li><\/ul><h4>Uso de la Informaci\u00f3n<\/h4><p>Utilizamos la informaci\u00f3n que recopilamos para varios prop\u00f3sitos, incluyendo:<\/p><ul><li><p><strong>Procesar transacciones:<\/strong> Utilizamos tu informaci\u00f3n personal para procesar y gestionar tus pedidos, y para comunicarnos contigo sobre tu compra.<\/p><\/li><li><p><strong>Mejorar nuestros servicios:<\/strong> Analizamos la informaci\u00f3n recopilada para mejorar la funcionalidad y la calidad de nuestro sitio web y servicios.<\/p><\/li><li><p><strong>Comunicaciones de marketing:<\/strong> Podemos usar tu informaci\u00f3n de contacto para enviarte comunicaciones promocionales y actualizaciones sobre nuestros productos y servicios. Puedes optar por no recibir estas comunicaciones en cualquier momento.<\/p><\/li><\/ul><h4>Compartir Informaci\u00f3n<\/h4><p>No vendemos ni alquilamos tu informaci\u00f3n personal a terceros. Sin embargo, podemos compartir tu informaci\u00f3n con terceros en las siguientes circunstancias:<\/p><ul><li><p><strong>Proveedores de servicios:<\/strong> Compartimos informaci\u00f3n con proveedores de servicios de terceros que nos ayudan a operar nuestro negocio, como empresas de procesamiento de pagos, servicios de env\u00edo y proveedores de marketing.<\/p><\/li><li><p><strong>Cumplimiento legal:<\/strong> Podemos divulgar tu informaci\u00f3n personal si es requerido por la ley o si creemos de buena fe que dicha acci\u00f3n es necesaria para cumplir con una obligaci\u00f3n legal, proteger y defender nuestros derechos o propiedad, o actuar en circunstancias urgentes para proteger la seguridad personal de los usuarios de nuestros servicios o del p\u00fablico.<\/p><\/li><\/ul><h4>Seguridad de la Informaci\u00f3n<\/h4><p>Tomamos medidas de seguridad razonables para proteger tu informaci\u00f3n personal contra el acceso no autorizado, la alteraci\u00f3n, la divulgaci\u00f3n o la destrucci\u00f3n. Sin embargo, ning\u00fan m\u00e9todo de transmisi\u00f3n por Internet o almacenamiento electr\u00f3nico es completamente seguro, por lo que no podemos garantizar su absoluta seguridad.<\/p><h4>Tus Derechos<\/h4><p>Tienes derecho a acceder, corregir, actualizar o eliminar tu informaci\u00f3n personal. Si deseas ejercer estos derechos, por favor, cont\u00e1ctanos a trav\u00e9s de la informaci\u00f3n de contacto proporcionada a continuaci\u00f3n.<\/p><h4>Cambios a esta Pol\u00edtica de Privacidad<\/h4><p>Podemos actualizar esta pol\u00edtica de privacidad peri\u00f3dicamente para reflejar cambios en nuestras pr\u00e1cticas o en las leyes aplicables. Te notificaremos sobre cualquier cambio importante publicando la nueva pol\u00edtica de privacidad en nuestro sitio web y actualizando la fecha de \u00ab\u00daltima actualizaci\u00f3n\u00bb en la parte superior de esta pol\u00edtica.<\/p><h4>Contacto<\/h4><p>Si tienes preguntas o inquietudes sobre esta pol\u00edtica de privacidad o nuestras pr\u00e1cticas de privacidad, por favor cont\u00e1ctanos a: <a href=\"mailto:contacto@pettuchic.cl\">contacto@pettuchic.cl<\/a><\/p>\t\t\t\t\t\t\t\t<\/div>\n\t\t\t\t<\/div>\n\t\t\t\t\t<\/div>\n\t\t\t\t<\/div>\n\t\t<div class=\"elementor-element elementor-element-8cf1d2e e-flex e-con-boxed e-con e-parent\" data-id=\"8cf1d2e\" data-element_type=\"container\" data-e-type=\"container\">\n\t\t\t\t\t<div class=\"e-con-inner\">\n\t\t\t\t<div class=\"elementor-element elementor-element-3acffbd elementor-align-center elementor-widget elementor-widget-button\" data-id=\"3acffbd\" data-element_type=\"widget\" data-e-type=\"widget\" data-widget_type=\"button.default\">\n\t\t\t\t<div class=\"elementor-widget-container\">\n\t\t\t\t\t\t\t\t\t<div class=\"elementor-button-wrapper\">\n\t\t\t\t\t<a class=\"elementor-button elementor-button-link elementor-size-sm\" href=\"https:\/\/pettuchic.cl\/en\/\">\n\t\t\t\t\t\t<span class=\"elementor-button-content-wrapper\">\n\t\t\t\t\t\t\t\t\t<span class=\"elementor-button-text\">Home<\/span>\n\t\t\t\t\t<\/span>\n\t\t\t\t\t<\/a>\n\t\t\t\t<\/div>\n\t\t\t\t\t\t\t\t<\/div>\n\t\t\t\t<\/div>\n\t\t\t\t\t<\/div>\n\t\t\t\t<\/div>\n\t\t\t\t<\/div>","protected":false},"excerpt":{"rendered":"<p>Pol\u00edticas y Condiciones En Pettuchic, valoramos tu privacidad y estamos comprometidos a proteger tus datos personales. Esta pol\u00edtica de privacidad describe c\u00f3mo recopilamos, usamos y compartimos tu informaci\u00f3n personal cuando visitas nuestro sitio web www.pettuchic.cl y utilizas nuestros servicios. Recopilaci\u00f3n de Informaci\u00f3n Recopilamos diferentes tipos de informaci\u00f3n personal en varias maneras, incluyendo: Informaci\u00f3n que nos [&hellip;]<\/p>\n","protected":false},"author":1,"featured_media":0,"parent":0,"menu_order":0,"comment_status":"closed","ping_status":"closed","template":"","meta":{"_monsterinsights_skip_tracking":false,"_monsterinsights_sitenote_active":false,"_monsterinsights_sitenote_note":"","_monsterinsights_sitenote_category":0,"site-sidebar-layout":"no-sidebar","site-content-layout":"page-builder","ast-site-content-layout":"full-width-container","site-content-style":"default","site-sidebar-style":"default","ast-global-header-display":"","ast-banner-title-visibility":"","ast-main-header-display":"","ast-hfb-above-header-display":"","ast-hfb-below-header-display":"","ast-hfb-mobile-header-display":"","site-post-title":"disabled","ast-breadcrumbs-content":"","ast-featured-img":"disabled","footer-sml-layout":"","ast-disable-related-posts":"","theme-transparent-header-meta":"","adv-header-id-meta":"","stick-header-meta":"","header-above-stick-meta":"","header-main-stick-meta":"","header-below-stick-meta":"","astra-migrate-meta-layouts":"set","ast-page-background-enabled":"default","ast-page-background-meta":{"desktop":{"background-color":"","background-image":"","background-repeat":"repeat","background-position":"center center","background-size":"auto","background-attachment":"scroll","background-type":"","background-media":"","overlay-type":"","overlay-color":"","overlay-opacity":"","overlay-gradient":""},"tablet":{"background-color":"","background-image":"","background-repeat":"repeat","background-position":"center center","background-size":"auto","background-attachment":"scroll","background-type":"","background-media":"","overlay-type":"","overlay-color":"","overlay-opacity":"","overlay-gradient":""},"mobile":{"background-color":"","background-image":"","background-repeat":"repeat","background-position":"center center","background-size":"auto","background-attachment":"scroll","background-type":"","background-media":"","overlay-type":"","overlay-color":"","overlay-opacity":"","overlay-gradient":""}},"ast-content-background-meta":{"desktop":{"background-color":"var(--ast-global-color-5)","background-image":"","background-repeat":"repeat","background-position":"center center","background-size":"auto","background-attachment":"scroll","background-type":"","background-media":"","overlay-type":"","overlay-color":"","overlay-opacity":"","overlay-gradient":""},"tablet":{"background-color":"var(--ast-global-color-5)","background-image":"","background-repeat":"repeat","background-position":"center center","background-size":"auto","background-attachment":"scroll","background-type":"","background-media":"","overlay-type":"","overlay-color":"","overlay-opacity":"","overlay-gradient":""},"mobile":{"background-color":"var(--ast-global-color-5)","background-image":"","background-repeat":"repeat","background-position":"center center","background-size":"auto","background-attachment":"scroll","background-type":"","background-media":"","overlay-type":"","overlay-color":"","overlay-opacity":"","overlay-gradient":""}},"footnotes":""},"class_list":["post-2920","page","type-page","status-publish","hentry"],"yoast_head":"<!-- This site is optimized with the Yoast SEO plugin v27.4 - https:\/\/yoast.com\/product\/yoast-seo-wordpress\/ -->\n<title>Pol\u00edticas de Privacidad - Pettuchic<\/title>\n<meta name=\"description\" content=\"Pol\u00edticas y Condiciones En Pettuchic, valoramos tu privacidad y estamos comprometidos a proteger tus datos personales. Esta pol\u00edtica de privacidad\" \/>\n<meta name=\"robots\" content=\"index, follow, max-snippet:-1, max-image-preview:large, max-video-preview:-1\" \/>\n<link rel=\"canonical\" href=\"https:\/\/pettuchic.cl\/en\/politicas-de-privacidad\/\" \/>\n<meta property=\"og:locale\" content=\"en_US\" \/>\n<meta property=\"og:type\" content=\"article\" \/>\n<meta property=\"og:title\" content=\"Pol\u00edticas de Privacidad - Pettuchic\" \/>\n<meta property=\"og:description\" content=\"Pol\u00edticas y Condiciones En Pettuchic, valoramos tu privacidad y estamos comprometidos a proteger tus datos personales. Esta pol\u00edtica de privacidad\" \/>\n<meta property=\"og:url\" content=\"https:\/\/pettuchic.cl\/en\/politicas-de-privacidad\/\" \/>\n<meta property=\"og:site_name\" content=\"Pettuchic\" \/>\n<meta property=\"article:publisher\" content=\"https:\/\/web.facebook.com\/Pettuchic\" \/>\n<meta property=\"article:modified_time\" content=\"2025-12-31T15:47:22+00:00\" \/>\n<meta property=\"og:image\" content=\"https:\/\/i0.wp.com\/pettuchic.cl\/wp-content\/uploads\/2025\/05\/Logo-Pettuchic.png?fit=1200%2C675&ssl=1\" \/>\n\t<meta property=\"og:image:width\" content=\"1200\" \/>\n\t<meta property=\"og:image:height\" content=\"675\" \/>\n\t<meta property=\"og:image:type\" content=\"image\/png\" \/>\n<meta name=\"twitter:card\" content=\"summary_large_image\" \/>\n<meta name=\"twitter:label1\" content=\"Est. reading time\" \/>\n\t<meta name=\"twitter:data1\" content=\"3 minutes\" \/>\n<script type=\"application\/ld+json\" class=\"yoast-schema-graph\">{\"@context\":\"https:\\\/\\\/schema.org\",\"@graph\":[{\"@type\":\"WebPage\",\"@id\":\"https:\\\/\\\/pettuchic.cl\\\/politicas-de-privacidad\\\/\",\"url\":\"https:\\\/\\\/pettuchic.cl\\\/politicas-de-privacidad\\\/\",\"name\":\"Pol\u00edticas de Privacidad - Pettuchic\",\"isPartOf\":{\"@id\":\"https:\\\/\\\/pettuchic.cl\\\/#website\"},\"datePublished\":\"2024-06-14T19:06:28+00:00\",\"dateModified\":\"2025-12-31T15:47:22+00:00\",\"description\":\"Pol\u00edticas y Condiciones En Pettuchic, valoramos tu privacidad y estamos comprometidos a proteger tus datos personales. Esta pol\u00edtica de privacidad\",\"breadcrumb\":{\"@id\":\"https:\\\/\\\/pettuchic.cl\\\/politicas-de-privacidad\\\/#breadcrumb\"},\"inLanguage\":\"en-US\",\"potentialAction\":[{\"@type\":\"ReadAction\",\"target\":[\"https:\\\/\\\/pettuchic.cl\\\/politicas-de-privacidad\\\/\"]}]},{\"@type\":\"BreadcrumbList\",\"@id\":\"https:\\\/\\\/pettuchic.cl\\\/politicas-de-privacidad\\\/#breadcrumb\",\"itemListElement\":[{\"@type\":\"ListItem\",\"position\":1,\"name\":\"Portada\",\"item\":\"https:\\\/\\\/pettuchic.cl\\\/\"},{\"@type\":\"ListItem\",\"position\":2,\"name\":\"Pol\u00edticas de Privacidad\"}]},{\"@type\":\"WebSite\",\"@id\":\"https:\\\/\\\/pettuchic.cl\\\/#website\",\"url\":\"https:\\\/\\\/pettuchic.cl\\\/\",\"name\":\"Pettuchic.cl\",\"description\":\"Gamulanes de Cuero, Chaquetas de cuero,  Abrigos de piel natural y accesorios de piel\",\"publisher\":{\"@id\":\"https:\\\/\\\/pettuchic.cl\\\/#organization\"},\"potentialAction\":[{\"@type\":\"SearchAction\",\"target\":{\"@type\":\"EntryPoint\",\"urlTemplate\":\"https:\\\/\\\/pettuchic.cl\\\/?s={search_term_string}\"},\"query-input\":{\"@type\":\"PropertyValueSpecification\",\"valueRequired\":true,\"valueName\":\"search_term_string\"}}],\"inLanguage\":\"en-US\"},{\"@type\":\"Organization\",\"@id\":\"https:\\\/\\\/pettuchic.cl\\\/#organization\",\"name\":\"Pettuchic Apparel Store\",\"alternateName\":\"Pettuchic\",\"url\":\"https:\\\/\\\/pettuchic.cl\\\/\",\"logo\":{\"@type\":\"ImageObject\",\"inLanguage\":\"en-US\",\"@id\":\"https:\\\/\\\/pettuchic.cl\\\/#\\\/schema\\\/logo\\\/image\\\/\",\"url\":\"https:\\\/\\\/pettuchic.cl\\\/wp-content\\\/uploads\\\/2024\\\/06\\\/pettuchic-logo2.svg\",\"contentUrl\":\"https:\\\/\\\/pettuchic.cl\\\/wp-content\\\/uploads\\\/2024\\\/06\\\/pettuchic-logo2.svg\",\"width\":164,\"height\":205,\"caption\":\"Pettuchic Apparel Store\"},\"image\":{\"@id\":\"https:\\\/\\\/pettuchic.cl\\\/#\\\/schema\\\/logo\\\/image\\\/\"},\"sameAs\":[\"https:\\\/\\\/web.facebook.com\\\/Pettuchic\",\"https:\\\/\\\/www.instagram.com\\\/pettuchic\\\/\",\"https:\\\/\\\/www.threads.com\\\/@pettuchic\"]}]}<\/script>\n<!-- \/ Yoast SEO plugin. -->","yoast_head_json":{"title":"Pol\u00edticas de Privacidad - Pettuchic","description":"Pol\u00edticas y Condiciones En Pettuchic, valoramos tu privacidad y estamos comprometidos a proteger tus datos personales. Esta pol\u00edtica de privacidad","robots":{"index":"index","follow":"follow","max-snippet":"max-snippet:-1","max-image-preview":"max-image-preview:large","max-video-preview":"max-video-preview:-1"},"canonical":"https:\/\/pettuchic.cl\/en\/politicas-de-privacidad\/","og_locale":"en_US","og_type":"article","og_title":"Pol\u00edticas de Privacidad - Pettuchic","og_description":"Pol\u00edticas y Condiciones En Pettuchic, valoramos tu privacidad y estamos comprometidos a proteger tus datos personales. Esta pol\u00edtica de privacidad","og_url":"https:\/\/pettuchic.cl\/en\/politicas-de-privacidad\/","og_site_name":"Pettuchic","article_publisher":"https:\/\/web.facebook.com\/Pettuchic","article_modified_time":"2025-12-31T15:47:22+00:00","og_image":[{"width":1200,"height":675,"url":"https:\/\/i0.wp.com\/pettuchic.cl\/wp-content\/uploads\/2025\/05\/Logo-Pettuchic.png?fit=1200%2C675&ssl=1","type":"image\/png"}],"twitter_card":"summary_large_image","twitter_misc":{"Est. reading time":"3 minutes"},"schema":{"@context":"https:\/\/schema.org","@graph":[{"@type":"WebPage","@id":"https:\/\/pettuchic.cl\/politicas-de-privacidad\/","url":"https:\/\/pettuchic.cl\/politicas-de-privacidad\/","name":"Pol\u00edticas de Privacidad - Pettuchic","isPartOf":{"@id":"https:\/\/pettuchic.cl\/#website"},"datePublished":"2024-06-14T19:06:28+00:00","dateModified":"2025-12-31T15:47:22+00:00","description":"Pol\u00edticas y Condiciones En Pettuchic, valoramos tu privacidad y estamos comprometidos a proteger tus datos personales. Esta pol\u00edtica de privacidad","breadcrumb":{"@id":"https:\/\/pettuchic.cl\/politicas-de-privacidad\/#breadcrumb"},"inLanguage":"en-US","potentialAction":[{"@type":"ReadAction","target":["https:\/\/pettuchic.cl\/politicas-de-privacidad\/"]}]},{"@type":"BreadcrumbList","@id":"https:\/\/pettuchic.cl\/politicas-de-privacidad\/#breadcrumb","itemListElement":[{"@type":"ListItem","position":1,"name":"Portada","item":"https:\/\/pettuchic.cl\/"},{"@type":"ListItem","position":2,"name":"Pol\u00edticas de Privacidad"}]},{"@type":"WebSite","@id":"https:\/\/pettuchic.cl\/#website","url":"https:\/\/pettuchic.cl\/","name":"Pettuchic.cl","description":"Gamulanes de Cuero, Chaquetas de cuero,  Abrigos de piel natural y accesorios de piel","publisher":{"@id":"https:\/\/pettuchic.cl\/#organization"},"potentialAction":[{"@type":"SearchAction","target":{"@type":"EntryPoint","urlTemplate":"https:\/\/pettuchic.cl\/?s={search_term_string}"},"query-input":{"@type":"PropertyValueSpecification","valueRequired":true,"valueName":"search_term_string"}}],"inLanguage":"en-US"},{"@type":"Organization","@id":"https:\/\/pettuchic.cl\/#organization","name":"Pettuchic Apparel Store","alternateName":"Pettuchic","url":"https:\/\/pettuchic.cl\/","logo":{"@type":"ImageObject","inLanguage":"en-US","@id":"https:\/\/pettuchic.cl\/#\/schema\/logo\/image\/","url":"https:\/\/pettuchic.cl\/wp-content\/uploads\/2024\/06\/pettuchic-logo2.svg","contentUrl":"https:\/\/pettuchic.cl\/wp-content\/uploads\/2024\/06\/pettuchic-logo2.svg","width":164,"height":205,"caption":"Pettuchic Apparel Store"},"image":{"@id":"https:\/\/pettuchic.cl\/#\/schema\/logo\/image\/"},"sameAs":["https:\/\/web.facebook.com\/Pettuchic","https:\/\/www.instagram.com\/pettuchic\/","https:\/\/www.threads.com\/@pettuchic"]}]}},"jetpack_sharing_enabled":true,"_links":{"self":[{"href":"https:\/\/pettuchic.cl\/en\/wp-json\/wp\/v2\/pages\/2920","targetHints":{"allow":["GET"]}}],"collection":[{"href":"https:\/\/pettuchic.cl\/en\/wp-json\/wp\/v2\/pages"}],"about":[{"href":"https:\/\/pettuchic.cl\/en\/wp-json\/wp\/v2\/types\/page"}],"author":[{"embeddable":true,"href":"https:\/\/pettuchic.cl\/en\/wp-json\/wp\/v2\/users\/1"}],"replies":[{"embeddable":true,"href":"https:\/\/pettuchic.cl\/en\/wp-json\/wp\/v2\/comments?post=2920"}],"version-history":[{"count":28,"href":"https:\/\/pettuchic.cl\/en\/wp-json\/wp\/v2\/pages\/2920\/revisions"}],"predecessor-version":[{"id":8035,"href":"https:\/\/pettuchic.cl\/en\/wp-json\/wp\/v2\/pages\/2920\/revisions\/8035"}],"wp:attachment":[{"href":"https:\/\/pettuchic.cl\/en\/wp-json\/wp\/v2\/media?parent=2920"}],"curies":[{"name":"wp","href":"https:\/\/api.w.org\/{rel}","templated":true}]}}