{"id":2922,"date":"2024-06-14T21:06:51","date_gmt":"2024-06-14T19:06:51","guid":{"rendered":"https:\/\/pettuchic.cl\/?page_id=2922"},"modified":"2025-12-31T12:44:56","modified_gmt":"2025-12-31T15:44:56","slug":"terminos-y-condiciones","status":"publish","type":"page","link":"https:\/\/pettuchic.cl\/en\/terminos-y-condiciones\/","title":{"rendered":"Terms and conditions"},"content":{"rendered":"<style>.elementor-2922 .elementor-element.elementor-element-171d409{--display:flex;}.elementor-widget-heading .elementor-heading-title{font-family:var( --e-global-typography-primary-font-family ), Sans-serif;font-size:var( --e-global-typography-primary-font-size );font-weight:var( --e-global-typography-primary-font-weight );font-style:var( --e-global-typography-primary-font-style );color:var( --e-global-color-primary );}.elementor-2922 .elementor-element.elementor-element-b774858{text-align:center;}.elementor-2922 .elementor-element.elementor-element-b774858 .elementor-heading-title{font-family:\"Urbanist\", Sans-serif;font-size:40px;font-weight:400;font-style:italic;color:#000000;}.elementor-widget-text-editor{font-family:var( --e-global-typography-text-font-family ), Sans-serif;font-weight:var( --e-global-typography-text-font-weight );color:var( --e-global-color-text );}.elementor-widget-text-editor.elementor-drop-cap-view-stacked .elementor-drop-cap{background-color:var( --e-global-color-primary );}.elementor-widget-text-editor.elementor-drop-cap-view-framed .elementor-drop-cap, .elementor-widget-text-editor.elementor-drop-cap-view-default .elementor-drop-cap{color:var( --e-global-color-primary );border-color:var( --e-global-color-primary );}.elementor-2922 .elementor-element.elementor-element-61a8b27{font-family:var( --e-global-typography-secondary-font-family ), Sans-serif;font-size:var( --e-global-typography-secondary-font-size );font-weight:var( --e-global-typography-secondary-font-weight );font-style:var( --e-global-typography-secondary-font-style );color:#000000;}.elementor-2922 .elementor-element.elementor-element-a0531d7{--display:flex;--flex-direction:row;--container-widget-width:initial;--container-widget-height:100%;--container-widget-flex-grow:1;--container-widget-align-self:stretch;--flex-wrap-mobile:wrap;--justify-content:center;}.elementor-widget-button .elementor-button{font-family:var( --e-global-typography-accent-font-family ), Sans-serif;font-weight:var( --e-global-typography-accent-font-weight );background-color:var( --e-global-color-accent );}.elementor-2922 .elementor-element.elementor-element-68399b3 .elementor-button{font-family:var( --e-global-typography-secondary-font-family ), Sans-serif;font-size:var( --e-global-typography-secondary-font-size );font-weight:var( --e-global-typography-secondary-font-weight );font-style:var( --e-global-typography-secondary-font-style );fill:#FFFFFF;color:#FFFFFF;background-color:#000000;border-radius:20px 20px 20px 20px;}.elementor-2922 .elementor-element.elementor-element-68399b3 .elementor-button:hover, .elementor-2922 .elementor-element.elementor-element-68399b3 .elementor-button:focus{color:#000000;background-color:#FFFFFF;}.elementor-2922 .elementor-element.elementor-element-68399b3 .elementor-button:hover svg, .elementor-2922 .elementor-element.elementor-element-68399b3 .elementor-button:focus svg{fill:#000000;}:root{--page-title-display:none;}@media(max-width:1024px){.elementor-widget-heading .elementor-heading-title{font-size:var( --e-global-typography-primary-font-size );}.elementor-2922 .elementor-element.elementor-element-61a8b27{font-size:var( --e-global-typography-secondary-font-size );}.elementor-2922 .elementor-element.elementor-element-68399b3 .elementor-button{font-size:var( --e-global-typography-secondary-font-size );}}@media(max-width:767px){.elementor-widget-heading .elementor-heading-title{font-size:var( --e-global-typography-primary-font-size );}.elementor-2922 .elementor-element.elementor-element-b774858{text-align:center;}.elementor-2922 .elementor-element.elementor-element-b774858 .elementor-heading-title{font-size:35px;}.elementor-2922 .elementor-element.elementor-element-61a8b27{font-size:var( --e-global-typography-secondary-font-size );}.elementor-2922 .elementor-element.elementor-element-68399b3 .elementor-button{font-size:var( --e-global-typography-secondary-font-size );}}<\/style>\t\t<div data-elementor-type=\"wp-page\" data-elementor-id=\"2922\" class=\"elementor elementor-2922\" data-elementor-post-type=\"page\">\n\t\t\t\t<div class=\"elementor-element elementor-element-171d409 e-flex e-con-boxed e-con e-parent\" data-id=\"171d409\" data-element_type=\"container\" data-e-type=\"container\">\n\t\t\t\t\t<div class=\"e-con-inner\">\n\t\t\t\t<div class=\"elementor-element elementor-element-b774858 elementor-widget elementor-widget-heading\" data-id=\"b774858\" data-element_type=\"widget\" data-e-type=\"widget\" data-widget_type=\"heading.default\">\n\t\t\t\t<div class=\"elementor-widget-container\">\n\t\t\t\t\t<h2 class=\"elementor-heading-title elementor-size-default\">T\u00e9rminos y Condiciones<\/h2>\t\t\t\t<\/div>\n\t\t\t\t<\/div>\n\t\t\t\t<div class=\"elementor-element elementor-element-61a8b27 elementor-widget elementor-widget-text-editor\" data-id=\"61a8b27\" data-element_type=\"widget\" data-e-type=\"widget\" data-widget_type=\"text-editor.default\">\n\t\t\t\t<div class=\"elementor-widget-container\">\n\t\t\t\t\t\t\t\t\t<h3>1. Introducci\u00f3n<\/h3><p>Bienvenido a Pettuchic, un sitio web dedicado a la venta de indumentaria de cuero. Estos T\u00e9rminos y Condiciones regulan el uso de nuestro sitio web y la compra de nuestros productos. Al acceder a nuestro sitio web y realizar una compra, aceptas estos t\u00e9rminos en su totalidad. Si no est\u00e1s de acuerdo con estos t\u00e9rminos, por favor, no utilices nuestro sitio web.<\/p><h3>2. Informaci\u00f3n del Usuario<\/h3><p>Al registrarte en nuestro sitio, te comprometes a proporcionar informaci\u00f3n veraz, precisa, actual y completa sobre ti seg\u00fan lo soliciten nuestros formularios de registro. Tambi\u00e9n te comprometes a mantener y actualizar r\u00e1pidamente dicha informaci\u00f3n para mantenerla veraz, precisa, actual y completa.<\/p><h3>3. Uso del Sitio<\/h3><p>Te concedemos una licencia limitada para acceder y hacer un uso personal del sitio. Esto no incluye la reventa o uso comercial del sitio o sus contenidos, la recopilaci\u00f3n y uso de listas de productos, descripciones o precios, cualquier uso derivado de este sitio o su contenido, o cualquier uso de miner\u00eda de datos, robots o herramientas similares de recopilaci\u00f3n y extracci\u00f3n de datos.<\/p><h3>4. Productos y Precios<\/h3><p>Nos esforzamos por describir y mostrar los productos con la mayor precisi\u00f3n posible. Sin embargo, no garantizamos que las descripciones de los productos, los precios u otro contenido del sitio sean precisos, completos, fiables, actuales o libres de errores. Nos reservamos el derecho de corregir cualquier error, inexactitud u omisi\u00f3n y de cambiar o actualizar la informaci\u00f3n en cualquier momento sin previo aviso.<\/p><h3>5. Pedidos<\/h3><p>Nos reservamos el derecho de rechazar cualquier pedido que realices con nosotros. Podemos, a nuestra discreci\u00f3n, limitar o cancelar las cantidades compradas por persona, por hogar o por pedido. Estas restricciones pueden incluir pedidos realizados por o bajo la misma cuenta de cliente, la misma tarjeta de cr\u00e9dito y\/o pedidos que utilizan la misma facturaci\u00f3n y\/o direcci\u00f3n de env\u00edo. En caso de que hagamos un cambio o cancelemos un pedido, intentaremos notificarte poni\u00e9ndonos en contacto a trav\u00e9s del correo electr\u00f3nico y\/o la direcci\u00f3n de facturaci\u00f3n\/n\u00famero de tel\u00e9fono proporcionado en el momento en que se realiz\u00f3 el pedido.<\/p><h3>6. Pagos<\/h3><p>Aceptamos las principales tarjetas de cr\u00e9dito, PayPal y otros m\u00e9todos de pago indicados en el sitio. Al proporcionar una tarjeta de cr\u00e9dito u otro m\u00e9todo de pago aceptado por nosotros, declaras y garantizas que est\u00e1s autorizado a utilizar el m\u00e9todo de pago designado y que nos autorizas (o a nuestro procesador de pagos) a cargar en tu m\u00e9todo de pago el importe total de tu compra (incluidos los impuestos y otros cargos aplicables).<\/p><h3>7. Env\u00edos y Devoluciones<\/h3><h4>7.1 Env\u00edos<\/h4><p>Realizamos env\u00edos a todo Chile. Los tiempos de env\u00edo var\u00edan seg\u00fan la ubicaci\u00f3n del cliente y la disponibilidad del producto. No somos responsables de los retrasos en los env\u00edos causados por eventos fuera de nuestro control.<\/p><h4>7.2 Devoluciones<\/h4><p>Aceptamos devoluciones de productos dentro de los 2 d\u00edas posteriores a la entrega, siempre que el producto est\u00e9 en su estado original y sin uso. Para iniciar una devoluci\u00f3n, por favor contacta a nuestro equipo de atenci\u00f3n al cliente en contacto@pettuchic.cl. Siempre manteniendo en consideraci\u00f3n que todo el proceso esta sujeto a t\u00e9rminos y condiciones, para m\u00e1s informaci\u00f3n revisa las pol\u00edticas de cambios o devoluci\u00f3n.<\/p><h3>8. Propiedad Intelectual<\/h3><p>Todo el contenido incluido en este sitio, como texto, gr\u00e1ficos, logotipos, im\u00e1genes, clips de audio, descargas digitales y compilaciones de datos, es propiedad de Pettuchic o de sus proveedores de contenido y est\u00e1 protegido por las leyes de derechos de autor.<\/p><h3>9. Limitaci\u00f3n de Responsabilidad<\/h3><p>En la m\u00e1xima medida permitida por la ley aplicable, Pettuchic no ser\u00e1 responsable de ning\u00fan da\u00f1o indirecto, incidental, especial, consecuente o punitivo, incluidos, entre otros, la p\u00e9rdida de beneficios, datos, uso, buena voluntad u otras p\u00e9rdidas intangibles, que resulten de (i) tu uso o tu incapacidad para usar el sitio; (ii) cualquier cambio hecho al sitio o cualquier cese temporal o permanente en la prestaci\u00f3n de servicios; (iii) el acceso no autorizado o la alteraci\u00f3n de tus transmisiones o datos.<\/p><h3>10. Modificaciones a los T\u00e9rminos y Condiciones<\/h3><p>Nos reservamos el derecho, a nuestra discreci\u00f3n, de cambiar, modificar, a\u00f1adir o eliminar partes de estos T\u00e9rminos y Condiciones en cualquier momento. Es tu responsabilidad revisar estos T\u00e9rminos y Condiciones peri\u00f3dicamente para estar al tanto de las actualizaciones.<\/p><h3>11. Ley Aplicable<\/h3><p>Estos T\u00e9rminos y Condiciones se regir\u00e1n e interpretar\u00e1n de acuerdo con las leyes de Chile, sin dar efecto a ninguna disposici\u00f3n o regla de elecci\u00f3n o conflicto de leyes.<\/p><h3>12. Contacto<\/h3><p>Si tienes alguna pregunta sobre estos T\u00e9rminos y Condiciones, por favor cont\u00e1ctanos en Contacto@pettuchic.cl.<\/p>\t\t\t\t\t\t\t\t<\/div>\n\t\t\t\t<\/div>\n\t\t\t\t\t<\/div>\n\t\t\t\t<\/div>\n\t\t<div class=\"elementor-element elementor-element-a0531d7 e-flex e-con-boxed e-con e-parent\" data-id=\"a0531d7\" data-element_type=\"container\" data-e-type=\"container\">\n\t\t\t\t\t<div class=\"e-con-inner\">\n\t\t\t\t<div class=\"elementor-element elementor-element-68399b3 elementor-align-center elementor-widget elementor-widget-button\" data-id=\"68399b3\" data-element_type=\"widget\" data-e-type=\"widget\" data-widget_type=\"button.default\">\n\t\t\t\t<div class=\"elementor-widget-container\">\n\t\t\t\t\t\t\t\t\t<div class=\"elementor-button-wrapper\">\n\t\t\t\t\t<a class=\"elementor-button elementor-button-link elementor-size-sm\" href=\"https:\/\/pettuchic.cl\/en\/\">\n\t\t\t\t\t\t<span class=\"elementor-button-content-wrapper\">\n\t\t\t\t\t\t\t\t\t<span class=\"elementor-button-text\">Home<\/span>\n\t\t\t\t\t<\/span>\n\t\t\t\t\t<\/a>\n\t\t\t\t<\/div>\n\t\t\t\t\t\t\t\t<\/div>\n\t\t\t\t<\/div>\n\t\t\t\t\t<\/div>\n\t\t\t\t<\/div>\n\t\t\t\t<\/div>","protected":false},"excerpt":{"rendered":"<p>T\u00e9rminos y Condiciones 1. Introducci\u00f3n Bienvenido a Pettuchic, un sitio web dedicado a la venta de indumentaria de cuero. Estos T\u00e9rminos y Condiciones regulan el uso de nuestro sitio web y la compra de nuestros productos. Al acceder a nuestro sitio web y realizar una compra, aceptas estos t\u00e9rminos en su totalidad. Si no est\u00e1s [&hellip;]<\/p>\n","protected":false},"author":1,"featured_media":0,"parent":0,"menu_order":0,"comment_status":"closed","ping_status":"closed","template":"","meta":{"_monsterinsights_skip_tracking":false,"_monsterinsights_sitenote_active":false,"_monsterinsights_sitenote_note":"","_monsterinsights_sitenote_category":0,"site-sidebar-layout":"no-sidebar","site-content-layout":"page-builder","ast-site-content-layout":"full-width-container","site-content-style":"default","site-sidebar-style":"default","ast-global-header-display":"","ast-banner-title-visibility":"","ast-main-header-display":"","ast-hfb-above-header-display":"","ast-hfb-below-header-display":"","ast-hfb-mobile-header-display":"","site-post-title":"disabled","ast-breadcrumbs-content":"","ast-featured-img":"disabled","footer-sml-layout":"","ast-disable-related-posts":"","theme-transparent-header-meta":"","adv-header-id-meta":"","stick-header-meta":"","header-above-stick-meta":"","header-main-stick-meta":"","header-below-stick-meta":"","astra-migrate-meta-layouts":"set","ast-page-background-enabled":"default","ast-page-background-meta":{"desktop":{"background-color":"","background-image":"","background-repeat":"repeat","background-position":"center center","background-size":"auto","background-attachment":"scroll","background-type":"","background-media":"","overlay-type":"","overlay-color":"","overlay-opacity":"","overlay-gradient":""},"tablet":{"background-color":"","background-image":"","background-repeat":"repeat","background-position":"center center","background-size":"auto","background-attachment":"scroll","background-type":"","background-media":"","overlay-type":"","overlay-color":"","overlay-opacity":"","overlay-gradient":""},"mobile":{"background-color":"","background-image":"","background-repeat":"repeat","background-position":"center center","background-size":"auto","background-attachment":"scroll","background-type":"","background-media":"","overlay-type":"","overlay-color":"","overlay-opacity":"","overlay-gradient":""}},"ast-content-background-meta":{"desktop":{"background-color":"var(--ast-global-color-5)","background-image":"","background-repeat":"repeat","background-position":"center center","background-size":"auto","background-attachment":"scroll","background-type":"","background-media":"","overlay-type":"","overlay-color":"","overlay-opacity":"","overlay-gradient":""},"tablet":{"background-color":"var(--ast-global-color-5)","background-image":"","background-repeat":"repeat","background-position":"center center","background-size":"auto","background-attachment":"scroll","background-type":"","background-media":"","overlay-type":"","overlay-color":"","overlay-opacity":"","overlay-gradient":""},"mobile":{"background-color":"var(--ast-global-color-5)","background-image":"","background-repeat":"repeat","background-position":"center center","background-size":"auto","background-attachment":"scroll","background-type":"","background-media":"","overlay-type":"","overlay-color":"","overlay-opacity":"","overlay-gradient":""}},"footnotes":""},"class_list":["post-2922","page","type-page","status-publish","hentry"],"yoast_head":"<!-- This site is optimized with the Yoast SEO plugin v27.4 - https:\/\/yoast.com\/product\/yoast-seo-wordpress\/ -->\n<title>Terminos y Condiciones -<\/title>\n<meta name=\"description\" content=\"T\u00e9rminos y Condiciones 1. Introducci\u00f3nBienvenido a Pettuchic, un sitio web dedicado a la venta de indumentaria de cuero. Estos T\u00e9rminos y Condiciones\" \/>\n<meta name=\"robots\" content=\"index, follow, max-snippet:-1, max-image-preview:large, max-video-preview:-1\" \/>\n<link rel=\"canonical\" href=\"https:\/\/pettuchic.cl\/en\/terminos-y-condiciones\/\" \/>\n<meta property=\"og:locale\" content=\"en_US\" \/>\n<meta property=\"og:type\" content=\"article\" \/>\n<meta property=\"og:title\" content=\"Terminos y Condiciones -\" \/>\n<meta property=\"og:description\" content=\"T\u00e9rminos y Condiciones 1. Introducci\u00f3nBienvenido a Pettuchic, un sitio web dedicado a la venta de indumentaria de cuero. Estos T\u00e9rminos y Condiciones\" \/>\n<meta property=\"og:url\" content=\"https:\/\/pettuchic.cl\/en\/terminos-y-condiciones\/\" \/>\n<meta property=\"og:site_name\" content=\"Pettuchic\" \/>\n<meta property=\"article:publisher\" content=\"https:\/\/web.facebook.com\/Pettuchic\" \/>\n<meta property=\"article:modified_time\" content=\"2025-12-31T15:44:56+00:00\" \/>\n<meta property=\"og:image\" content=\"https:\/\/i0.wp.com\/pettuchic.cl\/wp-content\/uploads\/2025\/05\/Logo-Pettuchic.png?fit=1200%2C675&ssl=1\" \/>\n\t<meta property=\"og:image:width\" content=\"1200\" \/>\n\t<meta property=\"og:image:height\" content=\"675\" \/>\n\t<meta property=\"og:image:type\" content=\"image\/png\" \/>\n<meta name=\"twitter:card\" content=\"summary_large_image\" \/>\n<meta name=\"twitter:label1\" content=\"Est. reading time\" \/>\n\t<meta name=\"twitter:data1\" content=\"4 minutes\" \/>\n<script type=\"application\/ld+json\" class=\"yoast-schema-graph\">{\"@context\":\"https:\\\/\\\/schema.org\",\"@graph\":[{\"@type\":\"WebPage\",\"@id\":\"https:\\\/\\\/pettuchic.cl\\\/terminos-y-condiciones\\\/\",\"url\":\"https:\\\/\\\/pettuchic.cl\\\/terminos-y-condiciones\\\/\",\"name\":\"Terminos y Condiciones -\",\"isPartOf\":{\"@id\":\"https:\\\/\\\/pettuchic.cl\\\/#website\"},\"datePublished\":\"2024-06-14T19:06:51+00:00\",\"dateModified\":\"2025-12-31T15:44:56+00:00\",\"description\":\"T\u00e9rminos y Condiciones 1. Introducci\u00f3nBienvenido a Pettuchic, un sitio web dedicado a la venta de indumentaria de cuero. Estos T\u00e9rminos y Condiciones\",\"breadcrumb\":{\"@id\":\"https:\\\/\\\/pettuchic.cl\\\/terminos-y-condiciones\\\/#breadcrumb\"},\"inLanguage\":\"en-US\",\"potentialAction\":[{\"@type\":\"ReadAction\",\"target\":[\"https:\\\/\\\/pettuchic.cl\\\/terminos-y-condiciones\\\/\"]}]},{\"@type\":\"BreadcrumbList\",\"@id\":\"https:\\\/\\\/pettuchic.cl\\\/terminos-y-condiciones\\\/#breadcrumb\",\"itemListElement\":[{\"@type\":\"ListItem\",\"position\":1,\"name\":\"Portada\",\"item\":\"https:\\\/\\\/pettuchic.cl\\\/\"},{\"@type\":\"ListItem\",\"position\":2,\"name\":\"Terminos y Condiciones\"}]},{\"@type\":\"WebSite\",\"@id\":\"https:\\\/\\\/pettuchic.cl\\\/#website\",\"url\":\"https:\\\/\\\/pettuchic.cl\\\/\",\"name\":\"Pettuchic.cl\",\"description\":\"Gamulanes de Cuero, Chaquetas de cuero,  Abrigos de piel natural y accesorios de piel\",\"publisher\":{\"@id\":\"https:\\\/\\\/pettuchic.cl\\\/#organization\"},\"potentialAction\":[{\"@type\":\"SearchAction\",\"target\":{\"@type\":\"EntryPoint\",\"urlTemplate\":\"https:\\\/\\\/pettuchic.cl\\\/?s={search_term_string}\"},\"query-input\":{\"@type\":\"PropertyValueSpecification\",\"valueRequired\":true,\"valueName\":\"search_term_string\"}}],\"inLanguage\":\"en-US\"},{\"@type\":\"Organization\",\"@id\":\"https:\\\/\\\/pettuchic.cl\\\/#organization\",\"name\":\"Pettuchic Apparel Store\",\"alternateName\":\"Pettuchic\",\"url\":\"https:\\\/\\\/pettuchic.cl\\\/\",\"logo\":{\"@type\":\"ImageObject\",\"inLanguage\":\"en-US\",\"@id\":\"https:\\\/\\\/pettuchic.cl\\\/#\\\/schema\\\/logo\\\/image\\\/\",\"url\":\"https:\\\/\\\/pettuchic.cl\\\/wp-content\\\/uploads\\\/2024\\\/06\\\/pettuchic-logo2.svg\",\"contentUrl\":\"https:\\\/\\\/pettuchic.cl\\\/wp-content\\\/uploads\\\/2024\\\/06\\\/pettuchic-logo2.svg\",\"width\":164,\"height\":205,\"caption\":\"Pettuchic Apparel Store\"},\"image\":{\"@id\":\"https:\\\/\\\/pettuchic.cl\\\/#\\\/schema\\\/logo\\\/image\\\/\"},\"sameAs\":[\"https:\\\/\\\/web.facebook.com\\\/Pettuchic\",\"https:\\\/\\\/www.instagram.com\\\/pettuchic\\\/\",\"https:\\\/\\\/www.threads.com\\\/@pettuchic\"]}]}<\/script>\n<!-- \/ Yoast SEO plugin. -->","yoast_head_json":{"title":"Terminos y Condiciones -","description":"T\u00e9rminos y Condiciones 1. Introducci\u00f3nBienvenido a Pettuchic, un sitio web dedicado a la venta de indumentaria de cuero. Estos T\u00e9rminos y Condiciones","robots":{"index":"index","follow":"follow","max-snippet":"max-snippet:-1","max-image-preview":"max-image-preview:large","max-video-preview":"max-video-preview:-1"},"canonical":"https:\/\/pettuchic.cl\/en\/terminos-y-condiciones\/","og_locale":"en_US","og_type":"article","og_title":"Terminos y Condiciones -","og_description":"T\u00e9rminos y Condiciones 1. Introducci\u00f3nBienvenido a Pettuchic, un sitio web dedicado a la venta de indumentaria de cuero. Estos T\u00e9rminos y Condiciones","og_url":"https:\/\/pettuchic.cl\/en\/terminos-y-condiciones\/","og_site_name":"Pettuchic","article_publisher":"https:\/\/web.facebook.com\/Pettuchic","article_modified_time":"2025-12-31T15:44:56+00:00","og_image":[{"width":1200,"height":675,"url":"https:\/\/i0.wp.com\/pettuchic.cl\/wp-content\/uploads\/2025\/05\/Logo-Pettuchic.png?fit=1200%2C675&ssl=1","type":"image\/png"}],"twitter_card":"summary_large_image","twitter_misc":{"Est. reading time":"4 minutes"},"schema":{"@context":"https:\/\/schema.org","@graph":[{"@type":"WebPage","@id":"https:\/\/pettuchic.cl\/terminos-y-condiciones\/","url":"https:\/\/pettuchic.cl\/terminos-y-condiciones\/","name":"Terminos y Condiciones -","isPartOf":{"@id":"https:\/\/pettuchic.cl\/#website"},"datePublished":"2024-06-14T19:06:51+00:00","dateModified":"2025-12-31T15:44:56+00:00","description":"T\u00e9rminos y Condiciones 1. Introducci\u00f3nBienvenido a Pettuchic, un sitio web dedicado a la venta de indumentaria de cuero. Estos T\u00e9rminos y Condiciones","breadcrumb":{"@id":"https:\/\/pettuchic.cl\/terminos-y-condiciones\/#breadcrumb"},"inLanguage":"en-US","potentialAction":[{"@type":"ReadAction","target":["https:\/\/pettuchic.cl\/terminos-y-condiciones\/"]}]},{"@type":"BreadcrumbList","@id":"https:\/\/pettuchic.cl\/terminos-y-condiciones\/#breadcrumb","itemListElement":[{"@type":"ListItem","position":1,"name":"Portada","item":"https:\/\/pettuchic.cl\/"},{"@type":"ListItem","position":2,"name":"Terminos y Condiciones"}]},{"@type":"WebSite","@id":"https:\/\/pettuchic.cl\/#website","url":"https:\/\/pettuchic.cl\/","name":"Pettuchic.cl","description":"Gamulanes de Cuero, Chaquetas de cuero,  Abrigos de piel natural y accesorios de piel","publisher":{"@id":"https:\/\/pettuchic.cl\/#organization"},"potentialAction":[{"@type":"SearchAction","target":{"@type":"EntryPoint","urlTemplate":"https:\/\/pettuchic.cl\/?s={search_term_string}"},"query-input":{"@type":"PropertyValueSpecification","valueRequired":true,"valueName":"search_term_string"}}],"inLanguage":"en-US"},{"@type":"Organization","@id":"https:\/\/pettuchic.cl\/#organization","name":"Pettuchic Apparel Store","alternateName":"Pettuchic","url":"https:\/\/pettuchic.cl\/","logo":{"@type":"ImageObject","inLanguage":"en-US","@id":"https:\/\/pettuchic.cl\/#\/schema\/logo\/image\/","url":"https:\/\/pettuchic.cl\/wp-content\/uploads\/2024\/06\/pettuchic-logo2.svg","contentUrl":"https:\/\/pettuchic.cl\/wp-content\/uploads\/2024\/06\/pettuchic-logo2.svg","width":164,"height":205,"caption":"Pettuchic Apparel Store"},"image":{"@id":"https:\/\/pettuchic.cl\/#\/schema\/logo\/image\/"},"sameAs":["https:\/\/web.facebook.com\/Pettuchic","https:\/\/www.instagram.com\/pettuchic\/","https:\/\/www.threads.com\/@pettuchic"]}]}},"jetpack_sharing_enabled":true,"_links":{"self":[{"href":"https:\/\/pettuchic.cl\/en\/wp-json\/wp\/v2\/pages\/2922","targetHints":{"allow":["GET"]}}],"collection":[{"href":"https:\/\/pettuchic.cl\/en\/wp-json\/wp\/v2\/pages"}],"about":[{"href":"https:\/\/pettuchic.cl\/en\/wp-json\/wp\/v2\/types\/page"}],"author":[{"embeddable":true,"href":"https:\/\/pettuchic.cl\/en\/wp-json\/wp\/v2\/users\/1"}],"replies":[{"embeddable":true,"href":"https:\/\/pettuchic.cl\/en\/wp-json\/wp\/v2\/comments?post=2922"}],"version-history":[{"count":22,"href":"https:\/\/pettuchic.cl\/en\/wp-json\/wp\/v2\/pages\/2922\/revisions"}],"predecessor-version":[{"id":8024,"href":"https:\/\/pettuchic.cl\/en\/wp-json\/wp\/v2\/pages\/2922\/revisions\/8024"}],"wp:attachment":[{"href":"https:\/\/pettuchic.cl\/en\/wp-json\/wp\/v2\/media?parent=2922"}],"curies":[{"name":"wp","href":"https:\/\/api.w.org\/{rel}","templated":true}]}}