{"id":4280,"date":"2024-10-05T11:02:12","date_gmt":"2024-10-05T14:02:12","guid":{"rendered":"https:\/\/pettuchic.cl\/product\/luana-jacket\/"},"modified":"2025-12-09T18:38:35","modified_gmt":"2025-12-09T21:38:35","slug":"gamulan-artesanal-en-cuero-natural-de-lana-y-botones-de-madera","status":"publish","type":"product","link":"https:\/\/pettuchic.cl\/en\/product\/gamulan-artesanal-en-cuero-natural-de-lana-y-botones-de-madera\/","title":{"rendered":"Luana Jacket"},"content":{"rendered":"<h3 data-start=\"0\" data-end=\"81\">Gamul\u00e1n Artesanal en Cuero Natural de Lana y Botones de Madera<\/h3>\n<p data-start=\"83\" data-end=\"521\">Este <strong data-start=\"88\" data-end=\"109\">gamul\u00e1n artesanal<\/strong> es una prenda que refleja la esencia de la confecci\u00f3n tradicional y la riqueza de los materiales nobles. Elaborado en <strong data-start=\"228\" data-end=\"256\">cuero curtido al natural<\/strong>, conserva sus <strong data-start=\"271\" data-end=\"306\">tonalidades y rasgos originales<\/strong>, lo que lo convierte en una pieza aut\u00e9ntica y \u00fanica, imposible de replicar en serie. Cada matiz del cuero transmite la pureza del material y un estilo atemporal que destaca por su car\u00e1cter sofisticado y elegante.<\/p>\n<p data-start=\"523\" data-end=\"928\">Uno de los detalles m\u00e1s destacados de este dise\u00f1o son sus <strong data-start=\"581\" data-end=\"619\">bolsillos forrados en lana natural<\/strong>, un toque que no solo a\u00f1ade un extra de abrigo y suavidad, sino que tambi\u00e9n resalta el compromiso con la funcionalidad y el confort. Esta lana interior proporciona calidez en climas fr\u00edos, haciendo que el gamul\u00e1n no solo sea una prenda de estilo, sino tambi\u00e9n un aliado perfecto para enfrentar el invierno.<\/p>\n<p data-start=\"930\" data-end=\"1287\">Su confecci\u00f3n artesanal se refleja tambi\u00e9n en los <strong data-start=\"980\" data-end=\"1040\">botones de madera tallados con un delicado estilo floral<\/strong>, un detalle que evoca tradici\u00f3n, naturaleza y un aire r\u00fastico pero refinado. Estos botones no solo cumplen una funci\u00f3n pr\u00e1ctica, sino que tambi\u00e9n se transforman en un <strong data-start=\"1208\" data-end=\"1241\">elemento decorativo exclusivo<\/strong> que eleva la est\u00e9tica general de la prenda.<\/p>\n<p data-start=\"1289\" data-end=\"1670\">Gracias a la flexibilidad del <strong data-start=\"1319\" data-end=\"1347\">cuero curtido al natural<\/strong>, este gamul\u00e1n ofrece comodidad y adaptabilidad, manteniendo una ca\u00edda firme pero suave que se ajusta a la silueta sin perder su robustez. Su estilo combina perfectamente con atuendos urbanos y casuales, pero tambi\u00e9n se presta para complementar looks m\u00e1s sofisticados, aportando un sello de distinci\u00f3n dif\u00edcil de igualar.<\/p>\n<p data-start=\"1672\" data-end=\"1869\">Este gamul\u00e1n no es solo un abrigo, es una <strong data-start=\"1714\" data-end=\"1732\">pieza de autor<\/strong> que transmite historia, naturaleza y tradici\u00f3n, ideal para quienes buscan <strong data-start=\"1807\" data-end=\"1847\">exclusividad, autenticidad y calidez<\/strong> en una sola prenda.<\/p>\n<h2 style=\"text-align: center;\">Medidas<\/h2>\n<p style=\"text-align: center;\">Contorno de Busto: 135 CM.<\/p>\n<p style=\"text-align: center;\">Hombro a Hombro: 54 CM.<\/p>\n<p style=\"text-align: center;\">Largo de Mangas: 62 CM.<\/p>\n<p style=\"text-align: center;\">Largo Total: 68 CM.<\/p>","protected":false},"excerpt":{"rendered":"<p>Gamul\u00e1n Artesanal en Cuero Natural de Lana y Botones de Madera Este gamul\u00e1n artesanal es una prenda que refleja la esencia de la confecci\u00f3n tradicional y la riqueza de los materiales nobles. Elaborado en cuero curtido al natural, conserva sus tonalidades y rasgos originales, lo que lo convierte en una pieza aut\u00e9ntica y \u00fanica, imposible [&hellip;]<\/p>\n","protected":false},"featured_media":4277,"template":"","meta":{"_monsterinsights_skip_tracking":false,"_monsterinsights_sitenote_active":false,"_monsterinsights_sitenote_note":"","_monsterinsights_sitenote_category":0,"site-sidebar-layout":"default","site-content-layout":"","ast-site-content-layout":"default","site-content-style":"default","site-sidebar-style":"default","ast-global-header-display":"","ast-banner-title-visibility":"","ast-main-header-display":"","ast-hfb-above-header-display":"","ast-hfb-below-header-display":"","ast-hfb-mobile-header-display":"","site-post-title":"","ast-breadcrumbs-content":"","ast-featured-img":"","footer-sml-layout":"","ast-disable-related-posts":"","theme-transparent-header-meta":"default","adv-header-id-meta":"","stick-header-meta":"","header-above-stick-meta":"","header-main-stick-meta":"","header-below-stick-meta":"","astra-migrate-meta-layouts":"set","ast-page-background-enabled":"default","ast-page-background-meta":{"desktop":{"background-color":"","background-image":"","background-repeat":"repeat","background-position":"center center","background-size":"auto","background-attachment":"scroll","background-type":"","background-media":"","overlay-type":"","overlay-color":"","overlay-opacity":"","overlay-gradient":""},"tablet":{"background-color":"","background-image":"","background-repeat":"repeat","background-position":"center center","background-size":"auto","background-attachment":"scroll","background-type":"","background-media":"","overlay-type":"","overlay-color":"","overlay-opacity":"","overlay-gradient":""},"mobile":{"background-color":"","background-image":"","background-repeat":"repeat","background-position":"center center","background-size":"auto","background-attachment":"scroll","background-type":"","background-media":"","overlay-type":"","overlay-color":"","overlay-opacity":"","overlay-gradient":""}},"ast-content-background-meta":{"desktop":{"background-color":"var(--ast-global-color-5)","background-image":"","background-repeat":"repeat","background-position":"center center","background-size":"auto","background-attachment":"scroll","background-type":"","background-media":"","overlay-type":"","overlay-color":"","overlay-opacity":"","overlay-gradient":""},"tablet":{"background-color":"var(--ast-global-color-5)","background-image":"","background-repeat":"repeat","background-position":"center center","background-size":"auto","background-attachment":"scroll","background-type":"","background-media":"","overlay-type":"","overlay-color":"","overlay-opacity":"","overlay-gradient":""},"mobile":{"background-color":"var(--ast-global-color-5)","background-image":"","background-repeat":"repeat","background-position":"center center","background-size":"auto","background-attachment":"scroll","background-type":"","background-media":"","overlay-type":"","overlay-color":"","overlay-opacity":"","overlay-gradient":""}}},"product_brand":[],"product_cat":[170,176],"product_tag":[],"class_list":{"0":"post-4280","1":"product","2":"type-product","3":"status-publish","4":"has-post-thumbnail","6":"product_cat-mujer","7":"product_cat-shearling-coats-mujer","8":"desktop-align-left","9":"tablet-align-left","10":"mobile-align-left","12":"first","13":"instock","14":"sold-individually","15":"taxable","16":"shipping-taxable","17":"purchasable","18":"product-type-simple"},"yoast_head":"<!-- This site is optimized with the Yoast SEO plugin v27.4 - https:\/\/yoast.com\/product\/yoast-seo-wordpress\/ -->\n<title>Luana Jacket - Pettuchic<\/title>\n<meta name=\"description\" content=\"Gamul\u00e1n Artesanal en Cuero Natural de Lana y Botones de Madera Este gamul\u00e1n artesanal es una prenda que refleja la esencia de la confecci\u00f3n tradicional y\" \/>\n<meta name=\"robots\" content=\"index, follow, max-snippet:-1, max-image-preview:large, max-video-preview:-1\" \/>\n<link rel=\"canonical\" href=\"https:\/\/pettuchic.cl\/en\/product\/gamulan-artesanal-en-cuero-natural-de-lana-y-botones-de-madera\/\" \/>\n<meta property=\"og:locale\" content=\"en_US\" \/>\n<meta property=\"og:type\" content=\"article\" \/>\n<meta property=\"og:title\" content=\"Luana Jacket - Pettuchic\" \/>\n<meta property=\"og:description\" content=\"Gamul\u00e1n Artesanal en Cuero Natural de Lana y Botones de Madera Este gamul\u00e1n artesanal es una prenda que refleja la esencia de la confecci\u00f3n tradicional y\" \/>\n<meta property=\"og:url\" content=\"https:\/\/pettuchic.cl\/en\/product\/gamulan-artesanal-en-cuero-natural-de-lana-y-botones-de-madera\/\" \/>\n<meta property=\"og:site_name\" content=\"Pettuchic\" \/>\n<meta property=\"article:publisher\" content=\"https:\/\/web.facebook.com\/Pettuchic\" \/>\n<meta property=\"article:modified_time\" content=\"2025-12-09T21:38:35+00:00\" \/>\n<meta property=\"og:image\" content=\"https:\/\/pettuchic.cl\/wp-content\/uploads\/2024\/10\/img_5659-1-scaled.jpeg\" \/>\n\t<meta property=\"og:image:width\" content=\"1920\" \/>\n\t<meta property=\"og:image:height\" content=\"2560\" \/>\n\t<meta property=\"og:image:type\" content=\"image\/jpeg\" \/>\n<meta name=\"twitter:card\" content=\"summary_large_image\" \/>\n<meta name=\"twitter:label1\" content=\"Est. reading time\" \/>\n\t<meta name=\"twitter:data1\" content=\"2 minutes\" \/>\n<script type=\"application\/ld+json\" class=\"yoast-schema-graph\">{\"@context\":\"https:\\\/\\\/schema.org\",\"@graph\":[{\"@type\":\"WebPage\",\"@id\":\"https:\\\/\\\/pettuchic.cl\\\/product\\\/gamulan-artesanal-en-cuero-natural-de-lana-y-botones-de-madera\\\/\",\"url\":\"https:\\\/\\\/pettuchic.cl\\\/product\\\/gamulan-artesanal-en-cuero-natural-de-lana-y-botones-de-madera\\\/\",\"name\":\"Luana Jacket - Pettuchic\",\"isPartOf\":{\"@id\":\"https:\\\/\\\/pettuchic.cl\\\/#website\"},\"primaryImageOfPage\":{\"@id\":\"https:\\\/\\\/pettuchic.cl\\\/product\\\/gamulan-artesanal-en-cuero-natural-de-lana-y-botones-de-madera\\\/#primaryimage\"},\"image\":{\"@id\":\"https:\\\/\\\/pettuchic.cl\\\/product\\\/gamulan-artesanal-en-cuero-natural-de-lana-y-botones-de-madera\\\/#primaryimage\"},\"thumbnailUrl\":\"https:\\\/\\\/i0.wp.com\\\/pettuchic.cl\\\/wp-content\\\/uploads\\\/2024\\\/10\\\/img_5659-1-scaled.jpeg?fit=1920%2C2560&ssl=1\",\"datePublished\":\"2024-10-05T14:02:12+00:00\",\"dateModified\":\"2025-12-09T21:38:35+00:00\",\"description\":\"Gamul\u00e1n Artesanal en Cuero Natural de Lana y Botones de Madera Este gamul\u00e1n artesanal es una prenda que refleja la esencia de la confecci\u00f3n tradicional y\",\"breadcrumb\":{\"@id\":\"https:\\\/\\\/pettuchic.cl\\\/product\\\/gamulan-artesanal-en-cuero-natural-de-lana-y-botones-de-madera\\\/#breadcrumb\"},\"inLanguage\":\"en-US\",\"potentialAction\":[{\"@type\":\"ReadAction\",\"target\":[\"https:\\\/\\\/pettuchic.cl\\\/product\\\/gamulan-artesanal-en-cuero-natural-de-lana-y-botones-de-madera\\\/\"]}]},{\"@type\":\"ImageObject\",\"inLanguage\":\"en-US\",\"@id\":\"https:\\\/\\\/pettuchic.cl\\\/product\\\/gamulan-artesanal-en-cuero-natural-de-lana-y-botones-de-madera\\\/#primaryimage\",\"url\":\"https:\\\/\\\/i0.wp.com\\\/pettuchic.cl\\\/wp-content\\\/uploads\\\/2024\\\/10\\\/img_5659-1-scaled.jpeg?fit=1920%2C2560&ssl=1\",\"contentUrl\":\"https:\\\/\\\/i0.wp.com\\\/pettuchic.cl\\\/wp-content\\\/uploads\\\/2024\\\/10\\\/img_5659-1-scaled.jpeg?fit=1920%2C2560&ssl=1\",\"width\":1920,\"height\":2560,\"caption\":\"Gamul\u00e1n Artesanal en Cuero Natural de Lana y Botones de Madera\"},{\"@type\":\"BreadcrumbList\",\"@id\":\"https:\\\/\\\/pettuchic.cl\\\/product\\\/gamulan-artesanal-en-cuero-natural-de-lana-y-botones-de-madera\\\/#breadcrumb\",\"itemListElement\":[{\"@type\":\"ListItem\",\"position\":1,\"name\":\"Portada\",\"item\":\"https:\\\/\\\/pettuchic.cl\\\/\"},{\"@type\":\"ListItem\",\"position\":2,\"name\":\"Productos\",\"item\":\"https:\\\/\\\/pettuchic.cl\\\/shop\\\/\"},{\"@type\":\"ListItem\",\"position\":3,\"name\":\"Luana Jacket\"}]},{\"@type\":\"WebSite\",\"@id\":\"https:\\\/\\\/pettuchic.cl\\\/#website\",\"url\":\"https:\\\/\\\/pettuchic.cl\\\/\",\"name\":\"Pettuchic.cl\",\"description\":\"Gamulanes de Cuero, Chaquetas de cuero,  Abrigos de piel natural y accesorios de piel\",\"publisher\":{\"@id\":\"https:\\\/\\\/pettuchic.cl\\\/#organization\"},\"potentialAction\":[{\"@type\":\"SearchAction\",\"target\":{\"@type\":\"EntryPoint\",\"urlTemplate\":\"https:\\\/\\\/pettuchic.cl\\\/?s={search_term_string}\"},\"query-input\":{\"@type\":\"PropertyValueSpecification\",\"valueRequired\":true,\"valueName\":\"search_term_string\"}}],\"inLanguage\":\"en-US\"},{\"@type\":\"Organization\",\"@id\":\"https:\\\/\\\/pettuchic.cl\\\/#organization\",\"name\":\"Pettuchic Apparel Store\",\"alternateName\":\"Pettuchic\",\"url\":\"https:\\\/\\\/pettuchic.cl\\\/\",\"logo\":{\"@type\":\"ImageObject\",\"inLanguage\":\"en-US\",\"@id\":\"https:\\\/\\\/pettuchic.cl\\\/#\\\/schema\\\/logo\\\/image\\\/\",\"url\":\"https:\\\/\\\/pettuchic.cl\\\/wp-content\\\/uploads\\\/2024\\\/06\\\/pettuchic-logo2.svg\",\"contentUrl\":\"https:\\\/\\\/pettuchic.cl\\\/wp-content\\\/uploads\\\/2024\\\/06\\\/pettuchic-logo2.svg\",\"width\":164,\"height\":205,\"caption\":\"Pettuchic Apparel Store\"},\"image\":{\"@id\":\"https:\\\/\\\/pettuchic.cl\\\/#\\\/schema\\\/logo\\\/image\\\/\"},\"sameAs\":[\"https:\\\/\\\/web.facebook.com\\\/Pettuchic\",\"https:\\\/\\\/www.instagram.com\\\/pettuchic\\\/\",\"https:\\\/\\\/www.threads.com\\\/@pettuchic\"]}]}<\/script>\n<!-- \/ Yoast SEO plugin. -->","yoast_head_json":{"title":"Luana Jacket - Pettuchic","description":"Gamul\u00e1n Artesanal en Cuero Natural de Lana y Botones de Madera Este gamul\u00e1n artesanal es una prenda que refleja la esencia de la confecci\u00f3n tradicional y","robots":{"index":"index","follow":"follow","max-snippet":"max-snippet:-1","max-image-preview":"max-image-preview:large","max-video-preview":"max-video-preview:-1"},"canonical":"https:\/\/pettuchic.cl\/en\/product\/gamulan-artesanal-en-cuero-natural-de-lana-y-botones-de-madera\/","og_locale":"en_US","og_type":"article","og_title":"Luana Jacket - Pettuchic","og_description":"Gamul\u00e1n Artesanal en Cuero Natural de Lana y Botones de Madera Este gamul\u00e1n artesanal es una prenda que refleja la esencia de la confecci\u00f3n tradicional y","og_url":"https:\/\/pettuchic.cl\/en\/product\/gamulan-artesanal-en-cuero-natural-de-lana-y-botones-de-madera\/","og_site_name":"Pettuchic","article_publisher":"https:\/\/web.facebook.com\/Pettuchic","article_modified_time":"2025-12-09T21:38:35+00:00","og_image":[{"width":1920,"height":2560,"url":"https:\/\/pettuchic.cl\/wp-content\/uploads\/2024\/10\/img_5659-1-scaled.jpeg","type":"image\/jpeg"}],"twitter_card":"summary_large_image","twitter_misc":{"Est. reading time":"2 minutes"},"schema":{"@context":"https:\/\/schema.org","@graph":[{"@type":"WebPage","@id":"https:\/\/pettuchic.cl\/product\/gamulan-artesanal-en-cuero-natural-de-lana-y-botones-de-madera\/","url":"https:\/\/pettuchic.cl\/product\/gamulan-artesanal-en-cuero-natural-de-lana-y-botones-de-madera\/","name":"Luana Jacket - Pettuchic","isPartOf":{"@id":"https:\/\/pettuchic.cl\/#website"},"primaryImageOfPage":{"@id":"https:\/\/pettuchic.cl\/product\/gamulan-artesanal-en-cuero-natural-de-lana-y-botones-de-madera\/#primaryimage"},"image":{"@id":"https:\/\/pettuchic.cl\/product\/gamulan-artesanal-en-cuero-natural-de-lana-y-botones-de-madera\/#primaryimage"},"thumbnailUrl":"https:\/\/i0.wp.com\/pettuchic.cl\/wp-content\/uploads\/2024\/10\/img_5659-1-scaled.jpeg?fit=1920%2C2560&ssl=1","datePublished":"2024-10-05T14:02:12+00:00","dateModified":"2025-12-09T21:38:35+00:00","description":"Gamul\u00e1n Artesanal en Cuero Natural de Lana y Botones de Madera Este gamul\u00e1n artesanal es una prenda que refleja la esencia de la confecci\u00f3n tradicional y","breadcrumb":{"@id":"https:\/\/pettuchic.cl\/product\/gamulan-artesanal-en-cuero-natural-de-lana-y-botones-de-madera\/#breadcrumb"},"inLanguage":"en-US","potentialAction":[{"@type":"ReadAction","target":["https:\/\/pettuchic.cl\/product\/gamulan-artesanal-en-cuero-natural-de-lana-y-botones-de-madera\/"]}]},{"@type":"ImageObject","inLanguage":"en-US","@id":"https:\/\/pettuchic.cl\/product\/gamulan-artesanal-en-cuero-natural-de-lana-y-botones-de-madera\/#primaryimage","url":"https:\/\/i0.wp.com\/pettuchic.cl\/wp-content\/uploads\/2024\/10\/img_5659-1-scaled.jpeg?fit=1920%2C2560&ssl=1","contentUrl":"https:\/\/i0.wp.com\/pettuchic.cl\/wp-content\/uploads\/2024\/10\/img_5659-1-scaled.jpeg?fit=1920%2C2560&ssl=1","width":1920,"height":2560,"caption":"Gamul\u00e1n Artesanal en Cuero Natural de Lana y Botones de Madera"},{"@type":"BreadcrumbList","@id":"https:\/\/pettuchic.cl\/product\/gamulan-artesanal-en-cuero-natural-de-lana-y-botones-de-madera\/#breadcrumb","itemListElement":[{"@type":"ListItem","position":1,"name":"Portada","item":"https:\/\/pettuchic.cl\/"},{"@type":"ListItem","position":2,"name":"Productos","item":"https:\/\/pettuchic.cl\/shop\/"},{"@type":"ListItem","position":3,"name":"Luana Jacket"}]},{"@type":"WebSite","@id":"https:\/\/pettuchic.cl\/#website","url":"https:\/\/pettuchic.cl\/","name":"Pettuchic.cl","description":"Gamulanes de Cuero, Chaquetas de cuero,  Abrigos de piel natural y accesorios de piel","publisher":{"@id":"https:\/\/pettuchic.cl\/#organization"},"potentialAction":[{"@type":"SearchAction","target":{"@type":"EntryPoint","urlTemplate":"https:\/\/pettuchic.cl\/?s={search_term_string}"},"query-input":{"@type":"PropertyValueSpecification","valueRequired":true,"valueName":"search_term_string"}}],"inLanguage":"en-US"},{"@type":"Organization","@id":"https:\/\/pettuchic.cl\/#organization","name":"Pettuchic Apparel Store","alternateName":"Pettuchic","url":"https:\/\/pettuchic.cl\/","logo":{"@type":"ImageObject","inLanguage":"en-US","@id":"https:\/\/pettuchic.cl\/#\/schema\/logo\/image\/","url":"https:\/\/pettuchic.cl\/wp-content\/uploads\/2024\/06\/pettuchic-logo2.svg","contentUrl":"https:\/\/pettuchic.cl\/wp-content\/uploads\/2024\/06\/pettuchic-logo2.svg","width":164,"height":205,"caption":"Pettuchic Apparel Store"},"image":{"@id":"https:\/\/pettuchic.cl\/#\/schema\/logo\/image\/"},"sameAs":["https:\/\/web.facebook.com\/Pettuchic","https:\/\/www.instagram.com\/pettuchic\/","https:\/\/www.threads.com\/@pettuchic"]}]}},"jetpack_sharing_enabled":true,"_links":{"self":[{"href":"https:\/\/pettuchic.cl\/en\/wp-json\/wp\/v2\/product\/4280","targetHints":{"allow":["GET"]}}],"collection":[{"href":"https:\/\/pettuchic.cl\/en\/wp-json\/wp\/v2\/product"}],"about":[{"href":"https:\/\/pettuchic.cl\/en\/wp-json\/wp\/v2\/types\/product"}],"wp:featuredmedia":[{"embeddable":true,"href":"https:\/\/pettuchic.cl\/en\/wp-json\/wp\/v2\/media\/4277"}],"wp:attachment":[{"href":"https:\/\/pettuchic.cl\/en\/wp-json\/wp\/v2\/media?parent=4280"}],"wp:term":[{"taxonomy":"product_brand","embeddable":true,"href":"https:\/\/pettuchic.cl\/en\/wp-json\/wp\/v2\/product_brand?post=4280"},{"taxonomy":"product_cat","embeddable":true,"href":"https:\/\/pettuchic.cl\/en\/wp-json\/wp\/v2\/product_cat?post=4280"},{"taxonomy":"product_tag","embeddable":true,"href":"https:\/\/pettuchic.cl\/en\/wp-json\/wp\/v2\/product_tag?post=4280"}],"curies":[{"name":"wp","href":"https:\/\/api.w.org\/{rel}","templated":true}]}}