{"id":4383,"date":"2024-10-05T21:21:20","date_gmt":"2024-10-06T00:21:20","guid":{"rendered":"https:\/\/pettuchic.cl\/?post_type=product&#038;p=4383"},"modified":"2025-10-10T09:28:28","modified_gmt":"2025-10-10T12:28:28","slug":"bomber-black-leather-jackets","status":"publish","type":"product","link":"https:\/\/pettuchic.cl\/en\/product\/bomber-black-leather-jackets\/","title":{"rendered":"Bomber Black Tom"},"content":{"rendered":"<p data-start=\"140\" data-end=\"479\"><strong data-start=\"140\" data-end=\"221\">Chaqueta Bomber Cl\u00e1sica en Cuero Negro \u2013 Estilo atemporal, car\u00e1cter aut\u00e9ntico<\/strong><br data-start=\"221\" data-end=\"224\" \/>Inspirada en el dise\u00f1o original de las bomber, esta chaqueta de <strong data-start=\"288\" data-end=\"322\">cuero negro con cierre frontal<\/strong> combina lo cl\u00e1sico con la comodidad moderna. Su silueta ic\u00f3nica incluye <strong data-start=\"395\" data-end=\"425\">pu\u00f1os y cintura acanalados<\/strong>, aportando un ajuste perfecto y manteniendo el calor.<\/p>\n<p data-start=\"481\" data-end=\"674\">El cuero suave y flexible la convierte en una prenda ideal para el uso diario, mientras que su corte sobrio permite combinarla f\u00e1cilmente tanto con jeans como con looks m\u00e1s urbanos o relajados.<\/p>\n<p data-start=\"676\" data-end=\"764\">Una pieza esencial para quienes buscan un <strong data-start=\"718\" data-end=\"763\">look cl\u00e1sico, masculino y siempre vigente<\/strong>.<\/p>\n<h2 style=\"text-align: center;\">Medidas<\/h2>\n<p style=\"text-align: center;\">Contorno de Pecho: 120 CM.<\/p>\n<p style=\"text-align: center;\">Hombro a Hombro: 56 CM.<\/p>\n<p style=\"text-align: center;\">Largo de Mangas: 66 CM.<\/p>\n<p style=\"text-align: center;\">Largo Total: 70 CM.<\/p>","protected":false},"excerpt":{"rendered":"<p>Chaqueta Bomber Cl\u00e1sica en Cuero Negro \u2013 Estilo atemporal, car\u00e1cter aut\u00e9nticoInspirada en el dise\u00f1o original de las bomber, esta chaqueta de cuero negro con cierre frontal combina lo cl\u00e1sico con la comodidad moderna. Su silueta ic\u00f3nica incluye pu\u00f1os y cintura acanalados, aportando un ajuste perfecto y manteniendo el calor. El cuero suave y flexible la [&hellip;]<\/p>\n","protected":false},"featured_media":4345,"template":"","meta":{"_monsterinsights_skip_tracking":false,"_monsterinsights_sitenote_active":false,"_monsterinsights_sitenote_note":"","_monsterinsights_sitenote_category":0,"site-sidebar-layout":"default","site-content-layout":"","ast-site-content-layout":"default","site-content-style":"default","site-sidebar-style":"default","ast-global-header-display":"","ast-banner-title-visibility":"","ast-main-header-display":"","ast-hfb-above-header-display":"","ast-hfb-below-header-display":"","ast-hfb-mobile-header-display":"","site-post-title":"","ast-breadcrumbs-content":"","ast-featured-img":"","footer-sml-layout":"","ast-disable-related-posts":"","theme-transparent-header-meta":"default","adv-header-id-meta":"","stick-header-meta":"","header-above-stick-meta":"","header-main-stick-meta":"","header-below-stick-meta":"","astra-migrate-meta-layouts":"set","ast-page-background-enabled":"default","ast-page-background-meta":{"desktop":{"background-color":"","background-image":"","background-repeat":"repeat","background-position":"center center","background-size":"auto","background-attachment":"scroll","background-type":"","background-media":"","overlay-type":"","overlay-color":"","overlay-opacity":"","overlay-gradient":""},"tablet":{"background-color":"","background-image":"","background-repeat":"repeat","background-position":"center center","background-size":"auto","background-attachment":"scroll","background-type":"","background-media":"","overlay-type":"","overlay-color":"","overlay-opacity":"","overlay-gradient":""},"mobile":{"background-color":"","background-image":"","background-repeat":"repeat","background-position":"center center","background-size":"auto","background-attachment":"scroll","background-type":"","background-media":"","overlay-type":"","overlay-color":"","overlay-opacity":"","overlay-gradient":""}},"ast-content-background-meta":{"desktop":{"background-color":"var(--ast-global-color-5)","background-image":"","background-repeat":"repeat","background-position":"center center","background-size":"auto","background-attachment":"scroll","background-type":"","background-media":"","overlay-type":"","overlay-color":"","overlay-opacity":"","overlay-gradient":""},"tablet":{"background-color":"var(--ast-global-color-5)","background-image":"","background-repeat":"repeat","background-position":"center center","background-size":"auto","background-attachment":"scroll","background-type":"","background-media":"","overlay-type":"","overlay-color":"","overlay-opacity":"","overlay-gradient":""},"mobile":{"background-color":"var(--ast-global-color-5)","background-image":"","background-repeat":"repeat","background-position":"center center","background-size":"auto","background-attachment":"scroll","background-type":"","background-media":"","overlay-type":"","overlay-color":"","overlay-opacity":"","overlay-gradient":""}}},"product_brand":[],"product_cat":[169,177],"product_tag":[],"class_list":{"0":"post-4383","1":"product","2":"type-product","3":"status-publish","4":"has-post-thumbnail","6":"product_cat-hombre","7":"product_cat-leather-jackets","8":"desktop-align-left","9":"tablet-align-left","10":"mobile-align-left","12":"first","13":"instock","14":"sold-individually","15":"taxable","16":"shipping-taxable","17":"purchasable","18":"product-type-simple"},"yoast_head":"<!-- This site is optimized with the Yoast SEO plugin v27.4 - https:\/\/yoast.com\/product\/yoast-seo-wordpress\/ -->\n<title>Bomber Black Tom - Pettuchic<\/title>\n<meta name=\"description\" content=\"Chaqueta Bomber Cl\u00e1sica en Cuero Negro \u2013 Estilo atemporal, car\u00e1cter aut\u00e9nticoInspirada en el dise\u00f1o original de las bomber, esta chaqueta de cuero negro\" \/>\n<meta name=\"robots\" content=\"index, follow, max-snippet:-1, max-image-preview:large, max-video-preview:-1\" \/>\n<link rel=\"canonical\" href=\"https:\/\/pettuchic.cl\/en\/product\/bomber-black-leather-jackets\/\" \/>\n<meta property=\"og:locale\" content=\"en_US\" \/>\n<meta property=\"og:type\" content=\"article\" \/>\n<meta property=\"og:title\" content=\"Bomber Black Tom - Pettuchic\" \/>\n<meta property=\"og:description\" content=\"Chaqueta Bomber Cl\u00e1sica en Cuero Negro \u2013 Estilo atemporal, car\u00e1cter aut\u00e9nticoInspirada en el dise\u00f1o original de las bomber, esta chaqueta de cuero negro\" \/>\n<meta property=\"og:url\" content=\"https:\/\/pettuchic.cl\/en\/product\/bomber-black-leather-jackets\/\" \/>\n<meta property=\"og:site_name\" content=\"Pettuchic\" \/>\n<meta property=\"article:publisher\" content=\"https:\/\/web.facebook.com\/Pettuchic\" \/>\n<meta property=\"article:modified_time\" content=\"2025-10-10T12:28:28+00:00\" \/>\n<meta property=\"og:image\" content=\"https:\/\/pettuchic.cl\/wp-content\/uploads\/2024\/10\/ER6A9522-scaled.jpg\" \/>\n\t<meta property=\"og:image:width\" content=\"1707\" \/>\n\t<meta property=\"og:image:height\" content=\"2560\" \/>\n\t<meta property=\"og:image:type\" content=\"image\/jpeg\" \/>\n<meta name=\"twitter:card\" content=\"summary_large_image\" \/>\n<meta name=\"twitter:label1\" content=\"Est. reading time\" \/>\n\t<meta name=\"twitter:data1\" content=\"1 minute\" \/>\n<script type=\"application\/ld+json\" class=\"yoast-schema-graph\">{\"@context\":\"https:\\\/\\\/schema.org\",\"@graph\":[{\"@type\":\"WebPage\",\"@id\":\"https:\\\/\\\/pettuchic.cl\\\/product\\\/bomber-black-leather-jackets\\\/\",\"url\":\"https:\\\/\\\/pettuchic.cl\\\/product\\\/bomber-black-leather-jackets\\\/\",\"name\":\"Bomber Black Tom - Pettuchic\",\"isPartOf\":{\"@id\":\"https:\\\/\\\/pettuchic.cl\\\/#website\"},\"primaryImageOfPage\":{\"@id\":\"https:\\\/\\\/pettuchic.cl\\\/product\\\/bomber-black-leather-jackets\\\/#primaryimage\"},\"image\":{\"@id\":\"https:\\\/\\\/pettuchic.cl\\\/product\\\/bomber-black-leather-jackets\\\/#primaryimage\"},\"thumbnailUrl\":\"https:\\\/\\\/i0.wp.com\\\/pettuchic.cl\\\/wp-content\\\/uploads\\\/2024\\\/10\\\/ER6A9522-scaled.jpg?fit=1707%2C2560&ssl=1\",\"datePublished\":\"2024-10-06T00:21:20+00:00\",\"dateModified\":\"2025-10-10T12:28:28+00:00\",\"description\":\"Chaqueta Bomber Cl\u00e1sica en Cuero Negro \u2013 Estilo atemporal, car\u00e1cter aut\u00e9nticoInspirada en el dise\u00f1o original de las bomber, esta chaqueta de cuero negro\",\"breadcrumb\":{\"@id\":\"https:\\\/\\\/pettuchic.cl\\\/product\\\/bomber-black-leather-jackets\\\/#breadcrumb\"},\"inLanguage\":\"en-US\",\"potentialAction\":[{\"@type\":\"ReadAction\",\"target\":[\"https:\\\/\\\/pettuchic.cl\\\/product\\\/bomber-black-leather-jackets\\\/\"]}]},{\"@type\":\"ImageObject\",\"inLanguage\":\"en-US\",\"@id\":\"https:\\\/\\\/pettuchic.cl\\\/product\\\/bomber-black-leather-jackets\\\/#primaryimage\",\"url\":\"https:\\\/\\\/i0.wp.com\\\/pettuchic.cl\\\/wp-content\\\/uploads\\\/2024\\\/10\\\/ER6A9522-scaled.jpg?fit=1707%2C2560&ssl=1\",\"contentUrl\":\"https:\\\/\\\/i0.wp.com\\\/pettuchic.cl\\\/wp-content\\\/uploads\\\/2024\\\/10\\\/ER6A9522-scaled.jpg?fit=1707%2C2560&ssl=1\",\"width\":1707,\"height\":2560},{\"@type\":\"BreadcrumbList\",\"@id\":\"https:\\\/\\\/pettuchic.cl\\\/product\\\/bomber-black-leather-jackets\\\/#breadcrumb\",\"itemListElement\":[{\"@type\":\"ListItem\",\"position\":1,\"name\":\"Portada\",\"item\":\"https:\\\/\\\/pettuchic.cl\\\/\"},{\"@type\":\"ListItem\",\"position\":2,\"name\":\"Productos\",\"item\":\"https:\\\/\\\/pettuchic.cl\\\/shop\\\/\"},{\"@type\":\"ListItem\",\"position\":3,\"name\":\"Bomber Black Tom\"}]},{\"@type\":\"WebSite\",\"@id\":\"https:\\\/\\\/pettuchic.cl\\\/#website\",\"url\":\"https:\\\/\\\/pettuchic.cl\\\/\",\"name\":\"Pettuchic.cl\",\"description\":\"Gamulanes de Cuero, Chaquetas de cuero,  Abrigos de piel natural y accesorios de piel\",\"publisher\":{\"@id\":\"https:\\\/\\\/pettuchic.cl\\\/#organization\"},\"potentialAction\":[{\"@type\":\"SearchAction\",\"target\":{\"@type\":\"EntryPoint\",\"urlTemplate\":\"https:\\\/\\\/pettuchic.cl\\\/?s={search_term_string}\"},\"query-input\":{\"@type\":\"PropertyValueSpecification\",\"valueRequired\":true,\"valueName\":\"search_term_string\"}}],\"inLanguage\":\"en-US\"},{\"@type\":\"Organization\",\"@id\":\"https:\\\/\\\/pettuchic.cl\\\/#organization\",\"name\":\"Pettuchic Apparel Store\",\"alternateName\":\"Pettuchic\",\"url\":\"https:\\\/\\\/pettuchic.cl\\\/\",\"logo\":{\"@type\":\"ImageObject\",\"inLanguage\":\"en-US\",\"@id\":\"https:\\\/\\\/pettuchic.cl\\\/#\\\/schema\\\/logo\\\/image\\\/\",\"url\":\"https:\\\/\\\/pettuchic.cl\\\/wp-content\\\/uploads\\\/2024\\\/06\\\/pettuchic-logo2.svg\",\"contentUrl\":\"https:\\\/\\\/pettuchic.cl\\\/wp-content\\\/uploads\\\/2024\\\/06\\\/pettuchic-logo2.svg\",\"width\":164,\"height\":205,\"caption\":\"Pettuchic Apparel Store\"},\"image\":{\"@id\":\"https:\\\/\\\/pettuchic.cl\\\/#\\\/schema\\\/logo\\\/image\\\/\"},\"sameAs\":[\"https:\\\/\\\/web.facebook.com\\\/Pettuchic\",\"https:\\\/\\\/www.instagram.com\\\/pettuchic\\\/\",\"https:\\\/\\\/www.threads.com\\\/@pettuchic\"]}]}<\/script>\n<!-- \/ Yoast SEO plugin. -->","yoast_head_json":{"title":"Bomber Black Tom - Pettuchic","description":"Chaqueta Bomber Cl\u00e1sica en Cuero Negro \u2013 Estilo atemporal, car\u00e1cter aut\u00e9nticoInspirada en el dise\u00f1o original de las bomber, esta chaqueta de cuero negro","robots":{"index":"index","follow":"follow","max-snippet":"max-snippet:-1","max-image-preview":"max-image-preview:large","max-video-preview":"max-video-preview:-1"},"canonical":"https:\/\/pettuchic.cl\/en\/product\/bomber-black-leather-jackets\/","og_locale":"en_US","og_type":"article","og_title":"Bomber Black Tom - Pettuchic","og_description":"Chaqueta Bomber Cl\u00e1sica en Cuero Negro \u2013 Estilo atemporal, car\u00e1cter aut\u00e9nticoInspirada en el dise\u00f1o original de las bomber, esta chaqueta de cuero negro","og_url":"https:\/\/pettuchic.cl\/en\/product\/bomber-black-leather-jackets\/","og_site_name":"Pettuchic","article_publisher":"https:\/\/web.facebook.com\/Pettuchic","article_modified_time":"2025-10-10T12:28:28+00:00","og_image":[{"width":1707,"height":2560,"url":"https:\/\/pettuchic.cl\/wp-content\/uploads\/2024\/10\/ER6A9522-scaled.jpg","type":"image\/jpeg"}],"twitter_card":"summary_large_image","twitter_misc":{"Est. reading time":"1 minute"},"schema":{"@context":"https:\/\/schema.org","@graph":[{"@type":"WebPage","@id":"https:\/\/pettuchic.cl\/product\/bomber-black-leather-jackets\/","url":"https:\/\/pettuchic.cl\/product\/bomber-black-leather-jackets\/","name":"Bomber Black Tom - Pettuchic","isPartOf":{"@id":"https:\/\/pettuchic.cl\/#website"},"primaryImageOfPage":{"@id":"https:\/\/pettuchic.cl\/product\/bomber-black-leather-jackets\/#primaryimage"},"image":{"@id":"https:\/\/pettuchic.cl\/product\/bomber-black-leather-jackets\/#primaryimage"},"thumbnailUrl":"https:\/\/i0.wp.com\/pettuchic.cl\/wp-content\/uploads\/2024\/10\/ER6A9522-scaled.jpg?fit=1707%2C2560&ssl=1","datePublished":"2024-10-06T00:21:20+00:00","dateModified":"2025-10-10T12:28:28+00:00","description":"Chaqueta Bomber Cl\u00e1sica en Cuero Negro \u2013 Estilo atemporal, car\u00e1cter aut\u00e9nticoInspirada en el dise\u00f1o original de las bomber, esta chaqueta de cuero negro","breadcrumb":{"@id":"https:\/\/pettuchic.cl\/product\/bomber-black-leather-jackets\/#breadcrumb"},"inLanguage":"en-US","potentialAction":[{"@type":"ReadAction","target":["https:\/\/pettuchic.cl\/product\/bomber-black-leather-jackets\/"]}]},{"@type":"ImageObject","inLanguage":"en-US","@id":"https:\/\/pettuchic.cl\/product\/bomber-black-leather-jackets\/#primaryimage","url":"https:\/\/i0.wp.com\/pettuchic.cl\/wp-content\/uploads\/2024\/10\/ER6A9522-scaled.jpg?fit=1707%2C2560&ssl=1","contentUrl":"https:\/\/i0.wp.com\/pettuchic.cl\/wp-content\/uploads\/2024\/10\/ER6A9522-scaled.jpg?fit=1707%2C2560&ssl=1","width":1707,"height":2560},{"@type":"BreadcrumbList","@id":"https:\/\/pettuchic.cl\/product\/bomber-black-leather-jackets\/#breadcrumb","itemListElement":[{"@type":"ListItem","position":1,"name":"Portada","item":"https:\/\/pettuchic.cl\/"},{"@type":"ListItem","position":2,"name":"Productos","item":"https:\/\/pettuchic.cl\/shop\/"},{"@type":"ListItem","position":3,"name":"Bomber Black Tom"}]},{"@type":"WebSite","@id":"https:\/\/pettuchic.cl\/#website","url":"https:\/\/pettuchic.cl\/","name":"Pettuchic.cl","description":"Gamulanes de Cuero, Chaquetas de cuero,  Abrigos de piel natural y accesorios de piel","publisher":{"@id":"https:\/\/pettuchic.cl\/#organization"},"potentialAction":[{"@type":"SearchAction","target":{"@type":"EntryPoint","urlTemplate":"https:\/\/pettuchic.cl\/?s={search_term_string}"},"query-input":{"@type":"PropertyValueSpecification","valueRequired":true,"valueName":"search_term_string"}}],"inLanguage":"en-US"},{"@type":"Organization","@id":"https:\/\/pettuchic.cl\/#organization","name":"Pettuchic Apparel Store","alternateName":"Pettuchic","url":"https:\/\/pettuchic.cl\/","logo":{"@type":"ImageObject","inLanguage":"en-US","@id":"https:\/\/pettuchic.cl\/#\/schema\/logo\/image\/","url":"https:\/\/pettuchic.cl\/wp-content\/uploads\/2024\/06\/pettuchic-logo2.svg","contentUrl":"https:\/\/pettuchic.cl\/wp-content\/uploads\/2024\/06\/pettuchic-logo2.svg","width":164,"height":205,"caption":"Pettuchic Apparel Store"},"image":{"@id":"https:\/\/pettuchic.cl\/#\/schema\/logo\/image\/"},"sameAs":["https:\/\/web.facebook.com\/Pettuchic","https:\/\/www.instagram.com\/pettuchic\/","https:\/\/www.threads.com\/@pettuchic"]}]}},"jetpack_sharing_enabled":true,"_links":{"self":[{"href":"https:\/\/pettuchic.cl\/en\/wp-json\/wp\/v2\/product\/4383","targetHints":{"allow":["GET"]}}],"collection":[{"href":"https:\/\/pettuchic.cl\/en\/wp-json\/wp\/v2\/product"}],"about":[{"href":"https:\/\/pettuchic.cl\/en\/wp-json\/wp\/v2\/types\/product"}],"wp:featuredmedia":[{"embeddable":true,"href":"https:\/\/pettuchic.cl\/en\/wp-json\/wp\/v2\/media\/4345"}],"wp:attachment":[{"href":"https:\/\/pettuchic.cl\/en\/wp-json\/wp\/v2\/media?parent=4383"}],"wp:term":[{"taxonomy":"product_brand","embeddable":true,"href":"https:\/\/pettuchic.cl\/en\/wp-json\/wp\/v2\/product_brand?post=4383"},{"taxonomy":"product_cat","embeddable":true,"href":"https:\/\/pettuchic.cl\/en\/wp-json\/wp\/v2\/product_cat?post=4383"},{"taxonomy":"product_tag","embeddable":true,"href":"https:\/\/pettuchic.cl\/en\/wp-json\/wp\/v2\/product_tag?post=4383"}],"curies":[{"name":"wp","href":"https:\/\/api.w.org\/{rel}","templated":true}]}}