{"id":5243,"date":"2025-04-21T21:53:39","date_gmt":"2025-04-22T01:53:39","guid":{"rendered":"https:\/\/pettuchic.cl\/product\/esqualo-sport\/"},"modified":"2025-08-21T09:39:09","modified_gmt":"2025-08-21T13:39:09","slug":"pantalon-de-cuero-deportivo-con-pretina-elastica","status":"publish","type":"product","link":"https:\/\/pettuchic.cl\/en\/product\/pantalon-de-cuero-deportivo-con-pretina-elastica\/","title":{"rendered":"Esqualo Leather Pants Sport"},"content":{"rendered":"<h3 data-start=\"0\" data-end=\"86\">Pantal\u00f3n de Cuero Deportivo con Pretina El\u00e1stica \u2013 Cuero de Cordero Ultra Ligero<\/h3>\n<p data-start=\"88\" data-end=\"465\">El <strong data-start=\"91\" data-end=\"122\">pantal\u00f3n de cuero deportivo<\/strong> elaborado en <strong data-start=\"136\" data-end=\"180\">cuero de cordero ultra ligero y flexible<\/strong> es una prenda dise\u00f1ada para quienes buscan la perfecta combinaci\u00f3n entre estilo, comodidad y modernidad. Su confecci\u00f3n en cuero aut\u00e9ntico garantiza suavidad, resistencia y una textura excepcional que se adapta con facilidad al movimiento del cuerpo, brindando libertad en cada paso.<\/p>\n<p data-start=\"467\" data-end=\"906\">Este dise\u00f1o incorpora una <strong data-start=\"493\" data-end=\"529\">pretina el\u00e1stica de alta calidad<\/strong>, que ofrece un ajuste perfecto en la cintura sin sacrificar la comodidad. Gracias a su confecci\u00f3n ergon\u00f3mica, el pantal\u00f3n se amolda de manera natural a la silueta, aportando practicidad y un calce seguro durante todo el d\u00eda. Su <strong data-start=\"758\" data-end=\"773\">ca\u00edda recta<\/strong> resalta un estilo deportivo elegante, ideal para quienes desean vestir con un aire relajado sin perder la sofisticaci\u00f3n del cuero.<\/p>\n<p data-start=\"908\" data-end=\"1337\">El cuero de cordero ultra ligero no solo aporta frescura y flexibilidad, sino que convierte a este modelo en una opci\u00f3n vers\u00e1til para diferentes ocasiones. Puede combinarse f\u00e1cilmente con prendas urbanas como poleras b\u00e1sicas, chaquetas bomber o zapatillas deportivas, logrando un look casual y contempor\u00e1neo. Asimismo, puede elevarse con camisas estructuradas o chaquetas de cuero, generando un estilo m\u00e1s audaz y de tendencia.<\/p>\n<p data-start=\"1339\" data-end=\"1680\">El tono sobrio del cuero realza su car\u00e1cter atemporal, convirtiendo este pantal\u00f3n en una pieza imprescindible en el armario. Su dise\u00f1o <strong data-start=\"1474\" data-end=\"1503\">deportivo con corte recto<\/strong> lo transforma en una alternativa ideal tanto para el d\u00eda a d\u00eda como para ocasiones m\u00e1s urbanas o eventos casuales en los que la comodidad sea tan importante como la est\u00e9tica.<\/p>\n<p data-start=\"1682\" data-end=\"1941\">El <strong data-start=\"1685\" data-end=\"1737\">pantal\u00f3n de cuero deportivo con pretina el\u00e1stica<\/strong> es sin\u00f3nimo de versatilidad y modernidad, una prenda que re\u00fane el lujo del cuero con la ligereza del dise\u00f1o contempor\u00e1neo. Perfecto para quienes buscan un estilo din\u00e1mico, c\u00f3modo y siempre distinguido.<\/p>\n<h2 style=\"text-align: center;\">Medidas<\/h2>\n<p style=\"text-align: center;\">Contorno pretina: 78 CM<\/p>\n<p style=\"text-align: center;\">Tir\u00f3 desde la pretina: 31 CM<\/p>\n<p style=\"text-align: center;\">Contorno Trasero: 104 CM<\/p>\n<p style=\"text-align: center;\">Contorno Muslo: 54 CM<\/p>\n<p style=\"text-align: center;\">Largo total: 90 CM<\/p>","protected":false},"excerpt":{"rendered":"<p>Pantal\u00f3n de Cuero Deportivo con Pretina El\u00e1stica \u2013 Cuero de Cordero Ultra Ligero El pantal\u00f3n de cuero deportivo elaborado en cuero de cordero ultra ligero y flexible es una prenda dise\u00f1ada para quienes buscan la perfecta combinaci\u00f3n entre estilo, comodidad y modernidad. Su confecci\u00f3n en cuero aut\u00e9ntico garantiza suavidad, resistencia y una textura excepcional que [&hellip;]<\/p>\n","protected":false},"featured_media":5240,"template":"","meta":{"_monsterinsights_skip_tracking":false,"_monsterinsights_sitenote_active":false,"_monsterinsights_sitenote_note":"","_monsterinsights_sitenote_category":0,"site-sidebar-layout":"default","site-content-layout":"","ast-site-content-layout":"default","site-content-style":"default","site-sidebar-style":"default","ast-global-header-display":"","ast-banner-title-visibility":"","ast-main-header-display":"","ast-hfb-above-header-display":"","ast-hfb-below-header-display":"","ast-hfb-mobile-header-display":"","site-post-title":"","ast-breadcrumbs-content":"","ast-featured-img":"","footer-sml-layout":"","ast-disable-related-posts":"","theme-transparent-header-meta":"default","adv-header-id-meta":"","stick-header-meta":"","header-above-stick-meta":"","header-main-stick-meta":"","header-below-stick-meta":"","astra-migrate-meta-layouts":"set","ast-page-background-enabled":"default","ast-page-background-meta":{"desktop":{"background-color":"","background-image":"","background-repeat":"repeat","background-position":"center center","background-size":"auto","background-attachment":"scroll","background-type":"","background-media":"","overlay-type":"","overlay-color":"","overlay-opacity":"","overlay-gradient":""},"tablet":{"background-color":"","background-image":"","background-repeat":"repeat","background-position":"center center","background-size":"auto","background-attachment":"scroll","background-type":"","background-media":"","overlay-type":"","overlay-color":"","overlay-opacity":"","overlay-gradient":""},"mobile":{"background-color":"","background-image":"","background-repeat":"repeat","background-position":"center center","background-size":"auto","background-attachment":"scroll","background-type":"","background-media":"","overlay-type":"","overlay-color":"","overlay-opacity":"","overlay-gradient":""}},"ast-content-background-meta":{"desktop":{"background-color":"var(--ast-global-color-5)","background-image":"","background-repeat":"repeat","background-position":"center center","background-size":"auto","background-attachment":"scroll","background-type":"","background-media":"","overlay-type":"","overlay-color":"","overlay-opacity":"","overlay-gradient":""},"tablet":{"background-color":"var(--ast-global-color-5)","background-image":"","background-repeat":"repeat","background-position":"center center","background-size":"auto","background-attachment":"scroll","background-type":"","background-media":"","overlay-type":"","overlay-color":"","overlay-opacity":"","overlay-gradient":""},"mobile":{"background-color":"var(--ast-global-color-5)","background-image":"","background-repeat":"repeat","background-position":"center center","background-size":"auto","background-attachment":"scroll","background-type":"","background-media":"","overlay-type":"","overlay-color":"","overlay-opacity":"","overlay-gradient":""}}},"product_brand":[],"product_cat":[170,217],"product_tag":[],"class_list":{"0":"post-5243","1":"product","2":"type-product","3":"status-publish","4":"has-post-thumbnail","6":"product_cat-mujer","7":"product_cat-pantalones","8":"desktop-align-left","9":"tablet-align-left","10":"mobile-align-left","12":"first","13":"instock","14":"sold-individually","15":"taxable","16":"shipping-taxable","17":"purchasable","18":"product-type-simple"},"yoast_head":"<!-- This site is optimized with the Yoast SEO plugin v27.4 - https:\/\/yoast.com\/product\/yoast-seo-wordpress\/ -->\n<title>Esqualo Leather Pants Sport - Pettuchic<\/title>\n<meta name=\"description\" content=\"Pantal\u00f3n de Cuero Deportivo con Pretina El\u00e1stica \u2013 Cuero de Cordero Ultra Ligero El pantal\u00f3n de cuero deportivo elaborado en cuero de cordero ultra ligero\" \/>\n<meta name=\"robots\" content=\"index, follow, max-snippet:-1, max-image-preview:large, max-video-preview:-1\" \/>\n<link rel=\"canonical\" href=\"https:\/\/pettuchic.cl\/en\/product\/pantalon-de-cuero-deportivo-con-pretina-elastica\/\" \/>\n<meta property=\"og:locale\" content=\"en_US\" \/>\n<meta property=\"og:type\" content=\"article\" \/>\n<meta property=\"og:title\" content=\"Esqualo Leather Pants Sport - Pettuchic\" \/>\n<meta property=\"og:description\" content=\"Pantal\u00f3n de Cuero Deportivo con Pretina El\u00e1stica \u2013 Cuero de Cordero Ultra Ligero El pantal\u00f3n de cuero deportivo elaborado en cuero de cordero ultra ligero\" \/>\n<meta property=\"og:url\" content=\"https:\/\/pettuchic.cl\/en\/product\/pantalon-de-cuero-deportivo-con-pretina-elastica\/\" \/>\n<meta property=\"og:site_name\" content=\"Pettuchic\" \/>\n<meta property=\"article:publisher\" content=\"https:\/\/web.facebook.com\/Pettuchic\" \/>\n<meta property=\"article:modified_time\" content=\"2025-08-21T13:39:09+00:00\" \/>\n<meta property=\"og:image\" content=\"https:\/\/pettuchic.cl\/wp-content\/uploads\/2025\/04\/img_4153-scaled.jpeg\" \/>\n\t<meta property=\"og:image:width\" content=\"1920\" \/>\n\t<meta property=\"og:image:height\" content=\"2560\" \/>\n\t<meta property=\"og:image:type\" content=\"image\/jpeg\" \/>\n<meta name=\"twitter:card\" content=\"summary_large_image\" \/>\n<meta name=\"twitter:label1\" content=\"Est. reading time\" \/>\n\t<meta name=\"twitter:data1\" content=\"2 minutes\" \/>\n<script type=\"application\/ld+json\" class=\"yoast-schema-graph\">{\"@context\":\"https:\\\/\\\/schema.org\",\"@graph\":[{\"@type\":\"WebPage\",\"@id\":\"https:\\\/\\\/pettuchic.cl\\\/product\\\/pantalon-de-cuero-deportivo-con-pretina-elastica\\\/\",\"url\":\"https:\\\/\\\/pettuchic.cl\\\/product\\\/pantalon-de-cuero-deportivo-con-pretina-elastica\\\/\",\"name\":\"Esqualo Leather Pants Sport - Pettuchic\",\"isPartOf\":{\"@id\":\"https:\\\/\\\/pettuchic.cl\\\/#website\"},\"primaryImageOfPage\":{\"@id\":\"https:\\\/\\\/pettuchic.cl\\\/product\\\/pantalon-de-cuero-deportivo-con-pretina-elastica\\\/#primaryimage\"},\"image\":{\"@id\":\"https:\\\/\\\/pettuchic.cl\\\/product\\\/pantalon-de-cuero-deportivo-con-pretina-elastica\\\/#primaryimage\"},\"thumbnailUrl\":\"https:\\\/\\\/i0.wp.com\\\/pettuchic.cl\\\/wp-content\\\/uploads\\\/2025\\\/04\\\/img_4153-scaled.jpeg?fit=1920%2C2560&ssl=1\",\"datePublished\":\"2025-04-22T01:53:39+00:00\",\"dateModified\":\"2025-08-21T13:39:09+00:00\",\"description\":\"Pantal\u00f3n de Cuero Deportivo con Pretina El\u00e1stica \u2013 Cuero de Cordero Ultra Ligero El pantal\u00f3n de cuero deportivo elaborado en cuero de cordero ultra ligero\",\"breadcrumb\":{\"@id\":\"https:\\\/\\\/pettuchic.cl\\\/product\\\/pantalon-de-cuero-deportivo-con-pretina-elastica\\\/#breadcrumb\"},\"inLanguage\":\"en-US\",\"potentialAction\":[{\"@type\":\"ReadAction\",\"target\":[\"https:\\\/\\\/pettuchic.cl\\\/product\\\/pantalon-de-cuero-deportivo-con-pretina-elastica\\\/\"]}]},{\"@type\":\"ImageObject\",\"inLanguage\":\"en-US\",\"@id\":\"https:\\\/\\\/pettuchic.cl\\\/product\\\/pantalon-de-cuero-deportivo-con-pretina-elastica\\\/#primaryimage\",\"url\":\"https:\\\/\\\/i0.wp.com\\\/pettuchic.cl\\\/wp-content\\\/uploads\\\/2025\\\/04\\\/img_4153-scaled.jpeg?fit=1920%2C2560&ssl=1\",\"contentUrl\":\"https:\\\/\\\/i0.wp.com\\\/pettuchic.cl\\\/wp-content\\\/uploads\\\/2025\\\/04\\\/img_4153-scaled.jpeg?fit=1920%2C2560&ssl=1\",\"width\":1920,\"height\":2560,\"caption\":\"Pantal\u00f3n de Cuero\"},{\"@type\":\"BreadcrumbList\",\"@id\":\"https:\\\/\\\/pettuchic.cl\\\/product\\\/pantalon-de-cuero-deportivo-con-pretina-elastica\\\/#breadcrumb\",\"itemListElement\":[{\"@type\":\"ListItem\",\"position\":1,\"name\":\"Portada\",\"item\":\"https:\\\/\\\/pettuchic.cl\\\/\"},{\"@type\":\"ListItem\",\"position\":2,\"name\":\"Productos\",\"item\":\"https:\\\/\\\/pettuchic.cl\\\/shop\\\/\"},{\"@type\":\"ListItem\",\"position\":3,\"name\":\"Esqualo Leather Pants Sport\"}]},{\"@type\":\"WebSite\",\"@id\":\"https:\\\/\\\/pettuchic.cl\\\/#website\",\"url\":\"https:\\\/\\\/pettuchic.cl\\\/\",\"name\":\"Pettuchic.cl\",\"description\":\"Gamulanes de Cuero, Chaquetas de cuero,  Abrigos de piel natural y accesorios de piel\",\"publisher\":{\"@id\":\"https:\\\/\\\/pettuchic.cl\\\/#organization\"},\"potentialAction\":[{\"@type\":\"SearchAction\",\"target\":{\"@type\":\"EntryPoint\",\"urlTemplate\":\"https:\\\/\\\/pettuchic.cl\\\/?s={search_term_string}\"},\"query-input\":{\"@type\":\"PropertyValueSpecification\",\"valueRequired\":true,\"valueName\":\"search_term_string\"}}],\"inLanguage\":\"en-US\"},{\"@type\":\"Organization\",\"@id\":\"https:\\\/\\\/pettuchic.cl\\\/#organization\",\"name\":\"Pettuchic Apparel Store\",\"alternateName\":\"Pettuchic\",\"url\":\"https:\\\/\\\/pettuchic.cl\\\/\",\"logo\":{\"@type\":\"ImageObject\",\"inLanguage\":\"en-US\",\"@id\":\"https:\\\/\\\/pettuchic.cl\\\/#\\\/schema\\\/logo\\\/image\\\/\",\"url\":\"https:\\\/\\\/pettuchic.cl\\\/wp-content\\\/uploads\\\/2024\\\/06\\\/pettuchic-logo2.svg\",\"contentUrl\":\"https:\\\/\\\/pettuchic.cl\\\/wp-content\\\/uploads\\\/2024\\\/06\\\/pettuchic-logo2.svg\",\"width\":164,\"height\":205,\"caption\":\"Pettuchic Apparel Store\"},\"image\":{\"@id\":\"https:\\\/\\\/pettuchic.cl\\\/#\\\/schema\\\/logo\\\/image\\\/\"},\"sameAs\":[\"https:\\\/\\\/web.facebook.com\\\/Pettuchic\",\"https:\\\/\\\/www.instagram.com\\\/pettuchic\\\/\",\"https:\\\/\\\/www.threads.com\\\/@pettuchic\"]}]}<\/script>\n<!-- \/ Yoast SEO plugin. -->","yoast_head_json":{"title":"Esqualo Leather Pants Sport - Pettuchic","description":"Pantal\u00f3n de Cuero Deportivo con Pretina El\u00e1stica \u2013 Cuero de Cordero Ultra Ligero El pantal\u00f3n de cuero deportivo elaborado en cuero de cordero ultra ligero","robots":{"index":"index","follow":"follow","max-snippet":"max-snippet:-1","max-image-preview":"max-image-preview:large","max-video-preview":"max-video-preview:-1"},"canonical":"https:\/\/pettuchic.cl\/en\/product\/pantalon-de-cuero-deportivo-con-pretina-elastica\/","og_locale":"en_US","og_type":"article","og_title":"Esqualo Leather Pants Sport - Pettuchic","og_description":"Pantal\u00f3n de Cuero Deportivo con Pretina El\u00e1stica \u2013 Cuero de Cordero Ultra Ligero El pantal\u00f3n de cuero deportivo elaborado en cuero de cordero ultra ligero","og_url":"https:\/\/pettuchic.cl\/en\/product\/pantalon-de-cuero-deportivo-con-pretina-elastica\/","og_site_name":"Pettuchic","article_publisher":"https:\/\/web.facebook.com\/Pettuchic","article_modified_time":"2025-08-21T13:39:09+00:00","og_image":[{"width":1920,"height":2560,"url":"https:\/\/pettuchic.cl\/wp-content\/uploads\/2025\/04\/img_4153-scaled.jpeg","type":"image\/jpeg"}],"twitter_card":"summary_large_image","twitter_misc":{"Est. reading time":"2 minutes"},"schema":{"@context":"https:\/\/schema.org","@graph":[{"@type":"WebPage","@id":"https:\/\/pettuchic.cl\/product\/pantalon-de-cuero-deportivo-con-pretina-elastica\/","url":"https:\/\/pettuchic.cl\/product\/pantalon-de-cuero-deportivo-con-pretina-elastica\/","name":"Esqualo Leather Pants Sport - Pettuchic","isPartOf":{"@id":"https:\/\/pettuchic.cl\/#website"},"primaryImageOfPage":{"@id":"https:\/\/pettuchic.cl\/product\/pantalon-de-cuero-deportivo-con-pretina-elastica\/#primaryimage"},"image":{"@id":"https:\/\/pettuchic.cl\/product\/pantalon-de-cuero-deportivo-con-pretina-elastica\/#primaryimage"},"thumbnailUrl":"https:\/\/i0.wp.com\/pettuchic.cl\/wp-content\/uploads\/2025\/04\/img_4153-scaled.jpeg?fit=1920%2C2560&ssl=1","datePublished":"2025-04-22T01:53:39+00:00","dateModified":"2025-08-21T13:39:09+00:00","description":"Pantal\u00f3n de Cuero Deportivo con Pretina El\u00e1stica \u2013 Cuero de Cordero Ultra Ligero El pantal\u00f3n de cuero deportivo elaborado en cuero de cordero ultra ligero","breadcrumb":{"@id":"https:\/\/pettuchic.cl\/product\/pantalon-de-cuero-deportivo-con-pretina-elastica\/#breadcrumb"},"inLanguage":"en-US","potentialAction":[{"@type":"ReadAction","target":["https:\/\/pettuchic.cl\/product\/pantalon-de-cuero-deportivo-con-pretina-elastica\/"]}]},{"@type":"ImageObject","inLanguage":"en-US","@id":"https:\/\/pettuchic.cl\/product\/pantalon-de-cuero-deportivo-con-pretina-elastica\/#primaryimage","url":"https:\/\/i0.wp.com\/pettuchic.cl\/wp-content\/uploads\/2025\/04\/img_4153-scaled.jpeg?fit=1920%2C2560&ssl=1","contentUrl":"https:\/\/i0.wp.com\/pettuchic.cl\/wp-content\/uploads\/2025\/04\/img_4153-scaled.jpeg?fit=1920%2C2560&ssl=1","width":1920,"height":2560,"caption":"Pantal\u00f3n de Cuero"},{"@type":"BreadcrumbList","@id":"https:\/\/pettuchic.cl\/product\/pantalon-de-cuero-deportivo-con-pretina-elastica\/#breadcrumb","itemListElement":[{"@type":"ListItem","position":1,"name":"Portada","item":"https:\/\/pettuchic.cl\/"},{"@type":"ListItem","position":2,"name":"Productos","item":"https:\/\/pettuchic.cl\/shop\/"},{"@type":"ListItem","position":3,"name":"Esqualo Leather Pants Sport"}]},{"@type":"WebSite","@id":"https:\/\/pettuchic.cl\/#website","url":"https:\/\/pettuchic.cl\/","name":"Pettuchic.cl","description":"Gamulanes de Cuero, Chaquetas de cuero,  Abrigos de piel natural y accesorios de piel","publisher":{"@id":"https:\/\/pettuchic.cl\/#organization"},"potentialAction":[{"@type":"SearchAction","target":{"@type":"EntryPoint","urlTemplate":"https:\/\/pettuchic.cl\/?s={search_term_string}"},"query-input":{"@type":"PropertyValueSpecification","valueRequired":true,"valueName":"search_term_string"}}],"inLanguage":"en-US"},{"@type":"Organization","@id":"https:\/\/pettuchic.cl\/#organization","name":"Pettuchic Apparel Store","alternateName":"Pettuchic","url":"https:\/\/pettuchic.cl\/","logo":{"@type":"ImageObject","inLanguage":"en-US","@id":"https:\/\/pettuchic.cl\/#\/schema\/logo\/image\/","url":"https:\/\/pettuchic.cl\/wp-content\/uploads\/2024\/06\/pettuchic-logo2.svg","contentUrl":"https:\/\/pettuchic.cl\/wp-content\/uploads\/2024\/06\/pettuchic-logo2.svg","width":164,"height":205,"caption":"Pettuchic Apparel Store"},"image":{"@id":"https:\/\/pettuchic.cl\/#\/schema\/logo\/image\/"},"sameAs":["https:\/\/web.facebook.com\/Pettuchic","https:\/\/www.instagram.com\/pettuchic\/","https:\/\/www.threads.com\/@pettuchic"]}]}},"jetpack_sharing_enabled":true,"_links":{"self":[{"href":"https:\/\/pettuchic.cl\/en\/wp-json\/wp\/v2\/product\/5243","targetHints":{"allow":["GET"]}}],"collection":[{"href":"https:\/\/pettuchic.cl\/en\/wp-json\/wp\/v2\/product"}],"about":[{"href":"https:\/\/pettuchic.cl\/en\/wp-json\/wp\/v2\/types\/product"}],"wp:featuredmedia":[{"embeddable":true,"href":"https:\/\/pettuchic.cl\/en\/wp-json\/wp\/v2\/media\/5240"}],"wp:attachment":[{"href":"https:\/\/pettuchic.cl\/en\/wp-json\/wp\/v2\/media?parent=5243"}],"wp:term":[{"taxonomy":"product_brand","embeddable":true,"href":"https:\/\/pettuchic.cl\/en\/wp-json\/wp\/v2\/product_brand?post=5243"},{"taxonomy":"product_cat","embeddable":true,"href":"https:\/\/pettuchic.cl\/en\/wp-json\/wp\/v2\/product_cat?post=5243"},{"taxonomy":"product_tag","embeddable":true,"href":"https:\/\/pettuchic.cl\/en\/wp-json\/wp\/v2\/product_tag?post=5243"}],"curies":[{"name":"wp","href":"https:\/\/api.w.org\/{rel}","templated":true}]}}