{"id":5254,"date":"2025-04-21T22:10:34","date_gmt":"2025-04-22T02:10:34","guid":{"rendered":"https:\/\/pettuchic.cl\/product\/dinni-skinny\/"},"modified":"2025-08-21T09:37:22","modified_gmt":"2025-08-21T13:37:22","slug":"pantalon-de-cuero-skinny-en-color-tabaco-oscuro","status":"publish","type":"product","link":"https:\/\/pettuchic.cl\/en\/product\/pantalon-de-cuero-skinny-en-color-tabaco-oscuro\/","title":{"rendered":"Dinni Skinny"},"content":{"rendered":"<h3 data-start=\"0\" data-end=\"53\">Pantal\u00f3n de Cuero Skinny en Color Tabaco Oscuro<\/h3>\n<p data-start=\"55\" data-end=\"372\">El <strong data-start=\"58\" data-end=\"102\">pantal\u00f3n de cuero ajustado estilo Skinny<\/strong> en <strong data-start=\"106\" data-end=\"129\">color tabaco oscuro<\/strong> es una pieza que fusiona modernidad, car\u00e1cter y sofisticaci\u00f3n en un solo dise\u00f1o. Confeccionado en <strong data-start=\"228\" data-end=\"262\">cuero leg\u00edtimo de alta calidad<\/strong>, se adapta al cuerpo como una segunda piel, realzando la silueta con un ajuste impecable y c\u00f3modo a la vez.<\/p>\n<p data-start=\"374\" data-end=\"720\">El tono <strong data-start=\"382\" data-end=\"399\">tabaco oscuro<\/strong> le otorga un aire elegante y vers\u00e1til, perfecto para quienes buscan un look audaz pero refinado. Su color profundo permite que se combine f\u00e1cilmente con prendas en tonos neutros como beige, negro, gris o blanco, y tambi\u00e9n resalta en conjuntos m\u00e1s atrevidos con chaquetas de cuero, camisas oversize o tops minimalistas.<\/p>\n<p data-start=\"722\" data-end=\"1035\">El corte <strong data-start=\"731\" data-end=\"741\">Skinny<\/strong> aporta un estilo contempor\u00e1neo, ideal para crear atuendos urbanos, chic o incluso con un aire sofisticado seg\u00fan los complementos elegidos. Su dise\u00f1o estiliza la figura, marcando con naturalidad las l\u00edneas del cuerpo sin perder la comodidad que caracteriza al cuero flexible de su confecci\u00f3n.<\/p>\n<p data-start=\"1037\" data-end=\"1368\">Este pantal\u00f3n no solo es una prenda de moda, sino una <strong data-start=\"1091\" data-end=\"1116\">pieza de personalidad<\/strong>: cada vez que se lleva, transmite seguridad, estilo y car\u00e1cter. Ya sea con botas altas para un look imponente, con tacones para una propuesta elegante, o con zapatillas para un aire m\u00e1s casual, este dise\u00f1o se convierte en el protagonista del outfit.<\/p>\n<p data-start=\"1370\" data-end=\"1582\">El <strong data-start=\"1373\" data-end=\"1424\">pantal\u00f3n de cuero Skinny en color tabaco oscuro<\/strong> es la elecci\u00f3n perfecta para quienes desean destacar con un estilo sofisticado y moderno, logrando una imagen \u00fanica que trasciende tendencias y temporadas.<\/p>\n<h2 style=\"text-align: center;\">Medidas<\/h2>\n<p style=\"text-align: center;\">Contorno pretina: 76 CM<\/p>\n<p style=\"text-align: center;\">Tir\u00f3 desde la pretina: 24 CM<\/p>\n<p style=\"text-align: center;\">Contorno Trasero: 92 CM<\/p>\n<p style=\"text-align: center;\">Contorno Muslo: 46 CM<\/p>\n<p style=\"text-align: center;\">Largo total: 101 CM<\/p>","protected":false},"excerpt":{"rendered":"<p>Pantal\u00f3n de Cuero Skinny en Color Tabaco Oscuro El pantal\u00f3n de cuero ajustado estilo Skinny en color tabaco oscuro es una pieza que fusiona modernidad, car\u00e1cter y sofisticaci\u00f3n en un solo dise\u00f1o. Confeccionado en cuero leg\u00edtimo de alta calidad, se adapta al cuerpo como una segunda piel, realzando la silueta con un ajuste impecable y [&hellip;]<\/p>\n","protected":false},"featured_media":5253,"template":"","meta":{"_monsterinsights_skip_tracking":false,"_monsterinsights_sitenote_active":false,"_monsterinsights_sitenote_note":"","_monsterinsights_sitenote_category":0,"site-sidebar-layout":"default","site-content-layout":"","ast-site-content-layout":"default","site-content-style":"default","site-sidebar-style":"default","ast-global-header-display":"","ast-banner-title-visibility":"","ast-main-header-display":"","ast-hfb-above-header-display":"","ast-hfb-below-header-display":"","ast-hfb-mobile-header-display":"","site-post-title":"","ast-breadcrumbs-content":"","ast-featured-img":"","footer-sml-layout":"","ast-disable-related-posts":"","theme-transparent-header-meta":"default","adv-header-id-meta":"","stick-header-meta":"","header-above-stick-meta":"","header-main-stick-meta":"","header-below-stick-meta":"","astra-migrate-meta-layouts":"set","ast-page-background-enabled":"default","ast-page-background-meta":{"desktop":{"background-color":"","background-image":"","background-repeat":"repeat","background-position":"center center","background-size":"auto","background-attachment":"scroll","background-type":"","background-media":"","overlay-type":"","overlay-color":"","overlay-opacity":"","overlay-gradient":""},"tablet":{"background-color":"","background-image":"","background-repeat":"repeat","background-position":"center center","background-size":"auto","background-attachment":"scroll","background-type":"","background-media":"","overlay-type":"","overlay-color":"","overlay-opacity":"","overlay-gradient":""},"mobile":{"background-color":"","background-image":"","background-repeat":"repeat","background-position":"center center","background-size":"auto","background-attachment":"scroll","background-type":"","background-media":"","overlay-type":"","overlay-color":"","overlay-opacity":"","overlay-gradient":""}},"ast-content-background-meta":{"desktop":{"background-color":"var(--ast-global-color-5)","background-image":"","background-repeat":"repeat","background-position":"center center","background-size":"auto","background-attachment":"scroll","background-type":"","background-media":"","overlay-type":"","overlay-color":"","overlay-opacity":"","overlay-gradient":""},"tablet":{"background-color":"var(--ast-global-color-5)","background-image":"","background-repeat":"repeat","background-position":"center center","background-size":"auto","background-attachment":"scroll","background-type":"","background-media":"","overlay-type":"","overlay-color":"","overlay-opacity":"","overlay-gradient":""},"mobile":{"background-color":"var(--ast-global-color-5)","background-image":"","background-repeat":"repeat","background-position":"center center","background-size":"auto","background-attachment":"scroll","background-type":"","background-media":"","overlay-type":"","overlay-color":"","overlay-opacity":"","overlay-gradient":""}}},"product_brand":[],"product_cat":[170,217],"product_tag":[],"class_list":{"0":"post-5254","1":"product","2":"type-product","3":"status-publish","4":"has-post-thumbnail","6":"product_cat-mujer","7":"product_cat-pantalones","8":"desktop-align-left","9":"tablet-align-left","10":"mobile-align-left","12":"first","13":"instock","14":"sold-individually","15":"taxable","16":"shipping-taxable","17":"purchasable","18":"product-type-simple"},"yoast_head":"<!-- This site is optimized with the Yoast SEO plugin v27.4 - https:\/\/yoast.com\/product\/yoast-seo-wordpress\/ -->\n<title>Dinni Skinny - Pettuchic<\/title>\n<meta name=\"description\" content=\"Pantal\u00f3n de Cuero Skinny en Color Tabaco Oscuro El pantal\u00f3n de cuero ajustado estilo Skinny en color tabaco oscuro es una pieza que fusiona modernidad,\" \/>\n<meta name=\"robots\" content=\"index, follow, max-snippet:-1, max-image-preview:large, max-video-preview:-1\" \/>\n<link rel=\"canonical\" href=\"https:\/\/pettuchic.cl\/en\/product\/pantalon-de-cuero-skinny-en-color-tabaco-oscuro\/\" \/>\n<meta property=\"og:locale\" content=\"en_US\" \/>\n<meta property=\"og:type\" content=\"article\" \/>\n<meta property=\"og:title\" content=\"Dinni Skinny - Pettuchic\" \/>\n<meta property=\"og:description\" content=\"Pantal\u00f3n de Cuero Skinny en Color Tabaco Oscuro El pantal\u00f3n de cuero ajustado estilo Skinny en color tabaco oscuro es una pieza que fusiona modernidad,\" \/>\n<meta property=\"og:url\" content=\"https:\/\/pettuchic.cl\/en\/product\/pantalon-de-cuero-skinny-en-color-tabaco-oscuro\/\" \/>\n<meta property=\"og:site_name\" content=\"Pettuchic\" \/>\n<meta property=\"article:publisher\" content=\"https:\/\/web.facebook.com\/Pettuchic\" \/>\n<meta property=\"article:modified_time\" content=\"2025-08-21T13:37:22+00:00\" \/>\n<meta property=\"og:image\" content=\"https:\/\/pettuchic.cl\/wp-content\/uploads\/2025\/04\/img_4184-scaled.jpeg\" \/>\n\t<meta property=\"og:image:width\" content=\"1920\" \/>\n\t<meta property=\"og:image:height\" content=\"2560\" \/>\n\t<meta property=\"og:image:type\" content=\"image\/jpeg\" \/>\n<meta name=\"twitter:card\" content=\"summary_large_image\" \/>\n<meta name=\"twitter:label1\" content=\"Est. reading time\" \/>\n\t<meta name=\"twitter:data1\" content=\"2 minutes\" \/>\n<script type=\"application\/ld+json\" class=\"yoast-schema-graph\">{\"@context\":\"https:\\\/\\\/schema.org\",\"@graph\":[{\"@type\":\"WebPage\",\"@id\":\"https:\\\/\\\/pettuchic.cl\\\/product\\\/pantalon-de-cuero-skinny-en-color-tabaco-oscuro\\\/\",\"url\":\"https:\\\/\\\/pettuchic.cl\\\/product\\\/pantalon-de-cuero-skinny-en-color-tabaco-oscuro\\\/\",\"name\":\"Dinni Skinny - Pettuchic\",\"isPartOf\":{\"@id\":\"https:\\\/\\\/pettuchic.cl\\\/#website\"},\"primaryImageOfPage\":{\"@id\":\"https:\\\/\\\/pettuchic.cl\\\/product\\\/pantalon-de-cuero-skinny-en-color-tabaco-oscuro\\\/#primaryimage\"},\"image\":{\"@id\":\"https:\\\/\\\/pettuchic.cl\\\/product\\\/pantalon-de-cuero-skinny-en-color-tabaco-oscuro\\\/#primaryimage\"},\"thumbnailUrl\":\"https:\\\/\\\/i0.wp.com\\\/pettuchic.cl\\\/wp-content\\\/uploads\\\/2025\\\/04\\\/img_4184-scaled.jpeg?fit=1920%2C2560&ssl=1\",\"datePublished\":\"2025-04-22T02:10:34+00:00\",\"dateModified\":\"2025-08-21T13:37:22+00:00\",\"description\":\"Pantal\u00f3n de Cuero Skinny en Color Tabaco Oscuro El pantal\u00f3n de cuero ajustado estilo Skinny en color tabaco oscuro es una pieza que fusiona modernidad,\",\"breadcrumb\":{\"@id\":\"https:\\\/\\\/pettuchic.cl\\\/product\\\/pantalon-de-cuero-skinny-en-color-tabaco-oscuro\\\/#breadcrumb\"},\"inLanguage\":\"en-US\",\"potentialAction\":[{\"@type\":\"ReadAction\",\"target\":[\"https:\\\/\\\/pettuchic.cl\\\/product\\\/pantalon-de-cuero-skinny-en-color-tabaco-oscuro\\\/\"]}]},{\"@type\":\"ImageObject\",\"inLanguage\":\"en-US\",\"@id\":\"https:\\\/\\\/pettuchic.cl\\\/product\\\/pantalon-de-cuero-skinny-en-color-tabaco-oscuro\\\/#primaryimage\",\"url\":\"https:\\\/\\\/i0.wp.com\\\/pettuchic.cl\\\/wp-content\\\/uploads\\\/2025\\\/04\\\/img_4184-scaled.jpeg?fit=1920%2C2560&ssl=1\",\"contentUrl\":\"https:\\\/\\\/i0.wp.com\\\/pettuchic.cl\\\/wp-content\\\/uploads\\\/2025\\\/04\\\/img_4184-scaled.jpeg?fit=1920%2C2560&ssl=1\",\"width\":1920,\"height\":2560,\"caption\":\"Pantal\u00f3n de Cuero\"},{\"@type\":\"BreadcrumbList\",\"@id\":\"https:\\\/\\\/pettuchic.cl\\\/product\\\/pantalon-de-cuero-skinny-en-color-tabaco-oscuro\\\/#breadcrumb\",\"itemListElement\":[{\"@type\":\"ListItem\",\"position\":1,\"name\":\"Portada\",\"item\":\"https:\\\/\\\/pettuchic.cl\\\/\"},{\"@type\":\"ListItem\",\"position\":2,\"name\":\"Productos\",\"item\":\"https:\\\/\\\/pettuchic.cl\\\/shop\\\/\"},{\"@type\":\"ListItem\",\"position\":3,\"name\":\"Dinni Skinny\"}]},{\"@type\":\"WebSite\",\"@id\":\"https:\\\/\\\/pettuchic.cl\\\/#website\",\"url\":\"https:\\\/\\\/pettuchic.cl\\\/\",\"name\":\"Pettuchic.cl\",\"description\":\"Gamulanes de Cuero, Chaquetas de cuero,  Abrigos de piel natural y accesorios de piel\",\"publisher\":{\"@id\":\"https:\\\/\\\/pettuchic.cl\\\/#organization\"},\"potentialAction\":[{\"@type\":\"SearchAction\",\"target\":{\"@type\":\"EntryPoint\",\"urlTemplate\":\"https:\\\/\\\/pettuchic.cl\\\/?s={search_term_string}\"},\"query-input\":{\"@type\":\"PropertyValueSpecification\",\"valueRequired\":true,\"valueName\":\"search_term_string\"}}],\"inLanguage\":\"en-US\"},{\"@type\":\"Organization\",\"@id\":\"https:\\\/\\\/pettuchic.cl\\\/#organization\",\"name\":\"Pettuchic Apparel Store\",\"alternateName\":\"Pettuchic\",\"url\":\"https:\\\/\\\/pettuchic.cl\\\/\",\"logo\":{\"@type\":\"ImageObject\",\"inLanguage\":\"en-US\",\"@id\":\"https:\\\/\\\/pettuchic.cl\\\/#\\\/schema\\\/logo\\\/image\\\/\",\"url\":\"https:\\\/\\\/pettuchic.cl\\\/wp-content\\\/uploads\\\/2024\\\/06\\\/pettuchic-logo2.svg\",\"contentUrl\":\"https:\\\/\\\/pettuchic.cl\\\/wp-content\\\/uploads\\\/2024\\\/06\\\/pettuchic-logo2.svg\",\"width\":164,\"height\":205,\"caption\":\"Pettuchic Apparel Store\"},\"image\":{\"@id\":\"https:\\\/\\\/pettuchic.cl\\\/#\\\/schema\\\/logo\\\/image\\\/\"},\"sameAs\":[\"https:\\\/\\\/web.facebook.com\\\/Pettuchic\",\"https:\\\/\\\/www.instagram.com\\\/pettuchic\\\/\",\"https:\\\/\\\/www.threads.com\\\/@pettuchic\"]}]}<\/script>\n<!-- \/ Yoast SEO plugin. -->","yoast_head_json":{"title":"Dinni Skinny - Pettuchic","description":"Pantal\u00f3n de Cuero Skinny en Color Tabaco Oscuro El pantal\u00f3n de cuero ajustado estilo Skinny en color tabaco oscuro es una pieza que fusiona modernidad,","robots":{"index":"index","follow":"follow","max-snippet":"max-snippet:-1","max-image-preview":"max-image-preview:large","max-video-preview":"max-video-preview:-1"},"canonical":"https:\/\/pettuchic.cl\/en\/product\/pantalon-de-cuero-skinny-en-color-tabaco-oscuro\/","og_locale":"en_US","og_type":"article","og_title":"Dinni Skinny - Pettuchic","og_description":"Pantal\u00f3n de Cuero Skinny en Color Tabaco Oscuro El pantal\u00f3n de cuero ajustado estilo Skinny en color tabaco oscuro es una pieza que fusiona modernidad,","og_url":"https:\/\/pettuchic.cl\/en\/product\/pantalon-de-cuero-skinny-en-color-tabaco-oscuro\/","og_site_name":"Pettuchic","article_publisher":"https:\/\/web.facebook.com\/Pettuchic","article_modified_time":"2025-08-21T13:37:22+00:00","og_image":[{"width":1920,"height":2560,"url":"https:\/\/pettuchic.cl\/wp-content\/uploads\/2025\/04\/img_4184-scaled.jpeg","type":"image\/jpeg"}],"twitter_card":"summary_large_image","twitter_misc":{"Est. reading time":"2 minutes"},"schema":{"@context":"https:\/\/schema.org","@graph":[{"@type":"WebPage","@id":"https:\/\/pettuchic.cl\/product\/pantalon-de-cuero-skinny-en-color-tabaco-oscuro\/","url":"https:\/\/pettuchic.cl\/product\/pantalon-de-cuero-skinny-en-color-tabaco-oscuro\/","name":"Dinni Skinny - Pettuchic","isPartOf":{"@id":"https:\/\/pettuchic.cl\/#website"},"primaryImageOfPage":{"@id":"https:\/\/pettuchic.cl\/product\/pantalon-de-cuero-skinny-en-color-tabaco-oscuro\/#primaryimage"},"image":{"@id":"https:\/\/pettuchic.cl\/product\/pantalon-de-cuero-skinny-en-color-tabaco-oscuro\/#primaryimage"},"thumbnailUrl":"https:\/\/i0.wp.com\/pettuchic.cl\/wp-content\/uploads\/2025\/04\/img_4184-scaled.jpeg?fit=1920%2C2560&ssl=1","datePublished":"2025-04-22T02:10:34+00:00","dateModified":"2025-08-21T13:37:22+00:00","description":"Pantal\u00f3n de Cuero Skinny en Color Tabaco Oscuro El pantal\u00f3n de cuero ajustado estilo Skinny en color tabaco oscuro es una pieza que fusiona modernidad,","breadcrumb":{"@id":"https:\/\/pettuchic.cl\/product\/pantalon-de-cuero-skinny-en-color-tabaco-oscuro\/#breadcrumb"},"inLanguage":"en-US","potentialAction":[{"@type":"ReadAction","target":["https:\/\/pettuchic.cl\/product\/pantalon-de-cuero-skinny-en-color-tabaco-oscuro\/"]}]},{"@type":"ImageObject","inLanguage":"en-US","@id":"https:\/\/pettuchic.cl\/product\/pantalon-de-cuero-skinny-en-color-tabaco-oscuro\/#primaryimage","url":"https:\/\/i0.wp.com\/pettuchic.cl\/wp-content\/uploads\/2025\/04\/img_4184-scaled.jpeg?fit=1920%2C2560&ssl=1","contentUrl":"https:\/\/i0.wp.com\/pettuchic.cl\/wp-content\/uploads\/2025\/04\/img_4184-scaled.jpeg?fit=1920%2C2560&ssl=1","width":1920,"height":2560,"caption":"Pantal\u00f3n de Cuero"},{"@type":"BreadcrumbList","@id":"https:\/\/pettuchic.cl\/product\/pantalon-de-cuero-skinny-en-color-tabaco-oscuro\/#breadcrumb","itemListElement":[{"@type":"ListItem","position":1,"name":"Portada","item":"https:\/\/pettuchic.cl\/"},{"@type":"ListItem","position":2,"name":"Productos","item":"https:\/\/pettuchic.cl\/shop\/"},{"@type":"ListItem","position":3,"name":"Dinni Skinny"}]},{"@type":"WebSite","@id":"https:\/\/pettuchic.cl\/#website","url":"https:\/\/pettuchic.cl\/","name":"Pettuchic.cl","description":"Gamulanes de Cuero, Chaquetas de cuero,  Abrigos de piel natural y accesorios de piel","publisher":{"@id":"https:\/\/pettuchic.cl\/#organization"},"potentialAction":[{"@type":"SearchAction","target":{"@type":"EntryPoint","urlTemplate":"https:\/\/pettuchic.cl\/?s={search_term_string}"},"query-input":{"@type":"PropertyValueSpecification","valueRequired":true,"valueName":"search_term_string"}}],"inLanguage":"en-US"},{"@type":"Organization","@id":"https:\/\/pettuchic.cl\/#organization","name":"Pettuchic Apparel Store","alternateName":"Pettuchic","url":"https:\/\/pettuchic.cl\/","logo":{"@type":"ImageObject","inLanguage":"en-US","@id":"https:\/\/pettuchic.cl\/#\/schema\/logo\/image\/","url":"https:\/\/pettuchic.cl\/wp-content\/uploads\/2024\/06\/pettuchic-logo2.svg","contentUrl":"https:\/\/pettuchic.cl\/wp-content\/uploads\/2024\/06\/pettuchic-logo2.svg","width":164,"height":205,"caption":"Pettuchic Apparel Store"},"image":{"@id":"https:\/\/pettuchic.cl\/#\/schema\/logo\/image\/"},"sameAs":["https:\/\/web.facebook.com\/Pettuchic","https:\/\/www.instagram.com\/pettuchic\/","https:\/\/www.threads.com\/@pettuchic"]}]}},"jetpack_sharing_enabled":true,"_links":{"self":[{"href":"https:\/\/pettuchic.cl\/en\/wp-json\/wp\/v2\/product\/5254","targetHints":{"allow":["GET"]}}],"collection":[{"href":"https:\/\/pettuchic.cl\/en\/wp-json\/wp\/v2\/product"}],"about":[{"href":"https:\/\/pettuchic.cl\/en\/wp-json\/wp\/v2\/types\/product"}],"wp:featuredmedia":[{"embeddable":true,"href":"https:\/\/pettuchic.cl\/en\/wp-json\/wp\/v2\/media\/5253"}],"wp:attachment":[{"href":"https:\/\/pettuchic.cl\/en\/wp-json\/wp\/v2\/media?parent=5254"}],"wp:term":[{"taxonomy":"product_brand","embeddable":true,"href":"https:\/\/pettuchic.cl\/en\/wp-json\/wp\/v2\/product_brand?post=5254"},{"taxonomy":"product_cat","embeddable":true,"href":"https:\/\/pettuchic.cl\/en\/wp-json\/wp\/v2\/product_cat?post=5254"},{"taxonomy":"product_tag","embeddable":true,"href":"https:\/\/pettuchic.cl\/en\/wp-json\/wp\/v2\/product_tag?post=5254"}],"curies":[{"name":"wp","href":"https:\/\/api.w.org\/{rel}","templated":true}]}}