{"id":5309,"date":"2025-04-22T10:40:11","date_gmt":"2025-04-22T14:40:11","guid":{"rendered":"https:\/\/pettuchic.cl\/product\/ako-shearling\/"},"modified":"2026-04-21T14:00:07","modified_gmt":"2026-04-21T18:00:07","slug":"ako-shearling","status":"publish","type":"product","link":"https:\/\/pettuchic.cl\/en\/product\/ako-shearling\/","title":{"rendered":"Ako Shearling Coat &#8211; Gamulan con Lana"},"content":{"rendered":"<p>Experimenta la elegancia y el confort con nuestro abrigo de cuero de hombre, dise\u00f1ado para aquellos que buscan estilo y calidad. Este abrigo de cuero natural es una obra maestra de la moda masculina, con un interior forrado con lana Shetland de alta calidad que te har\u00e1 sentir como en un abrazo c\u00e1lido y suave.<\/p>\n<p>El cuero utilizado es de alta calidad y tiene un color natural que se adapta perfectamente a cualquier estilo.<\/p>\n<p>&#8211; <strong>Lana Shetland<\/strong>: El interior del abrigo est\u00e1 forrado con lana Shetland matizada en tonalidades caf\u00e9 y negros, lo que le da un toque de elegancia y sofisticaci\u00f3n.<\/p>\n<p>&#8211; <strong>Suavidad y confort<\/strong>: La lana Shetland es conocida por su suavidad y confort, lo que te har\u00e1 sentir como en casa incluso en los d\u00edas m\u00e1s fr\u00edos.<\/p>\n<p>&#8211; <strong>Ajustador a la altura de la cintura<\/strong>: El abrigo tiene un ajustador a la altura de la cintura que te permite ajustar la prenda a tu medida, lo que te da un look m\u00e1s definido y elegante.<\/p>\n<h2 style=\"text-align: center;\">Medidas<\/h2>\n<p style=\"text-align: center;\">Contorno de Pecho: 140 CM<\/p>\n<p style=\"text-align: center;\">Hombro a Hombro: 56 CM<\/p>\n<p style=\"text-align: center;\">Largo de Manga: 65 CM<\/p>\n<p style=\"text-align: center;\">Largo Total: 89 CM<\/p>","protected":false},"excerpt":{"rendered":"<p>Experimenta la elegancia y el confort con nuestro abrigo de cuero de hombre, dise\u00f1ado para aquellos que buscan estilo y calidad. Este abrigo de cuero natural es una obra maestra de la moda masculina, con un interior forrado con lana Shetland de alta calidad que te har\u00e1 sentir como en un abrazo c\u00e1lido y suave. [&hellip;]<\/p>\n","protected":false},"featured_media":5304,"template":"","meta":{"_monsterinsights_skip_tracking":false,"_monsterinsights_sitenote_active":false,"_monsterinsights_sitenote_note":"","_monsterinsights_sitenote_category":0,"site-sidebar-layout":"default","site-content-layout":"","ast-site-content-layout":"default","site-content-style":"default","site-sidebar-style":"default","ast-global-header-display":"","ast-banner-title-visibility":"","ast-main-header-display":"","ast-hfb-above-header-display":"","ast-hfb-below-header-display":"","ast-hfb-mobile-header-display":"","site-post-title":"","ast-breadcrumbs-content":"","ast-featured-img":"","footer-sml-layout":"","ast-disable-related-posts":"","theme-transparent-header-meta":"default","adv-header-id-meta":"","stick-header-meta":"","header-above-stick-meta":"","header-main-stick-meta":"","header-below-stick-meta":"","astra-migrate-meta-layouts":"set","ast-page-background-enabled":"default","ast-page-background-meta":{"desktop":{"background-color":"","background-image":"","background-repeat":"repeat","background-position":"center center","background-size":"auto","background-attachment":"scroll","background-type":"","background-media":"","overlay-type":"","overlay-color":"","overlay-opacity":"","overlay-gradient":""},"tablet":{"background-color":"","background-image":"","background-repeat":"repeat","background-position":"center center","background-size":"auto","background-attachment":"scroll","background-type":"","background-media":"","overlay-type":"","overlay-color":"","overlay-opacity":"","overlay-gradient":""},"mobile":{"background-color":"","background-image":"","background-repeat":"repeat","background-position":"center center","background-size":"auto","background-attachment":"scroll","background-type":"","background-media":"","overlay-type":"","overlay-color":"","overlay-opacity":"","overlay-gradient":""}},"ast-content-background-meta":{"desktop":{"background-color":"var(--ast-global-color-5)","background-image":"","background-repeat":"repeat","background-position":"center center","background-size":"auto","background-attachment":"scroll","background-type":"","background-media":"","overlay-type":"","overlay-color":"","overlay-opacity":"","overlay-gradient":""},"tablet":{"background-color":"var(--ast-global-color-5)","background-image":"","background-repeat":"repeat","background-position":"center center","background-size":"auto","background-attachment":"scroll","background-type":"","background-media":"","overlay-type":"","overlay-color":"","overlay-opacity":"","overlay-gradient":""},"mobile":{"background-color":"var(--ast-global-color-5)","background-image":"","background-repeat":"repeat","background-position":"center center","background-size":"auto","background-attachment":"scroll","background-type":"","background-media":"","overlay-type":"","overlay-color":"","overlay-opacity":"","overlay-gradient":""}}},"product_brand":[],"product_cat":[175,169],"product_tag":[],"class_list":{"0":"post-5309","1":"product","2":"type-product","3":"status-publish","4":"has-post-thumbnail","6":"product_cat-shearling-coats","7":"product_cat-hombre","8":"desktop-align-left","9":"tablet-align-left","10":"mobile-align-left","12":"first","13":"instock","14":"sold-individually","15":"taxable","16":"shipping-taxable","17":"purchasable","18":"product-type-simple"},"yoast_head":"<!-- This site is optimized with the Yoast SEO plugin v27.4 - https:\/\/yoast.com\/product\/yoast-seo-wordpress\/ -->\n<title>Ako Shearling Coat - Gamulan con Lana - Pettuchic<\/title>\n<meta name=\"description\" content=\"Experimenta la elegancia y el confort con nuestro abrigo de cuero de hombre, dise\u00f1ado para aquellos que buscan estilo y calidad. Este abrigo de cuero\" \/>\n<meta name=\"robots\" content=\"index, follow, max-snippet:-1, max-image-preview:large, max-video-preview:-1\" \/>\n<link rel=\"canonical\" href=\"https:\/\/pettuchic.cl\/en\/product\/ako-shearling\/\" \/>\n<meta property=\"og:locale\" content=\"en_US\" \/>\n<meta property=\"og:type\" content=\"article\" \/>\n<meta property=\"og:title\" content=\"Ako Shearling Coat - Gamulan con Lana - Pettuchic\" \/>\n<meta property=\"og:description\" content=\"Experimenta la elegancia y el confort con nuestro abrigo de cuero de hombre, dise\u00f1ado para aquellos que buscan estilo y calidad. Este abrigo de cuero\" \/>\n<meta property=\"og:url\" content=\"https:\/\/pettuchic.cl\/en\/product\/ako-shearling\/\" \/>\n<meta property=\"og:site_name\" content=\"Pettuchic\" \/>\n<meta property=\"article:publisher\" content=\"https:\/\/web.facebook.com\/Pettuchic\" \/>\n<meta property=\"article:modified_time\" content=\"2026-04-21T18:00:07+00:00\" \/>\n<meta property=\"og:image\" content=\"https:\/\/pettuchic.cl\/wp-content\/uploads\/2025\/04\/img_4356-scaled.jpeg\" \/>\n\t<meta property=\"og:image:width\" content=\"1920\" \/>\n\t<meta property=\"og:image:height\" content=\"2560\" \/>\n\t<meta property=\"og:image:type\" content=\"image\/jpeg\" \/>\n<meta name=\"twitter:card\" content=\"summary_large_image\" \/>\n<meta name=\"twitter:label1\" content=\"Est. reading time\" \/>\n\t<meta name=\"twitter:data1\" content=\"2 minutes\" \/>\n<script type=\"application\/ld+json\" class=\"yoast-schema-graph\">{\"@context\":\"https:\\\/\\\/schema.org\",\"@graph\":[{\"@type\":\"WebPage\",\"@id\":\"https:\\\/\\\/pettuchic.cl\\\/product\\\/ako-shearling\\\/\",\"url\":\"https:\\\/\\\/pettuchic.cl\\\/product\\\/ako-shearling\\\/\",\"name\":\"Ako Shearling Coat - Gamulan con Lana - Pettuchic\",\"isPartOf\":{\"@id\":\"https:\\\/\\\/pettuchic.cl\\\/#website\"},\"primaryImageOfPage\":{\"@id\":\"https:\\\/\\\/pettuchic.cl\\\/product\\\/ako-shearling\\\/#primaryimage\"},\"image\":{\"@id\":\"https:\\\/\\\/pettuchic.cl\\\/product\\\/ako-shearling\\\/#primaryimage\"},\"thumbnailUrl\":\"https:\\\/\\\/i0.wp.com\\\/pettuchic.cl\\\/wp-content\\\/uploads\\\/2025\\\/04\\\/img_4356-scaled.jpeg?fit=1920%2C2560&ssl=1\",\"datePublished\":\"2025-04-22T14:40:11+00:00\",\"dateModified\":\"2026-04-21T18:00:07+00:00\",\"description\":\"Experimenta la elegancia y el confort con nuestro abrigo de cuero de hombre, dise\u00f1ado para aquellos que buscan estilo y calidad. Este abrigo de cuero\",\"breadcrumb\":{\"@id\":\"https:\\\/\\\/pettuchic.cl\\\/product\\\/ako-shearling\\\/#breadcrumb\"},\"inLanguage\":\"en-US\",\"potentialAction\":[{\"@type\":\"ReadAction\",\"target\":[\"https:\\\/\\\/pettuchic.cl\\\/product\\\/ako-shearling\\\/\"]}]},{\"@type\":\"ImageObject\",\"inLanguage\":\"en-US\",\"@id\":\"https:\\\/\\\/pettuchic.cl\\\/product\\\/ako-shearling\\\/#primaryimage\",\"url\":\"https:\\\/\\\/i0.wp.com\\\/pettuchic.cl\\\/wp-content\\\/uploads\\\/2025\\\/04\\\/img_4356-scaled.jpeg?fit=1920%2C2560&ssl=1\",\"contentUrl\":\"https:\\\/\\\/i0.wp.com\\\/pettuchic.cl\\\/wp-content\\\/uploads\\\/2025\\\/04\\\/img_4356-scaled.jpeg?fit=1920%2C2560&ssl=1\",\"width\":1920,\"height\":2560,\"caption\":\"Gamulan de lana con pelo largo\"},{\"@type\":\"BreadcrumbList\",\"@id\":\"https:\\\/\\\/pettuchic.cl\\\/product\\\/ako-shearling\\\/#breadcrumb\",\"itemListElement\":[{\"@type\":\"ListItem\",\"position\":1,\"name\":\"Portada\",\"item\":\"https:\\\/\\\/pettuchic.cl\\\/\"},{\"@type\":\"ListItem\",\"position\":2,\"name\":\"Productos\",\"item\":\"https:\\\/\\\/pettuchic.cl\\\/shop\\\/\"},{\"@type\":\"ListItem\",\"position\":3,\"name\":\"Ako Shearling Coat &#8211; Gamulan con Lana\"}]},{\"@type\":\"WebSite\",\"@id\":\"https:\\\/\\\/pettuchic.cl\\\/#website\",\"url\":\"https:\\\/\\\/pettuchic.cl\\\/\",\"name\":\"Pettuchic.cl\",\"description\":\"Gamulanes de Cuero, Chaquetas de cuero,  Abrigos de piel natural y accesorios de piel\",\"publisher\":{\"@id\":\"https:\\\/\\\/pettuchic.cl\\\/#organization\"},\"potentialAction\":[{\"@type\":\"SearchAction\",\"target\":{\"@type\":\"EntryPoint\",\"urlTemplate\":\"https:\\\/\\\/pettuchic.cl\\\/?s={search_term_string}\"},\"query-input\":{\"@type\":\"PropertyValueSpecification\",\"valueRequired\":true,\"valueName\":\"search_term_string\"}}],\"inLanguage\":\"en-US\"},{\"@type\":\"Organization\",\"@id\":\"https:\\\/\\\/pettuchic.cl\\\/#organization\",\"name\":\"Pettuchic Apparel Store\",\"alternateName\":\"Pettuchic\",\"url\":\"https:\\\/\\\/pettuchic.cl\\\/\",\"logo\":{\"@type\":\"ImageObject\",\"inLanguage\":\"en-US\",\"@id\":\"https:\\\/\\\/pettuchic.cl\\\/#\\\/schema\\\/logo\\\/image\\\/\",\"url\":\"https:\\\/\\\/pettuchic.cl\\\/wp-content\\\/uploads\\\/2024\\\/06\\\/pettuchic-logo2.svg\",\"contentUrl\":\"https:\\\/\\\/pettuchic.cl\\\/wp-content\\\/uploads\\\/2024\\\/06\\\/pettuchic-logo2.svg\",\"width\":164,\"height\":205,\"caption\":\"Pettuchic Apparel Store\"},\"image\":{\"@id\":\"https:\\\/\\\/pettuchic.cl\\\/#\\\/schema\\\/logo\\\/image\\\/\"},\"sameAs\":[\"https:\\\/\\\/web.facebook.com\\\/Pettuchic\",\"https:\\\/\\\/www.instagram.com\\\/pettuchic\\\/\",\"https:\\\/\\\/www.threads.com\\\/@pettuchic\"]}]}<\/script>\n<!-- \/ Yoast SEO plugin. -->","yoast_head_json":{"title":"Ako Shearling Coat - Gamulan con Lana - Pettuchic","description":"Experimenta la elegancia y el confort con nuestro abrigo de cuero de hombre, dise\u00f1ado para aquellos que buscan estilo y calidad. Este abrigo de cuero","robots":{"index":"index","follow":"follow","max-snippet":"max-snippet:-1","max-image-preview":"max-image-preview:large","max-video-preview":"max-video-preview:-1"},"canonical":"https:\/\/pettuchic.cl\/en\/product\/ako-shearling\/","og_locale":"en_US","og_type":"article","og_title":"Ako Shearling Coat - Gamulan con Lana - Pettuchic","og_description":"Experimenta la elegancia y el confort con nuestro abrigo de cuero de hombre, dise\u00f1ado para aquellos que buscan estilo y calidad. Este abrigo de cuero","og_url":"https:\/\/pettuchic.cl\/en\/product\/ako-shearling\/","og_site_name":"Pettuchic","article_publisher":"https:\/\/web.facebook.com\/Pettuchic","article_modified_time":"2026-04-21T18:00:07+00:00","og_image":[{"width":1920,"height":2560,"url":"https:\/\/pettuchic.cl\/wp-content\/uploads\/2025\/04\/img_4356-scaled.jpeg","type":"image\/jpeg"}],"twitter_card":"summary_large_image","twitter_misc":{"Est. reading time":"2 minutes"},"schema":{"@context":"https:\/\/schema.org","@graph":[{"@type":"WebPage","@id":"https:\/\/pettuchic.cl\/product\/ako-shearling\/","url":"https:\/\/pettuchic.cl\/product\/ako-shearling\/","name":"Ako Shearling Coat - Gamulan con Lana - Pettuchic","isPartOf":{"@id":"https:\/\/pettuchic.cl\/#website"},"primaryImageOfPage":{"@id":"https:\/\/pettuchic.cl\/product\/ako-shearling\/#primaryimage"},"image":{"@id":"https:\/\/pettuchic.cl\/product\/ako-shearling\/#primaryimage"},"thumbnailUrl":"https:\/\/i0.wp.com\/pettuchic.cl\/wp-content\/uploads\/2025\/04\/img_4356-scaled.jpeg?fit=1920%2C2560&ssl=1","datePublished":"2025-04-22T14:40:11+00:00","dateModified":"2026-04-21T18:00:07+00:00","description":"Experimenta la elegancia y el confort con nuestro abrigo de cuero de hombre, dise\u00f1ado para aquellos que buscan estilo y calidad. Este abrigo de cuero","breadcrumb":{"@id":"https:\/\/pettuchic.cl\/product\/ako-shearling\/#breadcrumb"},"inLanguage":"en-US","potentialAction":[{"@type":"ReadAction","target":["https:\/\/pettuchic.cl\/product\/ako-shearling\/"]}]},{"@type":"ImageObject","inLanguage":"en-US","@id":"https:\/\/pettuchic.cl\/product\/ako-shearling\/#primaryimage","url":"https:\/\/i0.wp.com\/pettuchic.cl\/wp-content\/uploads\/2025\/04\/img_4356-scaled.jpeg?fit=1920%2C2560&ssl=1","contentUrl":"https:\/\/i0.wp.com\/pettuchic.cl\/wp-content\/uploads\/2025\/04\/img_4356-scaled.jpeg?fit=1920%2C2560&ssl=1","width":1920,"height":2560,"caption":"Gamulan de lana con pelo largo"},{"@type":"BreadcrumbList","@id":"https:\/\/pettuchic.cl\/product\/ako-shearling\/#breadcrumb","itemListElement":[{"@type":"ListItem","position":1,"name":"Portada","item":"https:\/\/pettuchic.cl\/"},{"@type":"ListItem","position":2,"name":"Productos","item":"https:\/\/pettuchic.cl\/shop\/"},{"@type":"ListItem","position":3,"name":"Ako Shearling Coat &#8211; Gamulan con Lana"}]},{"@type":"WebSite","@id":"https:\/\/pettuchic.cl\/#website","url":"https:\/\/pettuchic.cl\/","name":"Pettuchic.cl","description":"Gamulanes de Cuero, Chaquetas de cuero,  Abrigos de piel natural y accesorios de piel","publisher":{"@id":"https:\/\/pettuchic.cl\/#organization"},"potentialAction":[{"@type":"SearchAction","target":{"@type":"EntryPoint","urlTemplate":"https:\/\/pettuchic.cl\/?s={search_term_string}"},"query-input":{"@type":"PropertyValueSpecification","valueRequired":true,"valueName":"search_term_string"}}],"inLanguage":"en-US"},{"@type":"Organization","@id":"https:\/\/pettuchic.cl\/#organization","name":"Pettuchic Apparel Store","alternateName":"Pettuchic","url":"https:\/\/pettuchic.cl\/","logo":{"@type":"ImageObject","inLanguage":"en-US","@id":"https:\/\/pettuchic.cl\/#\/schema\/logo\/image\/","url":"https:\/\/pettuchic.cl\/wp-content\/uploads\/2024\/06\/pettuchic-logo2.svg","contentUrl":"https:\/\/pettuchic.cl\/wp-content\/uploads\/2024\/06\/pettuchic-logo2.svg","width":164,"height":205,"caption":"Pettuchic Apparel Store"},"image":{"@id":"https:\/\/pettuchic.cl\/#\/schema\/logo\/image\/"},"sameAs":["https:\/\/web.facebook.com\/Pettuchic","https:\/\/www.instagram.com\/pettuchic\/","https:\/\/www.threads.com\/@pettuchic"]}]}},"jetpack_sharing_enabled":true,"_links":{"self":[{"href":"https:\/\/pettuchic.cl\/en\/wp-json\/wp\/v2\/product\/5309","targetHints":{"allow":["GET"]}}],"collection":[{"href":"https:\/\/pettuchic.cl\/en\/wp-json\/wp\/v2\/product"}],"about":[{"href":"https:\/\/pettuchic.cl\/en\/wp-json\/wp\/v2\/types\/product"}],"wp:featuredmedia":[{"embeddable":true,"href":"https:\/\/pettuchic.cl\/en\/wp-json\/wp\/v2\/media\/5304"}],"wp:attachment":[{"href":"https:\/\/pettuchic.cl\/en\/wp-json\/wp\/v2\/media?parent=5309"}],"wp:term":[{"taxonomy":"product_brand","embeddable":true,"href":"https:\/\/pettuchic.cl\/en\/wp-json\/wp\/v2\/product_brand?post=5309"},{"taxonomy":"product_cat","embeddable":true,"href":"https:\/\/pettuchic.cl\/en\/wp-json\/wp\/v2\/product_cat?post=5309"},{"taxonomy":"product_tag","embeddable":true,"href":"https:\/\/pettuchic.cl\/en\/wp-json\/wp\/v2\/product_tag?post=5309"}],"curies":[{"name":"wp","href":"https:\/\/api.w.org\/{rel}","templated":true}]}}