{"id":5566,"date":"2025-05-07T16:55:36","date_gmt":"2025-05-07T20:55:36","guid":{"rendered":"https:\/\/pettuchic.cl\/product\/chester-jacket\/"},"modified":"2026-01-10T17:57:10","modified_gmt":"2026-01-10T20:57:10","slug":"chester-jacket","status":"publish","type":"product","link":"https:\/\/pettuchic.cl\/en\/product\/chester-jacket\/","title":{"rendered":"Chester jacket"},"content":{"rendered":"<p><strong data-start=\"176\" data-end=\"219\">Elegancia cl\u00e1sica con un toque de lujo.<\/strong><br data-start=\"219\" data-end=\"222\" \/>Este abrigo de cuero se distingue por su imponente <strong data-start=\"273\" data-end=\"302\">cuello de peleter\u00eda negra<\/strong>, que a\u00f1ade textura, abrigo y un efecto visual sofisticado. Confeccionado en cuero de oveja calidad, su estructura firme y corte refinado lo convierten en una pieza atemporal, ideal para los d\u00edas m\u00e1s fr\u00edos sin sacrificar estilo. La combinaci\u00f3n de materiales nobles eleva el dise\u00f1o, haci\u00e9ndolo perfecto para quienes buscan destacar con sobriedad y car\u00e1cter.<\/p>","protected":false},"excerpt":{"rendered":"<p>Elegancia cl\u00e1sica con un toque de lujo.Este abrigo de cuero se distingue por su imponente cuello de peleter\u00eda negra, que a\u00f1ade textura, abrigo y un efecto visual sofisticado. Confeccionado en cuero de oveja calidad, su estructura firme y corte refinado lo convierten en una pieza atemporal, ideal para los d\u00edas m\u00e1s fr\u00edos sin sacrificar estilo. [&hellip;]<\/p>\n","protected":false},"featured_media":8236,"template":"","meta":{"_monsterinsights_skip_tracking":false,"_monsterinsights_sitenote_active":false,"_monsterinsights_sitenote_note":"","_monsterinsights_sitenote_category":0,"site-sidebar-layout":"default","site-content-layout":"","ast-site-content-layout":"default","site-content-style":"default","site-sidebar-style":"default","ast-global-header-display":"","ast-banner-title-visibility":"","ast-main-header-display":"","ast-hfb-above-header-display":"","ast-hfb-below-header-display":"","ast-hfb-mobile-header-display":"","site-post-title":"","ast-breadcrumbs-content":"","ast-featured-img":"","footer-sml-layout":"","ast-disable-related-posts":"","theme-transparent-header-meta":"default","adv-header-id-meta":"","stick-header-meta":"","header-above-stick-meta":"","header-main-stick-meta":"","header-below-stick-meta":"","astra-migrate-meta-layouts":"set","ast-page-background-enabled":"default","ast-page-background-meta":{"desktop":{"background-color":"","background-image":"","background-repeat":"repeat","background-position":"center center","background-size":"auto","background-attachment":"scroll","background-type":"","background-media":"","overlay-type":"","overlay-color":"","overlay-opacity":"","overlay-gradient":""},"tablet":{"background-color":"","background-image":"","background-repeat":"repeat","background-position":"center center","background-size":"auto","background-attachment":"scroll","background-type":"","background-media":"","overlay-type":"","overlay-color":"","overlay-opacity":"","overlay-gradient":""},"mobile":{"background-color":"","background-image":"","background-repeat":"repeat","background-position":"center center","background-size":"auto","background-attachment":"scroll","background-type":"","background-media":"","overlay-type":"","overlay-color":"","overlay-opacity":"","overlay-gradient":""}},"ast-content-background-meta":{"desktop":{"background-color":"var(--ast-global-color-5)","background-image":"","background-repeat":"repeat","background-position":"center center","background-size":"auto","background-attachment":"scroll","background-type":"","background-media":"","overlay-type":"","overlay-color":"","overlay-opacity":"","overlay-gradient":""},"tablet":{"background-color":"var(--ast-global-color-5)","background-image":"","background-repeat":"repeat","background-position":"center center","background-size":"auto","background-attachment":"scroll","background-type":"","background-media":"","overlay-type":"","overlay-color":"","overlay-opacity":"","overlay-gradient":""},"mobile":{"background-color":"var(--ast-global-color-5)","background-image":"","background-repeat":"repeat","background-position":"center center","background-size":"auto","background-attachment":"scroll","background-type":"","background-media":"","overlay-type":"","overlay-color":"","overlay-opacity":"","overlay-gradient":""}}},"product_brand":[],"product_cat":[178,170],"product_tag":[],"class_list":{"0":"post-5566","1":"product","2":"type-product","3":"status-publish","4":"has-post-thumbnail","6":"product_cat-leather-jackets-mujer","7":"product_cat-mujer","8":"desktop-align-left","9":"tablet-align-left","10":"mobile-align-left","12":"first","13":"instock","14":"sold-individually","15":"taxable","16":"shipping-taxable","17":"purchasable","18":"product-type-simple"},"yoast_head":"<!-- This site is optimized with the Yoast SEO plugin v27.4 - https:\/\/yoast.com\/product\/yoast-seo-wordpress\/ -->\n<title>Chester jacket - Pettuchic<\/title>\n<meta name=\"description\" content=\"Elegancia cl\u00e1sica con un toque de lujo.Este abrigo de cuero se distingue por su imponente cuello de peleter\u00eda negra, que a\u00f1ade textura, abrigo y un efecto\" \/>\n<meta name=\"robots\" content=\"index, follow, max-snippet:-1, max-image-preview:large, max-video-preview:-1\" \/>\n<link rel=\"canonical\" href=\"https:\/\/pettuchic.cl\/en\/product\/chester-jacket\/\" \/>\n<meta property=\"og:locale\" content=\"en_US\" \/>\n<meta property=\"og:type\" content=\"article\" \/>\n<meta property=\"og:title\" content=\"Chester jacket - Pettuchic\" \/>\n<meta property=\"og:description\" content=\"Elegancia cl\u00e1sica con un toque de lujo.Este abrigo de cuero se distingue por su imponente cuello de peleter\u00eda negra, que a\u00f1ade textura, abrigo y un efecto\" \/>\n<meta property=\"og:url\" content=\"https:\/\/pettuchic.cl\/en\/product\/chester-jacket\/\" \/>\n<meta property=\"og:site_name\" content=\"Pettuchic\" \/>\n<meta property=\"article:publisher\" content=\"https:\/\/web.facebook.com\/Pettuchic\" \/>\n<meta property=\"article:modified_time\" content=\"2026-01-10T20:57:10+00:00\" \/>\n<meta property=\"og:image\" content=\"https:\/\/i0.wp.com\/pettuchic.cl\/wp-content\/uploads\/2025\/05\/img_5528-scaled.jpeg?fit=1920%2C2560&ssl=1\" \/>\n\t<meta property=\"og:image:width\" content=\"1920\" \/>\n\t<meta property=\"og:image:height\" content=\"2560\" \/>\n\t<meta property=\"og:image:type\" content=\"image\/jpeg\" \/>\n<meta name=\"twitter:card\" content=\"summary_large_image\" \/>\n<meta name=\"twitter:label1\" content=\"Est. reading time\" \/>\n\t<meta name=\"twitter:data1\" content=\"1 minute\" \/>\n<script type=\"application\/ld+json\" class=\"yoast-schema-graph\">{\"@context\":\"https:\\\/\\\/schema.org\",\"@graph\":[{\"@type\":\"WebPage\",\"@id\":\"https:\\\/\\\/pettuchic.cl\\\/product\\\/chester-jacket\\\/\",\"url\":\"https:\\\/\\\/pettuchic.cl\\\/product\\\/chester-jacket\\\/\",\"name\":\"Chester jacket - Pettuchic\",\"isPartOf\":{\"@id\":\"https:\\\/\\\/pettuchic.cl\\\/#website\"},\"primaryImageOfPage\":{\"@id\":\"https:\\\/\\\/pettuchic.cl\\\/product\\\/chester-jacket\\\/#primaryimage\"},\"image\":{\"@id\":\"https:\\\/\\\/pettuchic.cl\\\/product\\\/chester-jacket\\\/#primaryimage\"},\"thumbnailUrl\":\"https:\\\/\\\/i0.wp.com\\\/pettuchic.cl\\\/wp-content\\\/uploads\\\/2025\\\/05\\\/img_4805-scaled.jpeg?fit=1920%2C2560&ssl=1\",\"datePublished\":\"2025-05-07T20:55:36+00:00\",\"dateModified\":\"2026-01-10T20:57:10+00:00\",\"description\":\"Elegancia cl\u00e1sica con un toque de lujo.Este abrigo de cuero se distingue por su imponente cuello de peleter\u00eda negra, que a\u00f1ade textura, abrigo y un efecto\",\"breadcrumb\":{\"@id\":\"https:\\\/\\\/pettuchic.cl\\\/product\\\/chester-jacket\\\/#breadcrumb\"},\"inLanguage\":\"en-US\",\"potentialAction\":[{\"@type\":\"ReadAction\",\"target\":[\"https:\\\/\\\/pettuchic.cl\\\/product\\\/chester-jacket\\\/\"]}]},{\"@type\":\"ImageObject\",\"inLanguage\":\"en-US\",\"@id\":\"https:\\\/\\\/pettuchic.cl\\\/product\\\/chester-jacket\\\/#primaryimage\",\"url\":\"https:\\\/\\\/i0.wp.com\\\/pettuchic.cl\\\/wp-content\\\/uploads\\\/2025\\\/05\\\/img_4805-scaled.jpeg?fit=1920%2C2560&ssl=1\",\"contentUrl\":\"https:\\\/\\\/i0.wp.com\\\/pettuchic.cl\\\/wp-content\\\/uploads\\\/2025\\\/05\\\/img_4805-scaled.jpeg?fit=1920%2C2560&ssl=1\",\"width\":1920,\"height\":2560},{\"@type\":\"BreadcrumbList\",\"@id\":\"https:\\\/\\\/pettuchic.cl\\\/product\\\/chester-jacket\\\/#breadcrumb\",\"itemListElement\":[{\"@type\":\"ListItem\",\"position\":1,\"name\":\"Portada\",\"item\":\"https:\\\/\\\/pettuchic.cl\\\/\"},{\"@type\":\"ListItem\",\"position\":2,\"name\":\"Productos\",\"item\":\"https:\\\/\\\/pettuchic.cl\\\/shop\\\/\"},{\"@type\":\"ListItem\",\"position\":3,\"name\":\"Chester jacket\"}]},{\"@type\":\"WebSite\",\"@id\":\"https:\\\/\\\/pettuchic.cl\\\/#website\",\"url\":\"https:\\\/\\\/pettuchic.cl\\\/\",\"name\":\"Pettuchic.cl\",\"description\":\"Gamulanes de Cuero, Chaquetas de cuero,  Abrigos de piel natural y accesorios de piel\",\"publisher\":{\"@id\":\"https:\\\/\\\/pettuchic.cl\\\/#organization\"},\"potentialAction\":[{\"@type\":\"SearchAction\",\"target\":{\"@type\":\"EntryPoint\",\"urlTemplate\":\"https:\\\/\\\/pettuchic.cl\\\/?s={search_term_string}\"},\"query-input\":{\"@type\":\"PropertyValueSpecification\",\"valueRequired\":true,\"valueName\":\"search_term_string\"}}],\"inLanguage\":\"en-US\"},{\"@type\":\"Organization\",\"@id\":\"https:\\\/\\\/pettuchic.cl\\\/#organization\",\"name\":\"Pettuchic Apparel Store\",\"alternateName\":\"Pettuchic\",\"url\":\"https:\\\/\\\/pettuchic.cl\\\/\",\"logo\":{\"@type\":\"ImageObject\",\"inLanguage\":\"en-US\",\"@id\":\"https:\\\/\\\/pettuchic.cl\\\/#\\\/schema\\\/logo\\\/image\\\/\",\"url\":\"https:\\\/\\\/pettuchic.cl\\\/wp-content\\\/uploads\\\/2024\\\/06\\\/pettuchic-logo2.svg\",\"contentUrl\":\"https:\\\/\\\/pettuchic.cl\\\/wp-content\\\/uploads\\\/2024\\\/06\\\/pettuchic-logo2.svg\",\"width\":164,\"height\":205,\"caption\":\"Pettuchic Apparel Store\"},\"image\":{\"@id\":\"https:\\\/\\\/pettuchic.cl\\\/#\\\/schema\\\/logo\\\/image\\\/\"},\"sameAs\":[\"https:\\\/\\\/web.facebook.com\\\/Pettuchic\",\"https:\\\/\\\/www.instagram.com\\\/pettuchic\\\/\",\"https:\\\/\\\/www.threads.com\\\/@pettuchic\"]}]}<\/script>\n<!-- \/ Yoast SEO plugin. -->","yoast_head_json":{"title":"Chester jacket - Pettuchic","description":"Elegancia cl\u00e1sica con un toque de lujo.Este abrigo de cuero se distingue por su imponente cuello de peleter\u00eda negra, que a\u00f1ade textura, abrigo y un efecto","robots":{"index":"index","follow":"follow","max-snippet":"max-snippet:-1","max-image-preview":"max-image-preview:large","max-video-preview":"max-video-preview:-1"},"canonical":"https:\/\/pettuchic.cl\/en\/product\/chester-jacket\/","og_locale":"en_US","og_type":"article","og_title":"Chester jacket - Pettuchic","og_description":"Elegancia cl\u00e1sica con un toque de lujo.Este abrigo de cuero se distingue por su imponente cuello de peleter\u00eda negra, que a\u00f1ade textura, abrigo y un efecto","og_url":"https:\/\/pettuchic.cl\/en\/product\/chester-jacket\/","og_site_name":"Pettuchic","article_publisher":"https:\/\/web.facebook.com\/Pettuchic","article_modified_time":"2026-01-10T20:57:10+00:00","og_image":[{"width":1920,"height":2560,"url":"https:\/\/i0.wp.com\/pettuchic.cl\/wp-content\/uploads\/2025\/05\/img_5528-scaled.jpeg?fit=1920%2C2560&ssl=1","type":"image\/jpeg"}],"twitter_card":"summary_large_image","twitter_misc":{"Est. reading time":"1 minute"},"schema":{"@context":"https:\/\/schema.org","@graph":[{"@type":"WebPage","@id":"https:\/\/pettuchic.cl\/product\/chester-jacket\/","url":"https:\/\/pettuchic.cl\/product\/chester-jacket\/","name":"Chester jacket - Pettuchic","isPartOf":{"@id":"https:\/\/pettuchic.cl\/#website"},"primaryImageOfPage":{"@id":"https:\/\/pettuchic.cl\/product\/chester-jacket\/#primaryimage"},"image":{"@id":"https:\/\/pettuchic.cl\/product\/chester-jacket\/#primaryimage"},"thumbnailUrl":"https:\/\/i0.wp.com\/pettuchic.cl\/wp-content\/uploads\/2025\/05\/img_4805-scaled.jpeg?fit=1920%2C2560&ssl=1","datePublished":"2025-05-07T20:55:36+00:00","dateModified":"2026-01-10T20:57:10+00:00","description":"Elegancia cl\u00e1sica con un toque de lujo.Este abrigo de cuero se distingue por su imponente cuello de peleter\u00eda negra, que a\u00f1ade textura, abrigo y un efecto","breadcrumb":{"@id":"https:\/\/pettuchic.cl\/product\/chester-jacket\/#breadcrumb"},"inLanguage":"en-US","potentialAction":[{"@type":"ReadAction","target":["https:\/\/pettuchic.cl\/product\/chester-jacket\/"]}]},{"@type":"ImageObject","inLanguage":"en-US","@id":"https:\/\/pettuchic.cl\/product\/chester-jacket\/#primaryimage","url":"https:\/\/i0.wp.com\/pettuchic.cl\/wp-content\/uploads\/2025\/05\/img_4805-scaled.jpeg?fit=1920%2C2560&ssl=1","contentUrl":"https:\/\/i0.wp.com\/pettuchic.cl\/wp-content\/uploads\/2025\/05\/img_4805-scaled.jpeg?fit=1920%2C2560&ssl=1","width":1920,"height":2560},{"@type":"BreadcrumbList","@id":"https:\/\/pettuchic.cl\/product\/chester-jacket\/#breadcrumb","itemListElement":[{"@type":"ListItem","position":1,"name":"Portada","item":"https:\/\/pettuchic.cl\/"},{"@type":"ListItem","position":2,"name":"Productos","item":"https:\/\/pettuchic.cl\/shop\/"},{"@type":"ListItem","position":3,"name":"Chester jacket"}]},{"@type":"WebSite","@id":"https:\/\/pettuchic.cl\/#website","url":"https:\/\/pettuchic.cl\/","name":"Pettuchic.cl","description":"Gamulanes de Cuero, Chaquetas de cuero,  Abrigos de piel natural y accesorios de piel","publisher":{"@id":"https:\/\/pettuchic.cl\/#organization"},"potentialAction":[{"@type":"SearchAction","target":{"@type":"EntryPoint","urlTemplate":"https:\/\/pettuchic.cl\/?s={search_term_string}"},"query-input":{"@type":"PropertyValueSpecification","valueRequired":true,"valueName":"search_term_string"}}],"inLanguage":"en-US"},{"@type":"Organization","@id":"https:\/\/pettuchic.cl\/#organization","name":"Pettuchic Apparel Store","alternateName":"Pettuchic","url":"https:\/\/pettuchic.cl\/","logo":{"@type":"ImageObject","inLanguage":"en-US","@id":"https:\/\/pettuchic.cl\/#\/schema\/logo\/image\/","url":"https:\/\/pettuchic.cl\/wp-content\/uploads\/2024\/06\/pettuchic-logo2.svg","contentUrl":"https:\/\/pettuchic.cl\/wp-content\/uploads\/2024\/06\/pettuchic-logo2.svg","width":164,"height":205,"caption":"Pettuchic Apparel Store"},"image":{"@id":"https:\/\/pettuchic.cl\/#\/schema\/logo\/image\/"},"sameAs":["https:\/\/web.facebook.com\/Pettuchic","https:\/\/www.instagram.com\/pettuchic\/","https:\/\/www.threads.com\/@pettuchic"]}]}},"jetpack_sharing_enabled":true,"_links":{"self":[{"href":"https:\/\/pettuchic.cl\/en\/wp-json\/wp\/v2\/product\/5566","targetHints":{"allow":["GET"]}}],"collection":[{"href":"https:\/\/pettuchic.cl\/en\/wp-json\/wp\/v2\/product"}],"about":[{"href":"https:\/\/pettuchic.cl\/en\/wp-json\/wp\/v2\/types\/product"}],"wp:featuredmedia":[{"embeddable":true,"href":"https:\/\/pettuchic.cl\/en\/wp-json\/wp\/v2\/media\/8236"}],"wp:attachment":[{"href":"https:\/\/pettuchic.cl\/en\/wp-json\/wp\/v2\/media?parent=5566"}],"wp:term":[{"taxonomy":"product_brand","embeddable":true,"href":"https:\/\/pettuchic.cl\/en\/wp-json\/wp\/v2\/product_brand?post=5566"},{"taxonomy":"product_cat","embeddable":true,"href":"https:\/\/pettuchic.cl\/en\/wp-json\/wp\/v2\/product_cat?post=5566"},{"taxonomy":"product_tag","embeddable":true,"href":"https:\/\/pettuchic.cl\/en\/wp-json\/wp\/v2\/product_tag?post=5566"}],"curies":[{"name":"wp","href":"https:\/\/api.w.org\/{rel}","templated":true}]}}