{"id":6173,"date":"2025-06-14T23:11:58","date_gmt":"2025-06-15T03:11:58","guid":{"rendered":"https:\/\/pettuchic.cl\/product\/lowenfeld-fur\/"},"modified":"2025-10-10T09:26:00","modified_gmt":"2025-10-10T12:26:00","slug":"lowenfeld-fur","status":"publish","type":"product","link":"https:\/\/pettuchic.cl\/en\/product\/lowenfeld-fur\/","title":{"rendered":"L\u00f6wenfeld Fur"},"content":{"rendered":"<p data-start=\"204\" data-end=\"281\"><strong data-start=\"204\" data-end=\"281\">Abrigo negro \u2014 Elegancia atemporal en su m\u00e1xima expresi\u00f3n.<\/strong><\/p>\n<p data-start=\"283\" data-end=\"716\">Este abrigo de piel natural de Rex Rabbit negro ha sido dise\u00f1ado para quienes buscan sofisticaci\u00f3n sin esfuerzo. Su corte corto lo convierte en una prenda vers\u00e1til y chic, ideal tanto para eventos nocturnos como para elevar tu look diario. La textura sedosa y el brillo profundo del conejo  realzan su car\u00e1cter exclusivo, mientras que su confecci\u00f3n precisa abraza el cuerpo con distinci\u00f3n.<br \/>\nUn cl\u00e1sico moderno que deja huella en cada paso.<\/p>\n<h2 style=\"text-align: center\">Medidas<\/h2>\n<p style=\"text-align: center\">Contorno de busto: 110 CM<\/p>\n<p style=\"text-align: center\">Hombro a hombro: 45 CM<\/p>\n<p style=\"text-align: center\">Largo de mangas: 60 CM<\/p>\n<p style=\"text-align: center\">Largo total: 70 CM<\/p>\n<p>&nbsp;<\/p>","protected":false},"excerpt":{"rendered":"<p>Abrigo negro \u2014 Elegancia atemporal en su m\u00e1xima expresi\u00f3n. Este abrigo de piel natural de Rex Rabbit negro ha sido dise\u00f1ado para quienes buscan sofisticaci\u00f3n sin esfuerzo. Su corte corto lo convierte en una prenda vers\u00e1til y chic, ideal tanto para eventos nocturnos como para elevar tu look diario. La textura sedosa y el brillo [&hellip;]<\/p>\n","protected":false},"featured_media":6171,"template":"","meta":{"_monsterinsights_skip_tracking":false,"_monsterinsights_sitenote_active":false,"_monsterinsights_sitenote_note":"","_monsterinsights_sitenote_category":0,"site-sidebar-layout":"default","site-content-layout":"","ast-site-content-layout":"default","site-content-style":"default","site-sidebar-style":"default","ast-global-header-display":"","ast-banner-title-visibility":"","ast-main-header-display":"","ast-hfb-above-header-display":"","ast-hfb-below-header-display":"","ast-hfb-mobile-header-display":"","site-post-title":"","ast-breadcrumbs-content":"","ast-featured-img":"","footer-sml-layout":"","ast-disable-related-posts":"","theme-transparent-header-meta":"default","adv-header-id-meta":"","stick-header-meta":"","header-above-stick-meta":"","header-main-stick-meta":"","header-below-stick-meta":"","astra-migrate-meta-layouts":"set","ast-page-background-enabled":"default","ast-page-background-meta":{"desktop":{"background-color":"","background-image":"","background-repeat":"repeat","background-position":"center center","background-size":"auto","background-attachment":"scroll","background-type":"","background-media":"","overlay-type":"","overlay-color":"","overlay-opacity":"","overlay-gradient":""},"tablet":{"background-color":"","background-image":"","background-repeat":"repeat","background-position":"center center","background-size":"auto","background-attachment":"scroll","background-type":"","background-media":"","overlay-type":"","overlay-color":"","overlay-opacity":"","overlay-gradient":""},"mobile":{"background-color":"","background-image":"","background-repeat":"repeat","background-position":"center center","background-size":"auto","background-attachment":"scroll","background-type":"","background-media":"","overlay-type":"","overlay-color":"","overlay-opacity":"","overlay-gradient":""}},"ast-content-background-meta":{"desktop":{"background-color":"var(--ast-global-color-5)","background-image":"","background-repeat":"repeat","background-position":"center center","background-size":"auto","background-attachment":"scroll","background-type":"","background-media":"","overlay-type":"","overlay-color":"","overlay-opacity":"","overlay-gradient":""},"tablet":{"background-color":"var(--ast-global-color-5)","background-image":"","background-repeat":"repeat","background-position":"center center","background-size":"auto","background-attachment":"scroll","background-type":"","background-media":"","overlay-type":"","overlay-color":"","overlay-opacity":"","overlay-gradient":""},"mobile":{"background-color":"var(--ast-global-color-5)","background-image":"","background-repeat":"repeat","background-position":"center center","background-size":"auto","background-attachment":"scroll","background-type":"","background-media":"","overlay-type":"","overlay-color":"","overlay-opacity":"","overlay-gradient":""}}},"product_brand":[],"product_cat":[171,170],"product_tag":[],"class_list":{"0":"post-6173","1":"product","2":"type-product","3":"status-publish","4":"has-post-thumbnail","6":"product_cat-luxury-fur","7":"product_cat-mujer","8":"desktop-align-left","9":"tablet-align-left","10":"mobile-align-left","12":"first","13":"instock","14":"sold-individually","15":"taxable","16":"shipping-taxable","17":"purchasable","18":"product-type-simple"},"yoast_head":"<!-- This site is optimized with the Yoast SEO plugin v27.4 - https:\/\/yoast.com\/product\/yoast-seo-wordpress\/ -->\n<title>L\u00f6wenfeld Fur - Pettuchic<\/title>\n<meta name=\"description\" content=\"Abrigo negro \u2014 Elegancia atemporal en su m\u00e1xima expresi\u00f3n. Este abrigo de piel natural de Rex Rabbit negro ha sido dise\u00f1ado para quienes buscan\" \/>\n<meta name=\"robots\" content=\"index, follow, max-snippet:-1, max-image-preview:large, max-video-preview:-1\" \/>\n<link rel=\"canonical\" href=\"https:\/\/pettuchic.cl\/en\/product\/lowenfeld-fur\/\" \/>\n<meta property=\"og:locale\" content=\"en_US\" \/>\n<meta property=\"og:type\" content=\"article\" \/>\n<meta property=\"og:title\" content=\"L\u00f6wenfeld Fur - Pettuchic\" \/>\n<meta property=\"og:description\" content=\"Abrigo negro \u2014 Elegancia atemporal en su m\u00e1xima expresi\u00f3n. Este abrigo de piel natural de Rex Rabbit negro ha sido dise\u00f1ado para quienes buscan\" \/>\n<meta property=\"og:url\" content=\"https:\/\/pettuchic.cl\/en\/product\/lowenfeld-fur\/\" \/>\n<meta property=\"og:site_name\" content=\"Pettuchic\" \/>\n<meta property=\"article:publisher\" content=\"https:\/\/web.facebook.com\/Pettuchic\" \/>\n<meta property=\"article:modified_time\" content=\"2025-10-10T12:26:00+00:00\" \/>\n<meta property=\"og:image\" content=\"https:\/\/pettuchic.cl\/wp-content\/uploads\/2025\/06\/img_7346-2-scaled.jpeg\" \/>\n\t<meta property=\"og:image:width\" content=\"1920\" \/>\n\t<meta property=\"og:image:height\" content=\"2560\" \/>\n\t<meta property=\"og:image:type\" content=\"image\/jpeg\" \/>\n<meta name=\"twitter:card\" content=\"summary_large_image\" \/>\n<meta name=\"twitter:label1\" content=\"Est. reading time\" \/>\n\t<meta name=\"twitter:data1\" content=\"1 minute\" \/>\n<script type=\"application\/ld+json\" class=\"yoast-schema-graph\">{\"@context\":\"https:\\\/\\\/schema.org\",\"@graph\":[{\"@type\":\"WebPage\",\"@id\":\"https:\\\/\\\/pettuchic.cl\\\/product\\\/lowenfeld-fur\\\/\",\"url\":\"https:\\\/\\\/pettuchic.cl\\\/product\\\/lowenfeld-fur\\\/\",\"name\":\"L\u00f6wenfeld Fur - Pettuchic\",\"isPartOf\":{\"@id\":\"https:\\\/\\\/pettuchic.cl\\\/#website\"},\"primaryImageOfPage\":{\"@id\":\"https:\\\/\\\/pettuchic.cl\\\/product\\\/lowenfeld-fur\\\/#primaryimage\"},\"image\":{\"@id\":\"https:\\\/\\\/pettuchic.cl\\\/product\\\/lowenfeld-fur\\\/#primaryimage\"},\"thumbnailUrl\":\"https:\\\/\\\/i0.wp.com\\\/pettuchic.cl\\\/wp-content\\\/uploads\\\/2025\\\/06\\\/img_7346-2-scaled.jpeg?fit=1920%2C2560&ssl=1\",\"datePublished\":\"2025-06-15T03:11:58+00:00\",\"dateModified\":\"2025-10-10T12:26:00+00:00\",\"description\":\"Abrigo negro \u2014 Elegancia atemporal en su m\u00e1xima expresi\u00f3n. Este abrigo de piel natural de Rex Rabbit negro ha sido dise\u00f1ado para quienes buscan\",\"breadcrumb\":{\"@id\":\"https:\\\/\\\/pettuchic.cl\\\/product\\\/lowenfeld-fur\\\/#breadcrumb\"},\"inLanguage\":\"en-US\",\"potentialAction\":[{\"@type\":\"ReadAction\",\"target\":[\"https:\\\/\\\/pettuchic.cl\\\/product\\\/lowenfeld-fur\\\/\"]}]},{\"@type\":\"ImageObject\",\"inLanguage\":\"en-US\",\"@id\":\"https:\\\/\\\/pettuchic.cl\\\/product\\\/lowenfeld-fur\\\/#primaryimage\",\"url\":\"https:\\\/\\\/i0.wp.com\\\/pettuchic.cl\\\/wp-content\\\/uploads\\\/2025\\\/06\\\/img_7346-2-scaled.jpeg?fit=1920%2C2560&ssl=1\",\"contentUrl\":\"https:\\\/\\\/i0.wp.com\\\/pettuchic.cl\\\/wp-content\\\/uploads\\\/2025\\\/06\\\/img_7346-2-scaled.jpeg?fit=1920%2C2560&ssl=1\",\"width\":1920,\"height\":2560,\"caption\":\"Abrigo corto de vis\u00f3n negro para mujer: piel natural, dise\u00f1o elegante y sofisticado.\"},{\"@type\":\"BreadcrumbList\",\"@id\":\"https:\\\/\\\/pettuchic.cl\\\/product\\\/lowenfeld-fur\\\/#breadcrumb\",\"itemListElement\":[{\"@type\":\"ListItem\",\"position\":1,\"name\":\"Portada\",\"item\":\"https:\\\/\\\/pettuchic.cl\\\/\"},{\"@type\":\"ListItem\",\"position\":2,\"name\":\"Productos\",\"item\":\"https:\\\/\\\/pettuchic.cl\\\/shop\\\/\"},{\"@type\":\"ListItem\",\"position\":3,\"name\":\"L\u00f6wenfeld Fur\"}]},{\"@type\":\"WebSite\",\"@id\":\"https:\\\/\\\/pettuchic.cl\\\/#website\",\"url\":\"https:\\\/\\\/pettuchic.cl\\\/\",\"name\":\"Pettuchic.cl\",\"description\":\"Gamulanes de Cuero, Chaquetas de cuero,  Abrigos de piel natural y accesorios de piel\",\"publisher\":{\"@id\":\"https:\\\/\\\/pettuchic.cl\\\/#organization\"},\"potentialAction\":[{\"@type\":\"SearchAction\",\"target\":{\"@type\":\"EntryPoint\",\"urlTemplate\":\"https:\\\/\\\/pettuchic.cl\\\/?s={search_term_string}\"},\"query-input\":{\"@type\":\"PropertyValueSpecification\",\"valueRequired\":true,\"valueName\":\"search_term_string\"}}],\"inLanguage\":\"en-US\"},{\"@type\":\"Organization\",\"@id\":\"https:\\\/\\\/pettuchic.cl\\\/#organization\",\"name\":\"Pettuchic Apparel Store\",\"alternateName\":\"Pettuchic\",\"url\":\"https:\\\/\\\/pettuchic.cl\\\/\",\"logo\":{\"@type\":\"ImageObject\",\"inLanguage\":\"en-US\",\"@id\":\"https:\\\/\\\/pettuchic.cl\\\/#\\\/schema\\\/logo\\\/image\\\/\",\"url\":\"https:\\\/\\\/pettuchic.cl\\\/wp-content\\\/uploads\\\/2024\\\/06\\\/pettuchic-logo2.svg\",\"contentUrl\":\"https:\\\/\\\/pettuchic.cl\\\/wp-content\\\/uploads\\\/2024\\\/06\\\/pettuchic-logo2.svg\",\"width\":164,\"height\":205,\"caption\":\"Pettuchic Apparel Store\"},\"image\":{\"@id\":\"https:\\\/\\\/pettuchic.cl\\\/#\\\/schema\\\/logo\\\/image\\\/\"},\"sameAs\":[\"https:\\\/\\\/web.facebook.com\\\/Pettuchic\",\"https:\\\/\\\/www.instagram.com\\\/pettuchic\\\/\",\"https:\\\/\\\/www.threads.com\\\/@pettuchic\"]}]}<\/script>\n<!-- \/ Yoast SEO plugin. -->","yoast_head_json":{"title":"L\u00f6wenfeld Fur - Pettuchic","description":"Abrigo negro \u2014 Elegancia atemporal en su m\u00e1xima expresi\u00f3n. Este abrigo de piel natural de Rex Rabbit negro ha sido dise\u00f1ado para quienes buscan","robots":{"index":"index","follow":"follow","max-snippet":"max-snippet:-1","max-image-preview":"max-image-preview:large","max-video-preview":"max-video-preview:-1"},"canonical":"https:\/\/pettuchic.cl\/en\/product\/lowenfeld-fur\/","og_locale":"en_US","og_type":"article","og_title":"L\u00f6wenfeld Fur - Pettuchic","og_description":"Abrigo negro \u2014 Elegancia atemporal en su m\u00e1xima expresi\u00f3n. Este abrigo de piel natural de Rex Rabbit negro ha sido dise\u00f1ado para quienes buscan","og_url":"https:\/\/pettuchic.cl\/en\/product\/lowenfeld-fur\/","og_site_name":"Pettuchic","article_publisher":"https:\/\/web.facebook.com\/Pettuchic","article_modified_time":"2025-10-10T12:26:00+00:00","og_image":[{"width":1920,"height":2560,"url":"https:\/\/pettuchic.cl\/wp-content\/uploads\/2025\/06\/img_7346-2-scaled.jpeg","type":"image\/jpeg"}],"twitter_card":"summary_large_image","twitter_misc":{"Est. reading time":"1 minute"},"schema":{"@context":"https:\/\/schema.org","@graph":[{"@type":"WebPage","@id":"https:\/\/pettuchic.cl\/product\/lowenfeld-fur\/","url":"https:\/\/pettuchic.cl\/product\/lowenfeld-fur\/","name":"L\u00f6wenfeld Fur - Pettuchic","isPartOf":{"@id":"https:\/\/pettuchic.cl\/#website"},"primaryImageOfPage":{"@id":"https:\/\/pettuchic.cl\/product\/lowenfeld-fur\/#primaryimage"},"image":{"@id":"https:\/\/pettuchic.cl\/product\/lowenfeld-fur\/#primaryimage"},"thumbnailUrl":"https:\/\/i0.wp.com\/pettuchic.cl\/wp-content\/uploads\/2025\/06\/img_7346-2-scaled.jpeg?fit=1920%2C2560&ssl=1","datePublished":"2025-06-15T03:11:58+00:00","dateModified":"2025-10-10T12:26:00+00:00","description":"Abrigo negro \u2014 Elegancia atemporal en su m\u00e1xima expresi\u00f3n. Este abrigo de piel natural de Rex Rabbit negro ha sido dise\u00f1ado para quienes buscan","breadcrumb":{"@id":"https:\/\/pettuchic.cl\/product\/lowenfeld-fur\/#breadcrumb"},"inLanguage":"en-US","potentialAction":[{"@type":"ReadAction","target":["https:\/\/pettuchic.cl\/product\/lowenfeld-fur\/"]}]},{"@type":"ImageObject","inLanguage":"en-US","@id":"https:\/\/pettuchic.cl\/product\/lowenfeld-fur\/#primaryimage","url":"https:\/\/i0.wp.com\/pettuchic.cl\/wp-content\/uploads\/2025\/06\/img_7346-2-scaled.jpeg?fit=1920%2C2560&ssl=1","contentUrl":"https:\/\/i0.wp.com\/pettuchic.cl\/wp-content\/uploads\/2025\/06\/img_7346-2-scaled.jpeg?fit=1920%2C2560&ssl=1","width":1920,"height":2560,"caption":"Abrigo corto de vis\u00f3n negro para mujer: piel natural, dise\u00f1o elegante y sofisticado."},{"@type":"BreadcrumbList","@id":"https:\/\/pettuchic.cl\/product\/lowenfeld-fur\/#breadcrumb","itemListElement":[{"@type":"ListItem","position":1,"name":"Portada","item":"https:\/\/pettuchic.cl\/"},{"@type":"ListItem","position":2,"name":"Productos","item":"https:\/\/pettuchic.cl\/shop\/"},{"@type":"ListItem","position":3,"name":"L\u00f6wenfeld Fur"}]},{"@type":"WebSite","@id":"https:\/\/pettuchic.cl\/#website","url":"https:\/\/pettuchic.cl\/","name":"Pettuchic.cl","description":"Gamulanes de Cuero, Chaquetas de cuero,  Abrigos de piel natural y accesorios de piel","publisher":{"@id":"https:\/\/pettuchic.cl\/#organization"},"potentialAction":[{"@type":"SearchAction","target":{"@type":"EntryPoint","urlTemplate":"https:\/\/pettuchic.cl\/?s={search_term_string}"},"query-input":{"@type":"PropertyValueSpecification","valueRequired":true,"valueName":"search_term_string"}}],"inLanguage":"en-US"},{"@type":"Organization","@id":"https:\/\/pettuchic.cl\/#organization","name":"Pettuchic Apparel Store","alternateName":"Pettuchic","url":"https:\/\/pettuchic.cl\/","logo":{"@type":"ImageObject","inLanguage":"en-US","@id":"https:\/\/pettuchic.cl\/#\/schema\/logo\/image\/","url":"https:\/\/pettuchic.cl\/wp-content\/uploads\/2024\/06\/pettuchic-logo2.svg","contentUrl":"https:\/\/pettuchic.cl\/wp-content\/uploads\/2024\/06\/pettuchic-logo2.svg","width":164,"height":205,"caption":"Pettuchic Apparel Store"},"image":{"@id":"https:\/\/pettuchic.cl\/#\/schema\/logo\/image\/"},"sameAs":["https:\/\/web.facebook.com\/Pettuchic","https:\/\/www.instagram.com\/pettuchic\/","https:\/\/www.threads.com\/@pettuchic"]}]}},"jetpack_sharing_enabled":true,"_links":{"self":[{"href":"https:\/\/pettuchic.cl\/en\/wp-json\/wp\/v2\/product\/6173","targetHints":{"allow":["GET"]}}],"collection":[{"href":"https:\/\/pettuchic.cl\/en\/wp-json\/wp\/v2\/product"}],"about":[{"href":"https:\/\/pettuchic.cl\/en\/wp-json\/wp\/v2\/types\/product"}],"wp:featuredmedia":[{"embeddable":true,"href":"https:\/\/pettuchic.cl\/en\/wp-json\/wp\/v2\/media\/6171"}],"wp:attachment":[{"href":"https:\/\/pettuchic.cl\/en\/wp-json\/wp\/v2\/media?parent=6173"}],"wp:term":[{"taxonomy":"product_brand","embeddable":true,"href":"https:\/\/pettuchic.cl\/en\/wp-json\/wp\/v2\/product_brand?post=6173"},{"taxonomy":"product_cat","embeddable":true,"href":"https:\/\/pettuchic.cl\/en\/wp-json\/wp\/v2\/product_cat?post=6173"},{"taxonomy":"product_tag","embeddable":true,"href":"https:\/\/pettuchic.cl\/en\/wp-json\/wp\/v2\/product_tag?post=6173"}],"curies":[{"name":"wp","href":"https:\/\/api.w.org\/{rel}","templated":true}]}}