{"id":6599,"date":"2025-06-20T20:12:37","date_gmt":"2025-06-21T00:12:37","guid":{"rendered":"https:\/\/pettuchic.cl\/product\/bomber-auckland\/"},"modified":"2025-10-10T09:24:52","modified_gmt":"2025-10-10T12:24:52","slug":"bomber-auckland","status":"publish","type":"product","link":"https:\/\/pettuchic.cl\/en\/product\/bomber-auckland\/","title":{"rendered":"Bomber Auckland"},"content":{"rendered":"<p data-start=\"206\" data-end=\"577\">Inspirada en la elegancia atemporal del estilo aviador, esta <strong data-start=\"267\" data-end=\"304\">chaqueta bomber cl\u00e1sica de hombre<\/strong> en color caf\u00e9 chocolate se convierte en una pieza clave dentro del guardarropa masculino. Confeccionada en cuero suave y resistente, su textura mate y tono profundo aportan una est\u00e9tica c\u00e1lida, refinada y varonil, ideal para quienes buscan combinar estilo y funcionalidad.<\/p>\n<p data-start=\"579\" data-end=\"1024\">El dise\u00f1o conserva la esencia original de las bomber tradicionales, con una estructura c\u00f3moda y envolvente que se adapta con soltura al cuerpo. Su pretina de lana en la parte inferior y en los pu\u00f1os a\u00f1ade no solo un detalle visual distintivo, sino tambi\u00e9n abrigo y ajuste en los puntos clave, logrando mantener el calor sin comprometer el confort. Esta mezcla de materiales entrega una sensaci\u00f3n premium, mientras permite libertad de movimiento.<\/p>\n<p data-start=\"1026\" data-end=\"1366\">La <strong data-start=\"1029\" data-end=\"1066\">chaqueta bomber cl\u00e1sica de hombre<\/strong> en caf\u00e9 chocolate es una opci\u00f3n vers\u00e1til que funciona perfectamente tanto para el d\u00eda a d\u00eda como para ocasiones m\u00e1s formales si se combina con prendas adecuadas. Su corte recto, cierre frontal y bolsillos laterales completan un dise\u00f1o equilibrado, pensado para ofrecer utilidad y estilo sin excesos.<\/p>\n<p data-start=\"1368\" data-end=\"1729\">Esta prenda representa una fusi\u00f3n entre el legado de la moda masculina y las exigencias del hombre contempor\u00e1neo. El color chocolate, sobrio pero llamativo, facilita combinaciones con denim, pantalones de lana, botines o zapatillas de cuero. Es ideal para climas fr\u00edos o de media estaci\u00f3n, y su dise\u00f1o garantiza que se mantenga vigente temporada tras temporada.<\/p>\n<p data-start=\"1731\" data-end=\"1866\">Una chaqueta que transmite personalidad, seguridad y gusto por lo aut\u00e9ntico. Esta es m\u00e1s que una prenda, es una expresi\u00f3n de car\u00e1cter.<\/p>\n<h2 style=\"text-align: center;\">Medidas<\/h2>\n<p style=\"text-align: center;\">Contorno de pecho: 120 CM<\/p>\n<p style=\"text-align: center;\">Hombro a hombro: 52 CM<\/p>\n<p style=\"text-align: center;\">Largo de mangas: 65CM pretina<\/p>\n<p style=\"text-align: center;\">Largo total :68 CM<\/p>","protected":false},"excerpt":{"rendered":"<p>Inspirada en la elegancia atemporal del estilo aviador, esta chaqueta bomber cl\u00e1sica de hombre en color caf\u00e9 chocolate se convierte en una pieza clave dentro del guardarropa masculino. Confeccionada en cuero suave y resistente, su textura mate y tono profundo aportan una est\u00e9tica c\u00e1lida, refinada y varonil, ideal para quienes buscan combinar estilo y funcionalidad. [&hellip;]<\/p>\n","protected":false},"featured_media":6594,"template":"","meta":{"_monsterinsights_skip_tracking":false,"_monsterinsights_sitenote_active":false,"_monsterinsights_sitenote_note":"","_monsterinsights_sitenote_category":0,"site-sidebar-layout":"default","site-content-layout":"","ast-site-content-layout":"default","site-content-style":"default","site-sidebar-style":"default","ast-global-header-display":"","ast-banner-title-visibility":"","ast-main-header-display":"","ast-hfb-above-header-display":"","ast-hfb-below-header-display":"","ast-hfb-mobile-header-display":"","site-post-title":"","ast-breadcrumbs-content":"","ast-featured-img":"","footer-sml-layout":"","ast-disable-related-posts":"","theme-transparent-header-meta":"default","adv-header-id-meta":"","stick-header-meta":"","header-above-stick-meta":"","header-main-stick-meta":"","header-below-stick-meta":"","astra-migrate-meta-layouts":"set","ast-page-background-enabled":"default","ast-page-background-meta":{"desktop":{"background-color":"","background-image":"","background-repeat":"repeat","background-position":"center center","background-size":"auto","background-attachment":"scroll","background-type":"","background-media":"","overlay-type":"","overlay-color":"","overlay-opacity":"","overlay-gradient":""},"tablet":{"background-color":"","background-image":"","background-repeat":"repeat","background-position":"center center","background-size":"auto","background-attachment":"scroll","background-type":"","background-media":"","overlay-type":"","overlay-color":"","overlay-opacity":"","overlay-gradient":""},"mobile":{"background-color":"","background-image":"","background-repeat":"repeat","background-position":"center center","background-size":"auto","background-attachment":"scroll","background-type":"","background-media":"","overlay-type":"","overlay-color":"","overlay-opacity":"","overlay-gradient":""}},"ast-content-background-meta":{"desktop":{"background-color":"var(--ast-global-color-5)","background-image":"","background-repeat":"repeat","background-position":"center center","background-size":"auto","background-attachment":"scroll","background-type":"","background-media":"","overlay-type":"","overlay-color":"","overlay-opacity":"","overlay-gradient":""},"tablet":{"background-color":"var(--ast-global-color-5)","background-image":"","background-repeat":"repeat","background-position":"center center","background-size":"auto","background-attachment":"scroll","background-type":"","background-media":"","overlay-type":"","overlay-color":"","overlay-opacity":"","overlay-gradient":""},"mobile":{"background-color":"var(--ast-global-color-5)","background-image":"","background-repeat":"repeat","background-position":"center center","background-size":"auto","background-attachment":"scroll","background-type":"","background-media":"","overlay-type":"","overlay-color":"","overlay-opacity":"","overlay-gradient":""}}},"product_brand":[],"product_cat":[169,177],"product_tag":[],"class_list":{"0":"post-6599","1":"product","2":"type-product","3":"status-publish","4":"has-post-thumbnail","6":"product_cat-hombre","7":"product_cat-leather-jackets","8":"desktop-align-left","9":"tablet-align-left","10":"mobile-align-left","12":"first","13":"instock","14":"sold-individually","15":"taxable","16":"shipping-taxable","17":"purchasable","18":"product-type-simple"},"yoast_head":"<!-- This site is optimized with the Yoast SEO plugin v27.4 - https:\/\/yoast.com\/product\/yoast-seo-wordpress\/ -->\n<title>Bomber Auckland Chaqueta Bomber cl\u00e1sica de hombre- Pettuchic<\/title>\n<meta name=\"description\" content=\"Inspirada en la elegancia atemporal del estilo aviador, esta chaqueta bomber cl\u00e1sica de hombre en color caf\u00e9 chocolate se convierte en una pieza clave\" \/>\n<meta name=\"robots\" content=\"index, follow, max-snippet:-1, max-image-preview:large, max-video-preview:-1\" \/>\n<link rel=\"canonical\" href=\"https:\/\/pettuchic.cl\/en\/product\/bomber-auckland\/\" \/>\n<meta property=\"og:locale\" content=\"en_US\" \/>\n<meta property=\"og:type\" content=\"article\" \/>\n<meta property=\"og:title\" content=\"Bomber Auckland Chaqueta Bomber cl\u00e1sica de hombre- Pettuchic\" \/>\n<meta property=\"og:description\" content=\"Inspirada en la elegancia atemporal del estilo aviador, esta chaqueta bomber cl\u00e1sica de hombre en color caf\u00e9 chocolate se convierte en una pieza clave\" \/>\n<meta property=\"og:url\" content=\"https:\/\/pettuchic.cl\/en\/product\/bomber-auckland\/\" \/>\n<meta property=\"og:site_name\" content=\"Pettuchic\" \/>\n<meta property=\"article:publisher\" content=\"https:\/\/web.facebook.com\/Pettuchic\" \/>\n<meta property=\"article:modified_time\" content=\"2025-10-10T12:24:52+00:00\" \/>\n<meta property=\"og:image\" content=\"https:\/\/pettuchic.cl\/wp-content\/uploads\/2025\/06\/img_2535-scaled.jpeg\" \/>\n\t<meta property=\"og:image:width\" content=\"1920\" \/>\n\t<meta property=\"og:image:height\" content=\"2560\" \/>\n\t<meta property=\"og:image:type\" content=\"image\/jpeg\" \/>\n<meta name=\"twitter:card\" content=\"summary_large_image\" \/>\n<meta name=\"twitter:label1\" content=\"Est. reading time\" \/>\n\t<meta name=\"twitter:data1\" content=\"2 minutes\" \/>\n<script type=\"application\/ld+json\" class=\"yoast-schema-graph\">{\"@context\":\"https:\\\/\\\/schema.org\",\"@graph\":[{\"@type\":\"WebPage\",\"@id\":\"https:\\\/\\\/pettuchic.cl\\\/product\\\/bomber-auckland\\\/\",\"url\":\"https:\\\/\\\/pettuchic.cl\\\/product\\\/bomber-auckland\\\/\",\"name\":\"Bomber Auckland Chaqueta Bomber cl\u00e1sica de hombre- Pettuchic\",\"isPartOf\":{\"@id\":\"https:\\\/\\\/pettuchic.cl\\\/#website\"},\"primaryImageOfPage\":{\"@id\":\"https:\\\/\\\/pettuchic.cl\\\/product\\\/bomber-auckland\\\/#primaryimage\"},\"image\":{\"@id\":\"https:\\\/\\\/pettuchic.cl\\\/product\\\/bomber-auckland\\\/#primaryimage\"},\"thumbnailUrl\":\"https:\\\/\\\/i0.wp.com\\\/pettuchic.cl\\\/wp-content\\\/uploads\\\/2025\\\/06\\\/img_2535-scaled.jpeg?fit=1920%2C2560&ssl=1\",\"datePublished\":\"2025-06-21T00:12:37+00:00\",\"dateModified\":\"2025-10-10T12:24:52+00:00\",\"description\":\"Inspirada en la elegancia atemporal del estilo aviador, esta chaqueta bomber cl\u00e1sica de hombre en color caf\u00e9 chocolate se convierte en una pieza clave\",\"breadcrumb\":{\"@id\":\"https:\\\/\\\/pettuchic.cl\\\/product\\\/bomber-auckland\\\/#breadcrumb\"},\"inLanguage\":\"en-US\",\"potentialAction\":[{\"@type\":\"ReadAction\",\"target\":[\"https:\\\/\\\/pettuchic.cl\\\/product\\\/bomber-auckland\\\/\"]}]},{\"@type\":\"ImageObject\",\"inLanguage\":\"en-US\",\"@id\":\"https:\\\/\\\/pettuchic.cl\\\/product\\\/bomber-auckland\\\/#primaryimage\",\"url\":\"https:\\\/\\\/i0.wp.com\\\/pettuchic.cl\\\/wp-content\\\/uploads\\\/2025\\\/06\\\/img_2535-scaled.jpeg?fit=1920%2C2560&ssl=1\",\"contentUrl\":\"https:\\\/\\\/i0.wp.com\\\/pettuchic.cl\\\/wp-content\\\/uploads\\\/2025\\\/06\\\/img_2535-scaled.jpeg?fit=1920%2C2560&ssl=1\",\"width\":1920,\"height\":2560,\"caption\":\"chaqueta bomber cl\u00e1sica de hombre\"},{\"@type\":\"BreadcrumbList\",\"@id\":\"https:\\\/\\\/pettuchic.cl\\\/product\\\/bomber-auckland\\\/#breadcrumb\",\"itemListElement\":[{\"@type\":\"ListItem\",\"position\":1,\"name\":\"Portada\",\"item\":\"https:\\\/\\\/pettuchic.cl\\\/\"},{\"@type\":\"ListItem\",\"position\":2,\"name\":\"Productos\",\"item\":\"https:\\\/\\\/pettuchic.cl\\\/shop\\\/\"},{\"@type\":\"ListItem\",\"position\":3,\"name\":\"Bomber Auckland\"}]},{\"@type\":\"WebSite\",\"@id\":\"https:\\\/\\\/pettuchic.cl\\\/#website\",\"url\":\"https:\\\/\\\/pettuchic.cl\\\/\",\"name\":\"Pettuchic.cl\",\"description\":\"Gamulanes de Cuero, Chaquetas de cuero,  Abrigos de piel natural y accesorios de piel\",\"publisher\":{\"@id\":\"https:\\\/\\\/pettuchic.cl\\\/#organization\"},\"potentialAction\":[{\"@type\":\"SearchAction\",\"target\":{\"@type\":\"EntryPoint\",\"urlTemplate\":\"https:\\\/\\\/pettuchic.cl\\\/?s={search_term_string}\"},\"query-input\":{\"@type\":\"PropertyValueSpecification\",\"valueRequired\":true,\"valueName\":\"search_term_string\"}}],\"inLanguage\":\"en-US\"},{\"@type\":\"Organization\",\"@id\":\"https:\\\/\\\/pettuchic.cl\\\/#organization\",\"name\":\"Pettuchic Apparel Store\",\"alternateName\":\"Pettuchic\",\"url\":\"https:\\\/\\\/pettuchic.cl\\\/\",\"logo\":{\"@type\":\"ImageObject\",\"inLanguage\":\"en-US\",\"@id\":\"https:\\\/\\\/pettuchic.cl\\\/#\\\/schema\\\/logo\\\/image\\\/\",\"url\":\"https:\\\/\\\/pettuchic.cl\\\/wp-content\\\/uploads\\\/2024\\\/06\\\/pettuchic-logo2.svg\",\"contentUrl\":\"https:\\\/\\\/pettuchic.cl\\\/wp-content\\\/uploads\\\/2024\\\/06\\\/pettuchic-logo2.svg\",\"width\":164,\"height\":205,\"caption\":\"Pettuchic Apparel Store\"},\"image\":{\"@id\":\"https:\\\/\\\/pettuchic.cl\\\/#\\\/schema\\\/logo\\\/image\\\/\"},\"sameAs\":[\"https:\\\/\\\/web.facebook.com\\\/Pettuchic\",\"https:\\\/\\\/www.instagram.com\\\/pettuchic\\\/\",\"https:\\\/\\\/www.threads.com\\\/@pettuchic\"]}]}<\/script>\n<!-- \/ Yoast SEO plugin. -->","yoast_head_json":{"title":"Bomber Auckland Chaqueta Bomber cl\u00e1sica de hombre- Pettuchic","description":"Inspirada en la elegancia atemporal del estilo aviador, esta chaqueta bomber cl\u00e1sica de hombre en color caf\u00e9 chocolate se convierte en una pieza clave","robots":{"index":"index","follow":"follow","max-snippet":"max-snippet:-1","max-image-preview":"max-image-preview:large","max-video-preview":"max-video-preview:-1"},"canonical":"https:\/\/pettuchic.cl\/en\/product\/bomber-auckland\/","og_locale":"en_US","og_type":"article","og_title":"Bomber Auckland Chaqueta Bomber cl\u00e1sica de hombre- Pettuchic","og_description":"Inspirada en la elegancia atemporal del estilo aviador, esta chaqueta bomber cl\u00e1sica de hombre en color caf\u00e9 chocolate se convierte en una pieza clave","og_url":"https:\/\/pettuchic.cl\/en\/product\/bomber-auckland\/","og_site_name":"Pettuchic","article_publisher":"https:\/\/web.facebook.com\/Pettuchic","article_modified_time":"2025-10-10T12:24:52+00:00","og_image":[{"width":1920,"height":2560,"url":"https:\/\/pettuchic.cl\/wp-content\/uploads\/2025\/06\/img_2535-scaled.jpeg","type":"image\/jpeg"}],"twitter_card":"summary_large_image","twitter_misc":{"Est. reading time":"2 minutes"},"schema":{"@context":"https:\/\/schema.org","@graph":[{"@type":"WebPage","@id":"https:\/\/pettuchic.cl\/product\/bomber-auckland\/","url":"https:\/\/pettuchic.cl\/product\/bomber-auckland\/","name":"Bomber Auckland Chaqueta Bomber cl\u00e1sica de hombre- Pettuchic","isPartOf":{"@id":"https:\/\/pettuchic.cl\/#website"},"primaryImageOfPage":{"@id":"https:\/\/pettuchic.cl\/product\/bomber-auckland\/#primaryimage"},"image":{"@id":"https:\/\/pettuchic.cl\/product\/bomber-auckland\/#primaryimage"},"thumbnailUrl":"https:\/\/i0.wp.com\/pettuchic.cl\/wp-content\/uploads\/2025\/06\/img_2535-scaled.jpeg?fit=1920%2C2560&ssl=1","datePublished":"2025-06-21T00:12:37+00:00","dateModified":"2025-10-10T12:24:52+00:00","description":"Inspirada en la elegancia atemporal del estilo aviador, esta chaqueta bomber cl\u00e1sica de hombre en color caf\u00e9 chocolate se convierte en una pieza clave","breadcrumb":{"@id":"https:\/\/pettuchic.cl\/product\/bomber-auckland\/#breadcrumb"},"inLanguage":"en-US","potentialAction":[{"@type":"ReadAction","target":["https:\/\/pettuchic.cl\/product\/bomber-auckland\/"]}]},{"@type":"ImageObject","inLanguage":"en-US","@id":"https:\/\/pettuchic.cl\/product\/bomber-auckland\/#primaryimage","url":"https:\/\/i0.wp.com\/pettuchic.cl\/wp-content\/uploads\/2025\/06\/img_2535-scaled.jpeg?fit=1920%2C2560&ssl=1","contentUrl":"https:\/\/i0.wp.com\/pettuchic.cl\/wp-content\/uploads\/2025\/06\/img_2535-scaled.jpeg?fit=1920%2C2560&ssl=1","width":1920,"height":2560,"caption":"chaqueta bomber cl\u00e1sica de hombre"},{"@type":"BreadcrumbList","@id":"https:\/\/pettuchic.cl\/product\/bomber-auckland\/#breadcrumb","itemListElement":[{"@type":"ListItem","position":1,"name":"Portada","item":"https:\/\/pettuchic.cl\/"},{"@type":"ListItem","position":2,"name":"Productos","item":"https:\/\/pettuchic.cl\/shop\/"},{"@type":"ListItem","position":3,"name":"Bomber Auckland"}]},{"@type":"WebSite","@id":"https:\/\/pettuchic.cl\/#website","url":"https:\/\/pettuchic.cl\/","name":"Pettuchic.cl","description":"Gamulanes de Cuero, Chaquetas de cuero,  Abrigos de piel natural y accesorios de piel","publisher":{"@id":"https:\/\/pettuchic.cl\/#organization"},"potentialAction":[{"@type":"SearchAction","target":{"@type":"EntryPoint","urlTemplate":"https:\/\/pettuchic.cl\/?s={search_term_string}"},"query-input":{"@type":"PropertyValueSpecification","valueRequired":true,"valueName":"search_term_string"}}],"inLanguage":"en-US"},{"@type":"Organization","@id":"https:\/\/pettuchic.cl\/#organization","name":"Pettuchic Apparel Store","alternateName":"Pettuchic","url":"https:\/\/pettuchic.cl\/","logo":{"@type":"ImageObject","inLanguage":"en-US","@id":"https:\/\/pettuchic.cl\/#\/schema\/logo\/image\/","url":"https:\/\/pettuchic.cl\/wp-content\/uploads\/2024\/06\/pettuchic-logo2.svg","contentUrl":"https:\/\/pettuchic.cl\/wp-content\/uploads\/2024\/06\/pettuchic-logo2.svg","width":164,"height":205,"caption":"Pettuchic Apparel Store"},"image":{"@id":"https:\/\/pettuchic.cl\/#\/schema\/logo\/image\/"},"sameAs":["https:\/\/web.facebook.com\/Pettuchic","https:\/\/www.instagram.com\/pettuchic\/","https:\/\/www.threads.com\/@pettuchic"]}]}},"jetpack_sharing_enabled":true,"_links":{"self":[{"href":"https:\/\/pettuchic.cl\/en\/wp-json\/wp\/v2\/product\/6599","targetHints":{"allow":["GET"]}}],"collection":[{"href":"https:\/\/pettuchic.cl\/en\/wp-json\/wp\/v2\/product"}],"about":[{"href":"https:\/\/pettuchic.cl\/en\/wp-json\/wp\/v2\/types\/product"}],"wp:featuredmedia":[{"embeddable":true,"href":"https:\/\/pettuchic.cl\/en\/wp-json\/wp\/v2\/media\/6594"}],"wp:attachment":[{"href":"https:\/\/pettuchic.cl\/en\/wp-json\/wp\/v2\/media?parent=6599"}],"wp:term":[{"taxonomy":"product_brand","embeddable":true,"href":"https:\/\/pettuchic.cl\/en\/wp-json\/wp\/v2\/product_brand?post=6599"},{"taxonomy":"product_cat","embeddable":true,"href":"https:\/\/pettuchic.cl\/en\/wp-json\/wp\/v2\/product_cat?post=6599"},{"taxonomy":"product_tag","embeddable":true,"href":"https:\/\/pettuchic.cl\/en\/wp-json\/wp\/v2\/product_tag?post=6599"}],"curies":[{"name":"wp","href":"https:\/\/api.w.org\/{rel}","templated":true}]}}