{"id":7041,"date":"2025-08-17T22:24:22","date_gmt":"2025-08-18T02:24:22","guid":{"rendered":"https:\/\/pettuchic.cl\/product\/lucius-biker\/"},"modified":"2025-10-10T09:23:05","modified_gmt":"2025-10-10T12:23:05","slug":"chaqueta-de-cuero-negro-en-cordero","status":"publish","type":"product","link":"https:\/\/pettuchic.cl\/en\/product\/chaqueta-de-cuero-negro-en-cordero\/","title":{"rendered":"Lucius Biker Jacket"},"content":{"rendered":"<p data-start=\"84\" data-end=\"155\"><strong data-start=\"84\" data-end=\"153\">Chaqueta de cuero negro en cordero \u2013 Liviana, flexible y elegante<\/strong><\/p>\n<p data-start=\"157\" data-end=\"607\">Esta chaqueta de cuero negro, confeccionada en piel de cordero de primera calidad, es el equilibrio perfecto entre estilo, confort y sofisticaci\u00f3n. Su material destaca por ser <strong data-start=\"333\" data-end=\"370\">extremadamente liviano y flexible<\/strong>, lo que permite un ajuste c\u00f3modo y natural que acompa\u00f1a cada movimiento sin perder su impecable estructura. Dise\u00f1ada para quienes buscan un look moderno y vers\u00e1til, esta pieza se convierte en un esencial del guardarropa contempor\u00e1neo.<\/p>\n<p data-start=\"609\" data-end=\"999\">El dise\u00f1o limpio y minimalista resalta la nobleza del cuero en su estado m\u00e1s puro, otorgando un acabado elegante y atemporal. Sus <strong data-start=\"739\" data-end=\"777\">bolsillos discretamente integrados<\/strong> aportan funcionalidad sin alterar la est\u00e9tica refinada de la prenda, mientras que los <strong data-start=\"864\" data-end=\"889\">cierres en las mangas<\/strong> ofrecen un detalle sutil y pr\u00e1ctico, que permite ajustar la ca\u00edda y darle un toque personalizado al estilo.<\/p>\n<p data-start=\"1001\" data-end=\"1311\">El corte entallado favorece la silueta sin resultar r\u00edgido, logrando un balance ideal entre comodidad y dise\u00f1o. Gracias a la suavidad natural del cuero de cordero, la chaqueta no solo luce impecable, sino que tambi\u00e9n envuelve con una sensaci\u00f3n de ligereza y calidez, ideal para acompa\u00f1ar cualquier temporada.<\/p>\n<p data-start=\"1313\" data-end=\"1615\">Su versatilidad la convierte en una prenda que transita con facilidad entre lo casual y lo elegante: perfecta para acompa\u00f1ar unos jeans durante el d\u00eda o realzar un atuendo m\u00e1s formal en la noche. Un dise\u00f1o pensado para quienes desean proyectar seguridad, modernidad y distinci\u00f3n en cualquier ocasi\u00f3n.<\/p>\n<p data-start=\"1617\" data-end=\"1868\">M\u00e1s que una prenda de vestir, esta chaqueta es una inversi\u00f3n en estilo duradero y en calidad artesanal. Un b\u00e1sico infaltable que, con el tiempo, no solo mejora en car\u00e1cter y textura, sino que tambi\u00e9n se convierte en un s\u00edmbolo de personalidad \u00fanica.<\/p>\n<h2 style=\"text-align: center;\">\nMedidas<\/h2>\n<p style=\"text-align: center;\">Contorno de busto: 100 CM<\/p>\n<p style=\"text-align: center;\">Hombro a hombro: 43CM<\/p>\n<p style=\"text-align: center;\">Largo de mangas: 63 CM<\/p>\n<p style=\"text-align: center;\">Largo total: 58 CM<\/p>","protected":false},"excerpt":{"rendered":"<p>Chaqueta de cuero negro en cordero \u2013 Liviana, flexible y elegante Esta chaqueta de cuero negro, confeccionada en piel de cordero de primera calidad, es el equilibrio perfecto entre estilo, confort y sofisticaci\u00f3n. Su material destaca por ser extremadamente liviano y flexible, lo que permite un ajuste c\u00f3modo y natural que acompa\u00f1a cada movimiento sin [&hellip;]<\/p>\n","protected":false},"featured_media":7039,"template":"","meta":{"_monsterinsights_skip_tracking":false,"_monsterinsights_sitenote_active":false,"_monsterinsights_sitenote_note":"","_monsterinsights_sitenote_category":0,"site-sidebar-layout":"default","site-content-layout":"","ast-site-content-layout":"default","site-content-style":"default","site-sidebar-style":"default","ast-global-header-display":"","ast-banner-title-visibility":"","ast-main-header-display":"","ast-hfb-above-header-display":"","ast-hfb-below-header-display":"","ast-hfb-mobile-header-display":"","site-post-title":"","ast-breadcrumbs-content":"","ast-featured-img":"","footer-sml-layout":"","ast-disable-related-posts":"","theme-transparent-header-meta":"default","adv-header-id-meta":"","stick-header-meta":"","header-above-stick-meta":"","header-main-stick-meta":"","header-below-stick-meta":"","astra-migrate-meta-layouts":"set","ast-page-background-enabled":"default","ast-page-background-meta":{"desktop":{"background-color":"","background-image":"","background-repeat":"repeat","background-position":"center center","background-size":"auto","background-attachment":"scroll","background-type":"","background-media":"","overlay-type":"","overlay-color":"","overlay-opacity":"","overlay-gradient":""},"tablet":{"background-color":"","background-image":"","background-repeat":"repeat","background-position":"center center","background-size":"auto","background-attachment":"scroll","background-type":"","background-media":"","overlay-type":"","overlay-color":"","overlay-opacity":"","overlay-gradient":""},"mobile":{"background-color":"","background-image":"","background-repeat":"repeat","background-position":"center center","background-size":"auto","background-attachment":"scroll","background-type":"","background-media":"","overlay-type":"","overlay-color":"","overlay-opacity":"","overlay-gradient":""}},"ast-content-background-meta":{"desktop":{"background-color":"var(--ast-global-color-5)","background-image":"","background-repeat":"repeat","background-position":"center center","background-size":"auto","background-attachment":"scroll","background-type":"","background-media":"","overlay-type":"","overlay-color":"","overlay-opacity":"","overlay-gradient":""},"tablet":{"background-color":"var(--ast-global-color-5)","background-image":"","background-repeat":"repeat","background-position":"center center","background-size":"auto","background-attachment":"scroll","background-type":"","background-media":"","overlay-type":"","overlay-color":"","overlay-opacity":"","overlay-gradient":""},"mobile":{"background-color":"var(--ast-global-color-5)","background-image":"","background-repeat":"repeat","background-position":"center center","background-size":"auto","background-attachment":"scroll","background-type":"","background-media":"","overlay-type":"","overlay-color":"","overlay-opacity":"","overlay-gradient":""}}},"product_brand":[],"product_cat":[178,170],"product_tag":[],"class_list":{"0":"post-7041","1":"product","2":"type-product","3":"status-publish","4":"has-post-thumbnail","6":"product_cat-leather-jackets-mujer","7":"product_cat-mujer","8":"desktop-align-left","9":"tablet-align-left","10":"mobile-align-left","12":"first","13":"instock","14":"sold-individually","15":"taxable","16":"shipping-taxable","17":"purchasable","18":"product-type-simple"},"yoast_head":"<!-- This site is optimized with the Yoast SEO plugin v27.4 - https:\/\/yoast.com\/product\/yoast-seo-wordpress\/ -->\n<title>Lucius Biker Jacket - Pettuchic<\/title>\n<meta name=\"description\" content=\"Chaqueta de cuero negro en cordero \u2013 Liviana, flexible y elegante Esta chaqueta de cuero negro, confeccionada en piel de cordero de primera calidad, es el\" \/>\n<meta name=\"robots\" content=\"index, follow, max-snippet:-1, max-image-preview:large, max-video-preview:-1\" \/>\n<link rel=\"canonical\" href=\"https:\/\/pettuchic.cl\/en\/product\/chaqueta-de-cuero-negro-en-cordero\/\" \/>\n<meta property=\"og:locale\" content=\"en_US\" \/>\n<meta property=\"og:type\" content=\"article\" \/>\n<meta property=\"og:title\" content=\"Lucius Biker Jacket - Pettuchic\" \/>\n<meta property=\"og:description\" content=\"Chaqueta de cuero negro en cordero \u2013 Liviana, flexible y elegante Esta chaqueta de cuero negro, confeccionada en piel de cordero de primera calidad, es el\" \/>\n<meta property=\"og:url\" content=\"https:\/\/pettuchic.cl\/en\/product\/chaqueta-de-cuero-negro-en-cordero\/\" \/>\n<meta property=\"og:site_name\" content=\"Pettuchic\" \/>\n<meta property=\"article:publisher\" content=\"https:\/\/web.facebook.com\/Pettuchic\" \/>\n<meta property=\"article:modified_time\" content=\"2025-10-10T12:23:05+00:00\" \/>\n<meta property=\"og:image\" content=\"https:\/\/pettuchic.cl\/wp-content\/uploads\/2025\/08\/img_0364-scaled.jpeg\" \/>\n\t<meta property=\"og:image:width\" content=\"1920\" \/>\n\t<meta property=\"og:image:height\" content=\"2560\" \/>\n\t<meta property=\"og:image:type\" content=\"image\/jpeg\" \/>\n<meta name=\"twitter:card\" content=\"summary_large_image\" \/>\n<meta name=\"twitter:label1\" content=\"Est. reading time\" \/>\n\t<meta name=\"twitter:data1\" content=\"2 minutes\" \/>\n<script type=\"application\/ld+json\" class=\"yoast-schema-graph\">{\"@context\":\"https:\\\/\\\/schema.org\",\"@graph\":[{\"@type\":\"WebPage\",\"@id\":\"https:\\\/\\\/pettuchic.cl\\\/product\\\/chaqueta-de-cuero-negro-en-cordero\\\/\",\"url\":\"https:\\\/\\\/pettuchic.cl\\\/product\\\/chaqueta-de-cuero-negro-en-cordero\\\/\",\"name\":\"Lucius Biker Jacket - Pettuchic\",\"isPartOf\":{\"@id\":\"https:\\\/\\\/pettuchic.cl\\\/#website\"},\"primaryImageOfPage\":{\"@id\":\"https:\\\/\\\/pettuchic.cl\\\/product\\\/chaqueta-de-cuero-negro-en-cordero\\\/#primaryimage\"},\"image\":{\"@id\":\"https:\\\/\\\/pettuchic.cl\\\/product\\\/chaqueta-de-cuero-negro-en-cordero\\\/#primaryimage\"},\"thumbnailUrl\":\"https:\\\/\\\/i0.wp.com\\\/pettuchic.cl\\\/wp-content\\\/uploads\\\/2025\\\/08\\\/img_0364-scaled.jpeg?fit=1920%2C2560&ssl=1\",\"datePublished\":\"2025-08-18T02:24:22+00:00\",\"dateModified\":\"2025-10-10T12:23:05+00:00\",\"description\":\"Chaqueta de cuero negro en cordero \u2013 Liviana, flexible y elegante Esta chaqueta de cuero negro, confeccionada en piel de cordero de primera calidad, es el\",\"breadcrumb\":{\"@id\":\"https:\\\/\\\/pettuchic.cl\\\/product\\\/chaqueta-de-cuero-negro-en-cordero\\\/#breadcrumb\"},\"inLanguage\":\"en-US\",\"potentialAction\":[{\"@type\":\"ReadAction\",\"target\":[\"https:\\\/\\\/pettuchic.cl\\\/product\\\/chaqueta-de-cuero-negro-en-cordero\\\/\"]}]},{\"@type\":\"ImageObject\",\"inLanguage\":\"en-US\",\"@id\":\"https:\\\/\\\/pettuchic.cl\\\/product\\\/chaqueta-de-cuero-negro-en-cordero\\\/#primaryimage\",\"url\":\"https:\\\/\\\/i0.wp.com\\\/pettuchic.cl\\\/wp-content\\\/uploads\\\/2025\\\/08\\\/img_0364-scaled.jpeg?fit=1920%2C2560&ssl=1\",\"contentUrl\":\"https:\\\/\\\/i0.wp.com\\\/pettuchic.cl\\\/wp-content\\\/uploads\\\/2025\\\/08\\\/img_0364-scaled.jpeg?fit=1920%2C2560&ssl=1\",\"width\":1920,\"height\":2560,\"caption\":\"Chaqueta de cuero negro en cordero\"},{\"@type\":\"BreadcrumbList\",\"@id\":\"https:\\\/\\\/pettuchic.cl\\\/product\\\/chaqueta-de-cuero-negro-en-cordero\\\/#breadcrumb\",\"itemListElement\":[{\"@type\":\"ListItem\",\"position\":1,\"name\":\"Portada\",\"item\":\"https:\\\/\\\/pettuchic.cl\\\/\"},{\"@type\":\"ListItem\",\"position\":2,\"name\":\"Productos\",\"item\":\"https:\\\/\\\/pettuchic.cl\\\/shop\\\/\"},{\"@type\":\"ListItem\",\"position\":3,\"name\":\"Lucius Biker Jacket\"}]},{\"@type\":\"WebSite\",\"@id\":\"https:\\\/\\\/pettuchic.cl\\\/#website\",\"url\":\"https:\\\/\\\/pettuchic.cl\\\/\",\"name\":\"Pettuchic.cl\",\"description\":\"Gamulanes de Cuero, Chaquetas de cuero,  Abrigos de piel natural y accesorios de piel\",\"publisher\":{\"@id\":\"https:\\\/\\\/pettuchic.cl\\\/#organization\"},\"potentialAction\":[{\"@type\":\"SearchAction\",\"target\":{\"@type\":\"EntryPoint\",\"urlTemplate\":\"https:\\\/\\\/pettuchic.cl\\\/?s={search_term_string}\"},\"query-input\":{\"@type\":\"PropertyValueSpecification\",\"valueRequired\":true,\"valueName\":\"search_term_string\"}}],\"inLanguage\":\"en-US\"},{\"@type\":\"Organization\",\"@id\":\"https:\\\/\\\/pettuchic.cl\\\/#organization\",\"name\":\"Pettuchic Apparel Store\",\"alternateName\":\"Pettuchic\",\"url\":\"https:\\\/\\\/pettuchic.cl\\\/\",\"logo\":{\"@type\":\"ImageObject\",\"inLanguage\":\"en-US\",\"@id\":\"https:\\\/\\\/pettuchic.cl\\\/#\\\/schema\\\/logo\\\/image\\\/\",\"url\":\"https:\\\/\\\/pettuchic.cl\\\/wp-content\\\/uploads\\\/2024\\\/06\\\/pettuchic-logo2.svg\",\"contentUrl\":\"https:\\\/\\\/pettuchic.cl\\\/wp-content\\\/uploads\\\/2024\\\/06\\\/pettuchic-logo2.svg\",\"width\":164,\"height\":205,\"caption\":\"Pettuchic Apparel Store\"},\"image\":{\"@id\":\"https:\\\/\\\/pettuchic.cl\\\/#\\\/schema\\\/logo\\\/image\\\/\"},\"sameAs\":[\"https:\\\/\\\/web.facebook.com\\\/Pettuchic\",\"https:\\\/\\\/www.instagram.com\\\/pettuchic\\\/\",\"https:\\\/\\\/www.threads.com\\\/@pettuchic\"]}]}<\/script>\n<!-- \/ Yoast SEO plugin. -->","yoast_head_json":{"title":"Lucius Biker Jacket - Pettuchic","description":"Chaqueta de cuero negro en cordero \u2013 Liviana, flexible y elegante Esta chaqueta de cuero negro, confeccionada en piel de cordero de primera calidad, es el","robots":{"index":"index","follow":"follow","max-snippet":"max-snippet:-1","max-image-preview":"max-image-preview:large","max-video-preview":"max-video-preview:-1"},"canonical":"https:\/\/pettuchic.cl\/en\/product\/chaqueta-de-cuero-negro-en-cordero\/","og_locale":"en_US","og_type":"article","og_title":"Lucius Biker Jacket - Pettuchic","og_description":"Chaqueta de cuero negro en cordero \u2013 Liviana, flexible y elegante Esta chaqueta de cuero negro, confeccionada en piel de cordero de primera calidad, es el","og_url":"https:\/\/pettuchic.cl\/en\/product\/chaqueta-de-cuero-negro-en-cordero\/","og_site_name":"Pettuchic","article_publisher":"https:\/\/web.facebook.com\/Pettuchic","article_modified_time":"2025-10-10T12:23:05+00:00","og_image":[{"width":1920,"height":2560,"url":"https:\/\/pettuchic.cl\/wp-content\/uploads\/2025\/08\/img_0364-scaled.jpeg","type":"image\/jpeg"}],"twitter_card":"summary_large_image","twitter_misc":{"Est. reading time":"2 minutes"},"schema":{"@context":"https:\/\/schema.org","@graph":[{"@type":"WebPage","@id":"https:\/\/pettuchic.cl\/product\/chaqueta-de-cuero-negro-en-cordero\/","url":"https:\/\/pettuchic.cl\/product\/chaqueta-de-cuero-negro-en-cordero\/","name":"Lucius Biker Jacket - Pettuchic","isPartOf":{"@id":"https:\/\/pettuchic.cl\/#website"},"primaryImageOfPage":{"@id":"https:\/\/pettuchic.cl\/product\/chaqueta-de-cuero-negro-en-cordero\/#primaryimage"},"image":{"@id":"https:\/\/pettuchic.cl\/product\/chaqueta-de-cuero-negro-en-cordero\/#primaryimage"},"thumbnailUrl":"https:\/\/i0.wp.com\/pettuchic.cl\/wp-content\/uploads\/2025\/08\/img_0364-scaled.jpeg?fit=1920%2C2560&ssl=1","datePublished":"2025-08-18T02:24:22+00:00","dateModified":"2025-10-10T12:23:05+00:00","description":"Chaqueta de cuero negro en cordero \u2013 Liviana, flexible y elegante Esta chaqueta de cuero negro, confeccionada en piel de cordero de primera calidad, es el","breadcrumb":{"@id":"https:\/\/pettuchic.cl\/product\/chaqueta-de-cuero-negro-en-cordero\/#breadcrumb"},"inLanguage":"en-US","potentialAction":[{"@type":"ReadAction","target":["https:\/\/pettuchic.cl\/product\/chaqueta-de-cuero-negro-en-cordero\/"]}]},{"@type":"ImageObject","inLanguage":"en-US","@id":"https:\/\/pettuchic.cl\/product\/chaqueta-de-cuero-negro-en-cordero\/#primaryimage","url":"https:\/\/i0.wp.com\/pettuchic.cl\/wp-content\/uploads\/2025\/08\/img_0364-scaled.jpeg?fit=1920%2C2560&ssl=1","contentUrl":"https:\/\/i0.wp.com\/pettuchic.cl\/wp-content\/uploads\/2025\/08\/img_0364-scaled.jpeg?fit=1920%2C2560&ssl=1","width":1920,"height":2560,"caption":"Chaqueta de cuero negro en cordero"},{"@type":"BreadcrumbList","@id":"https:\/\/pettuchic.cl\/product\/chaqueta-de-cuero-negro-en-cordero\/#breadcrumb","itemListElement":[{"@type":"ListItem","position":1,"name":"Portada","item":"https:\/\/pettuchic.cl\/"},{"@type":"ListItem","position":2,"name":"Productos","item":"https:\/\/pettuchic.cl\/shop\/"},{"@type":"ListItem","position":3,"name":"Lucius Biker Jacket"}]},{"@type":"WebSite","@id":"https:\/\/pettuchic.cl\/#website","url":"https:\/\/pettuchic.cl\/","name":"Pettuchic.cl","description":"Gamulanes de Cuero, Chaquetas de cuero,  Abrigos de piel natural y accesorios de piel","publisher":{"@id":"https:\/\/pettuchic.cl\/#organization"},"potentialAction":[{"@type":"SearchAction","target":{"@type":"EntryPoint","urlTemplate":"https:\/\/pettuchic.cl\/?s={search_term_string}"},"query-input":{"@type":"PropertyValueSpecification","valueRequired":true,"valueName":"search_term_string"}}],"inLanguage":"en-US"},{"@type":"Organization","@id":"https:\/\/pettuchic.cl\/#organization","name":"Pettuchic Apparel Store","alternateName":"Pettuchic","url":"https:\/\/pettuchic.cl\/","logo":{"@type":"ImageObject","inLanguage":"en-US","@id":"https:\/\/pettuchic.cl\/#\/schema\/logo\/image\/","url":"https:\/\/pettuchic.cl\/wp-content\/uploads\/2024\/06\/pettuchic-logo2.svg","contentUrl":"https:\/\/pettuchic.cl\/wp-content\/uploads\/2024\/06\/pettuchic-logo2.svg","width":164,"height":205,"caption":"Pettuchic Apparel Store"},"image":{"@id":"https:\/\/pettuchic.cl\/#\/schema\/logo\/image\/"},"sameAs":["https:\/\/web.facebook.com\/Pettuchic","https:\/\/www.instagram.com\/pettuchic\/","https:\/\/www.threads.com\/@pettuchic"]}]}},"jetpack_sharing_enabled":true,"_links":{"self":[{"href":"https:\/\/pettuchic.cl\/en\/wp-json\/wp\/v2\/product\/7041","targetHints":{"allow":["GET"]}}],"collection":[{"href":"https:\/\/pettuchic.cl\/en\/wp-json\/wp\/v2\/product"}],"about":[{"href":"https:\/\/pettuchic.cl\/en\/wp-json\/wp\/v2\/types\/product"}],"wp:featuredmedia":[{"embeddable":true,"href":"https:\/\/pettuchic.cl\/en\/wp-json\/wp\/v2\/media\/7039"}],"wp:attachment":[{"href":"https:\/\/pettuchic.cl\/en\/wp-json\/wp\/v2\/media?parent=7041"}],"wp:term":[{"taxonomy":"product_brand","embeddable":true,"href":"https:\/\/pettuchic.cl\/en\/wp-json\/wp\/v2\/product_brand?post=7041"},{"taxonomy":"product_cat","embeddable":true,"href":"https:\/\/pettuchic.cl\/en\/wp-json\/wp\/v2\/product_cat?post=7041"},{"taxonomy":"product_tag","embeddable":true,"href":"https:\/\/pettuchic.cl\/en\/wp-json\/wp\/v2\/product_tag?post=7041"}],"curies":[{"name":"wp","href":"https:\/\/api.w.org\/{rel}","templated":true}]}}