{"id":7358,"date":"2025-10-02T14:34:01","date_gmt":"2025-10-02T17:34:01","guid":{"rendered":"https:\/\/pettuchic.cl\/product\/large-biker\/"},"modified":"2025-10-10T09:20:15","modified_gmt":"2025-10-10T12:20:15","slug":"chaqueta-en-gamuza-verde-musgo-de-cordero","status":"publish","type":"product","link":"https:\/\/pettuchic.cl\/en\/product\/chaqueta-en-gamuza-verde-musgo-de-cordero\/","title":{"rendered":"LARGE BIKER"},"content":{"rendered":"<h3 data-start=\"91\" data-end=\"138\">Chaqueta en Gamuza Verde Musgo de Cordero<\/h3>\n<p data-start=\"139\" data-end=\"432\">La esencia de la <strong data-start=\"156\" data-end=\"181\">sofisticaci\u00f3n natural<\/strong> en una prenda atemporal. Confeccionada en <strong data-start=\"224\" data-end=\"253\">gamuza de cordero premium<\/strong>, esta chaqueta destaca por su <strong data-start=\"284\" data-end=\"327\">textura suave, liviana y ultra flexible<\/strong>, convirti\u00e9ndose en la elecci\u00f3n perfecta para quienes buscan un equilibrio entre elegancia y comodidad.<\/p>\n<p data-start=\"434\" data-end=\"762\">El tono <strong data-start=\"442\" data-end=\"457\">verde musgo<\/strong> evoca frescura, naturaleza y autenticidad, aportando un car\u00e1cter \u00fanico y vers\u00e1til. Su corte moderno con cierres met\u00e1licos y detalles de inspiraci\u00f3n biker le otorgan un aire urbano y contempor\u00e1neo, mientras que el acabado mate de la gamuza la hace ideal para un look refinado tanto de d\u00eda como de noche.<\/p>\n<p data-start=\"764\" data-end=\"984\">Dise\u00f1ada para adaptarse al cuerpo con fluidez, esta chaqueta es una pieza <strong data-start=\"838\" data-end=\"859\">f\u00e1cil de combinar<\/strong>: perfecta con jeans para un estilo relajado y con pantalones de cuero o vestidos para un conjunto m\u00e1s audaz y sofisticado.<\/p>\n<p data-start=\"986\" data-end=\"1176\">Cada costura refleja <strong data-start=\"1007\" data-end=\"1035\">artesan\u00eda y exclusividad<\/strong>, atributos que transforman esta prenda en un esencial de guardarropa para mujeres que valoran el lujo en su forma m\u00e1s discreta y elegante.<\/p>\n<p data-start=\"1178\" data-end=\"1313\">\ud83d\udc49 Atr\u00e9vete a destacar con esta chaqueta de gamuza verde musgo y eleva tu estilo con una pieza \u00fanica, ligera y llena de personalidad.<\/p>\n<h2 style=\"text-align: center;\">Medidas<\/h2>\n<p style=\"text-align: center;\">Contorno de busto : 104 CM<\/p>\n<p style=\"text-align: center;\">Hombro a hombro : 45 CM<\/p>\n<p style=\"text-align: center;\">Largo de mangas : 65 CM<\/p>\n<p style=\"text-align: center;\">Largo total : 70 CM<\/p>","protected":false},"excerpt":{"rendered":"<p>Chaqueta en Gamuza Verde Musgo de Cordero La esencia de la sofisticaci\u00f3n natural en una prenda atemporal. Confeccionada en gamuza de cordero premium, esta chaqueta destaca por su textura suave, liviana y ultra flexible, convirti\u00e9ndose en la elecci\u00f3n perfecta para quienes buscan un equilibrio entre elegancia y comodidad. El tono verde musgo evoca frescura, naturaleza [&hellip;]<\/p>\n","protected":false},"featured_media":7354,"template":"","meta":{"_monsterinsights_skip_tracking":false,"_monsterinsights_sitenote_active":false,"_monsterinsights_sitenote_note":"","_monsterinsights_sitenote_category":0,"site-sidebar-layout":"default","site-content-layout":"","ast-site-content-layout":"default","site-content-style":"default","site-sidebar-style":"default","ast-global-header-display":"","ast-banner-title-visibility":"","ast-main-header-display":"","ast-hfb-above-header-display":"","ast-hfb-below-header-display":"","ast-hfb-mobile-header-display":"","site-post-title":"","ast-breadcrumbs-content":"","ast-featured-img":"","footer-sml-layout":"","ast-disable-related-posts":"","theme-transparent-header-meta":"default","adv-header-id-meta":"","stick-header-meta":"","header-above-stick-meta":"","header-main-stick-meta":"","header-below-stick-meta":"","astra-migrate-meta-layouts":"set","ast-page-background-enabled":"default","ast-page-background-meta":{"desktop":{"background-color":"","background-image":"","background-repeat":"repeat","background-position":"center center","background-size":"auto","background-attachment":"scroll","background-type":"","background-media":"","overlay-type":"","overlay-color":"","overlay-opacity":"","overlay-gradient":""},"tablet":{"background-color":"","background-image":"","background-repeat":"repeat","background-position":"center center","background-size":"auto","background-attachment":"scroll","background-type":"","background-media":"","overlay-type":"","overlay-color":"","overlay-opacity":"","overlay-gradient":""},"mobile":{"background-color":"","background-image":"","background-repeat":"repeat","background-position":"center center","background-size":"auto","background-attachment":"scroll","background-type":"","background-media":"","overlay-type":"","overlay-color":"","overlay-opacity":"","overlay-gradient":""}},"ast-content-background-meta":{"desktop":{"background-color":"var(--ast-global-color-5)","background-image":"","background-repeat":"repeat","background-position":"center center","background-size":"auto","background-attachment":"scroll","background-type":"","background-media":"","overlay-type":"","overlay-color":"","overlay-opacity":"","overlay-gradient":""},"tablet":{"background-color":"var(--ast-global-color-5)","background-image":"","background-repeat":"repeat","background-position":"center center","background-size":"auto","background-attachment":"scroll","background-type":"","background-media":"","overlay-type":"","overlay-color":"","overlay-opacity":"","overlay-gradient":""},"mobile":{"background-color":"var(--ast-global-color-5)","background-image":"","background-repeat":"repeat","background-position":"center center","background-size":"auto","background-attachment":"scroll","background-type":"","background-media":"","overlay-type":"","overlay-color":"","overlay-opacity":"","overlay-gradient":""}}},"product_brand":[],"product_cat":[178,170],"product_tag":[],"class_list":{"0":"post-7358","1":"product","2":"type-product","3":"status-publish","4":"has-post-thumbnail","6":"product_cat-leather-jackets-mujer","7":"product_cat-mujer","8":"desktop-align-left","9":"tablet-align-left","10":"mobile-align-left","12":"first","13":"instock","14":"sold-individually","15":"taxable","16":"shipping-taxable","17":"purchasable","18":"product-type-simple"},"yoast_head":"<!-- This site is optimized with the Yoast SEO plugin v27.4 - https:\/\/yoast.com\/product\/yoast-seo-wordpress\/ -->\n<title>LARGE BIKER - Pettuchic<\/title>\n<meta name=\"robots\" content=\"index, follow, max-snippet:-1, max-image-preview:large, max-video-preview:-1\" \/>\n<link rel=\"canonical\" href=\"https:\/\/pettuchic.cl\/en\/product\/chaqueta-en-gamuza-verde-musgo-de-cordero\/\" \/>\n<meta property=\"og:locale\" content=\"en_US\" \/>\n<meta property=\"og:type\" content=\"article\" \/>\n<meta property=\"og:title\" content=\"LARGE BIKER - Pettuchic\" \/>\n<meta property=\"og:description\" content=\"Chaqueta en Gamuza Verde Musgo de Cordero La esencia de la sofisticaci\u00f3n natural en una prenda atemporal. Confeccionada en gamuza de cordero premium, esta chaqueta destaca por su textura suave, liviana y ultra flexible, convirti\u00e9ndose en la elecci\u00f3n perfecta para quienes buscan un equilibrio entre elegancia y comodidad. El tono verde musgo evoca frescura, naturaleza [&hellip;]\" \/>\n<meta property=\"og:url\" content=\"https:\/\/pettuchic.cl\/en\/product\/chaqueta-en-gamuza-verde-musgo-de-cordero\/\" \/>\n<meta property=\"og:site_name\" content=\"Pettuchic\" \/>\n<meta property=\"article:publisher\" content=\"https:\/\/web.facebook.com\/Pettuchic\" \/>\n<meta property=\"article:modified_time\" content=\"2025-10-10T12:20:15+00:00\" \/>\n<meta property=\"og:image\" content=\"https:\/\/pettuchic.cl\/wp-content\/uploads\/2025\/10\/img_1446-scaled.jpeg\" \/>\n\t<meta property=\"og:image:width\" content=\"1920\" \/>\n\t<meta property=\"og:image:height\" content=\"2560\" \/>\n\t<meta property=\"og:image:type\" content=\"image\/jpeg\" \/>\n<meta name=\"twitter:card\" content=\"summary_large_image\" \/>\n<meta name=\"twitter:label1\" content=\"Est. reading time\" \/>\n\t<meta name=\"twitter:data1\" content=\"2 minutes\" \/>\n<script type=\"application\/ld+json\" class=\"yoast-schema-graph\">{\"@context\":\"https:\\\/\\\/schema.org\",\"@graph\":[{\"@type\":\"WebPage\",\"@id\":\"https:\\\/\\\/pettuchic.cl\\\/product\\\/chaqueta-en-gamuza-verde-musgo-de-cordero\\\/\",\"url\":\"https:\\\/\\\/pettuchic.cl\\\/product\\\/chaqueta-en-gamuza-verde-musgo-de-cordero\\\/\",\"name\":\"LARGE BIKER - Pettuchic\",\"isPartOf\":{\"@id\":\"https:\\\/\\\/pettuchic.cl\\\/#website\"},\"primaryImageOfPage\":{\"@id\":\"https:\\\/\\\/pettuchic.cl\\\/product\\\/chaqueta-en-gamuza-verde-musgo-de-cordero\\\/#primaryimage\"},\"image\":{\"@id\":\"https:\\\/\\\/pettuchic.cl\\\/product\\\/chaqueta-en-gamuza-verde-musgo-de-cordero\\\/#primaryimage\"},\"thumbnailUrl\":\"https:\\\/\\\/i0.wp.com\\\/pettuchic.cl\\\/wp-content\\\/uploads\\\/2025\\\/10\\\/img_1446-scaled.jpeg?fit=1920%2C2560&ssl=1\",\"datePublished\":\"2025-10-02T17:34:01+00:00\",\"dateModified\":\"2025-10-10T12:20:15+00:00\",\"breadcrumb\":{\"@id\":\"https:\\\/\\\/pettuchic.cl\\\/product\\\/chaqueta-en-gamuza-verde-musgo-de-cordero\\\/#breadcrumb\"},\"inLanguage\":\"en-US\",\"potentialAction\":[{\"@type\":\"ReadAction\",\"target\":[\"https:\\\/\\\/pettuchic.cl\\\/product\\\/chaqueta-en-gamuza-verde-musgo-de-cordero\\\/\"]}]},{\"@type\":\"ImageObject\",\"inLanguage\":\"en-US\",\"@id\":\"https:\\\/\\\/pettuchic.cl\\\/product\\\/chaqueta-en-gamuza-verde-musgo-de-cordero\\\/#primaryimage\",\"url\":\"https:\\\/\\\/i0.wp.com\\\/pettuchic.cl\\\/wp-content\\\/uploads\\\/2025\\\/10\\\/img_1446-scaled.jpeg?fit=1920%2C2560&ssl=1\",\"contentUrl\":\"https:\\\/\\\/i0.wp.com\\\/pettuchic.cl\\\/wp-content\\\/uploads\\\/2025\\\/10\\\/img_1446-scaled.jpeg?fit=1920%2C2560&ssl=1\",\"width\":1920,\"height\":2560,\"caption\":\"Chaqueta en Gamuza Verde Musgo de Cordero\"},{\"@type\":\"BreadcrumbList\",\"@id\":\"https:\\\/\\\/pettuchic.cl\\\/product\\\/chaqueta-en-gamuza-verde-musgo-de-cordero\\\/#breadcrumb\",\"itemListElement\":[{\"@type\":\"ListItem\",\"position\":1,\"name\":\"Portada\",\"item\":\"https:\\\/\\\/pettuchic.cl\\\/\"},{\"@type\":\"ListItem\",\"position\":2,\"name\":\"Productos\",\"item\":\"https:\\\/\\\/pettuchic.cl\\\/shop\\\/\"},{\"@type\":\"ListItem\",\"position\":3,\"name\":\"LARGE BIKER\"}]},{\"@type\":\"WebSite\",\"@id\":\"https:\\\/\\\/pettuchic.cl\\\/#website\",\"url\":\"https:\\\/\\\/pettuchic.cl\\\/\",\"name\":\"Pettuchic.cl\",\"description\":\"Gamulanes de Cuero, Chaquetas de cuero,  Abrigos de piel natural y accesorios de piel\",\"publisher\":{\"@id\":\"https:\\\/\\\/pettuchic.cl\\\/#organization\"},\"potentialAction\":[{\"@type\":\"SearchAction\",\"target\":{\"@type\":\"EntryPoint\",\"urlTemplate\":\"https:\\\/\\\/pettuchic.cl\\\/?s={search_term_string}\"},\"query-input\":{\"@type\":\"PropertyValueSpecification\",\"valueRequired\":true,\"valueName\":\"search_term_string\"}}],\"inLanguage\":\"en-US\"},{\"@type\":\"Organization\",\"@id\":\"https:\\\/\\\/pettuchic.cl\\\/#organization\",\"name\":\"Pettuchic Apparel Store\",\"alternateName\":\"Pettuchic\",\"url\":\"https:\\\/\\\/pettuchic.cl\\\/\",\"logo\":{\"@type\":\"ImageObject\",\"inLanguage\":\"en-US\",\"@id\":\"https:\\\/\\\/pettuchic.cl\\\/#\\\/schema\\\/logo\\\/image\\\/\",\"url\":\"https:\\\/\\\/pettuchic.cl\\\/wp-content\\\/uploads\\\/2024\\\/06\\\/pettuchic-logo2.svg\",\"contentUrl\":\"https:\\\/\\\/pettuchic.cl\\\/wp-content\\\/uploads\\\/2024\\\/06\\\/pettuchic-logo2.svg\",\"width\":164,\"height\":205,\"caption\":\"Pettuchic Apparel Store\"},\"image\":{\"@id\":\"https:\\\/\\\/pettuchic.cl\\\/#\\\/schema\\\/logo\\\/image\\\/\"},\"sameAs\":[\"https:\\\/\\\/web.facebook.com\\\/Pettuchic\",\"https:\\\/\\\/www.instagram.com\\\/pettuchic\\\/\",\"https:\\\/\\\/www.threads.com\\\/@pettuchic\"]}]}<\/script>\n<!-- \/ Yoast SEO plugin. -->","yoast_head_json":{"title":"LARGE BIKER - Pettuchic","robots":{"index":"index","follow":"follow","max-snippet":"max-snippet:-1","max-image-preview":"max-image-preview:large","max-video-preview":"max-video-preview:-1"},"canonical":"https:\/\/pettuchic.cl\/en\/product\/chaqueta-en-gamuza-verde-musgo-de-cordero\/","og_locale":"en_US","og_type":"article","og_title":"LARGE BIKER - Pettuchic","og_description":"Chaqueta en Gamuza Verde Musgo de Cordero La esencia de la sofisticaci\u00f3n natural en una prenda atemporal. Confeccionada en gamuza de cordero premium, esta chaqueta destaca por su textura suave, liviana y ultra flexible, convirti\u00e9ndose en la elecci\u00f3n perfecta para quienes buscan un equilibrio entre elegancia y comodidad. El tono verde musgo evoca frescura, naturaleza [&hellip;]","og_url":"https:\/\/pettuchic.cl\/en\/product\/chaqueta-en-gamuza-verde-musgo-de-cordero\/","og_site_name":"Pettuchic","article_publisher":"https:\/\/web.facebook.com\/Pettuchic","article_modified_time":"2025-10-10T12:20:15+00:00","og_image":[{"width":1920,"height":2560,"url":"https:\/\/pettuchic.cl\/wp-content\/uploads\/2025\/10\/img_1446-scaled.jpeg","type":"image\/jpeg"}],"twitter_card":"summary_large_image","twitter_misc":{"Est. reading time":"2 minutes"},"schema":{"@context":"https:\/\/schema.org","@graph":[{"@type":"WebPage","@id":"https:\/\/pettuchic.cl\/product\/chaqueta-en-gamuza-verde-musgo-de-cordero\/","url":"https:\/\/pettuchic.cl\/product\/chaqueta-en-gamuza-verde-musgo-de-cordero\/","name":"LARGE BIKER - Pettuchic","isPartOf":{"@id":"https:\/\/pettuchic.cl\/#website"},"primaryImageOfPage":{"@id":"https:\/\/pettuchic.cl\/product\/chaqueta-en-gamuza-verde-musgo-de-cordero\/#primaryimage"},"image":{"@id":"https:\/\/pettuchic.cl\/product\/chaqueta-en-gamuza-verde-musgo-de-cordero\/#primaryimage"},"thumbnailUrl":"https:\/\/i0.wp.com\/pettuchic.cl\/wp-content\/uploads\/2025\/10\/img_1446-scaled.jpeg?fit=1920%2C2560&ssl=1","datePublished":"2025-10-02T17:34:01+00:00","dateModified":"2025-10-10T12:20:15+00:00","breadcrumb":{"@id":"https:\/\/pettuchic.cl\/product\/chaqueta-en-gamuza-verde-musgo-de-cordero\/#breadcrumb"},"inLanguage":"en-US","potentialAction":[{"@type":"ReadAction","target":["https:\/\/pettuchic.cl\/product\/chaqueta-en-gamuza-verde-musgo-de-cordero\/"]}]},{"@type":"ImageObject","inLanguage":"en-US","@id":"https:\/\/pettuchic.cl\/product\/chaqueta-en-gamuza-verde-musgo-de-cordero\/#primaryimage","url":"https:\/\/i0.wp.com\/pettuchic.cl\/wp-content\/uploads\/2025\/10\/img_1446-scaled.jpeg?fit=1920%2C2560&ssl=1","contentUrl":"https:\/\/i0.wp.com\/pettuchic.cl\/wp-content\/uploads\/2025\/10\/img_1446-scaled.jpeg?fit=1920%2C2560&ssl=1","width":1920,"height":2560,"caption":"Chaqueta en Gamuza Verde Musgo de Cordero"},{"@type":"BreadcrumbList","@id":"https:\/\/pettuchic.cl\/product\/chaqueta-en-gamuza-verde-musgo-de-cordero\/#breadcrumb","itemListElement":[{"@type":"ListItem","position":1,"name":"Portada","item":"https:\/\/pettuchic.cl\/"},{"@type":"ListItem","position":2,"name":"Productos","item":"https:\/\/pettuchic.cl\/shop\/"},{"@type":"ListItem","position":3,"name":"LARGE BIKER"}]},{"@type":"WebSite","@id":"https:\/\/pettuchic.cl\/#website","url":"https:\/\/pettuchic.cl\/","name":"Pettuchic.cl","description":"Gamulanes de Cuero, Chaquetas de cuero,  Abrigos de piel natural y accesorios de piel","publisher":{"@id":"https:\/\/pettuchic.cl\/#organization"},"potentialAction":[{"@type":"SearchAction","target":{"@type":"EntryPoint","urlTemplate":"https:\/\/pettuchic.cl\/?s={search_term_string}"},"query-input":{"@type":"PropertyValueSpecification","valueRequired":true,"valueName":"search_term_string"}}],"inLanguage":"en-US"},{"@type":"Organization","@id":"https:\/\/pettuchic.cl\/#organization","name":"Pettuchic Apparel Store","alternateName":"Pettuchic","url":"https:\/\/pettuchic.cl\/","logo":{"@type":"ImageObject","inLanguage":"en-US","@id":"https:\/\/pettuchic.cl\/#\/schema\/logo\/image\/","url":"https:\/\/pettuchic.cl\/wp-content\/uploads\/2024\/06\/pettuchic-logo2.svg","contentUrl":"https:\/\/pettuchic.cl\/wp-content\/uploads\/2024\/06\/pettuchic-logo2.svg","width":164,"height":205,"caption":"Pettuchic Apparel Store"},"image":{"@id":"https:\/\/pettuchic.cl\/#\/schema\/logo\/image\/"},"sameAs":["https:\/\/web.facebook.com\/Pettuchic","https:\/\/www.instagram.com\/pettuchic\/","https:\/\/www.threads.com\/@pettuchic"]}]}},"jetpack_sharing_enabled":true,"_links":{"self":[{"href":"https:\/\/pettuchic.cl\/en\/wp-json\/wp\/v2\/product\/7358","targetHints":{"allow":["GET"]}}],"collection":[{"href":"https:\/\/pettuchic.cl\/en\/wp-json\/wp\/v2\/product"}],"about":[{"href":"https:\/\/pettuchic.cl\/en\/wp-json\/wp\/v2\/types\/product"}],"wp:featuredmedia":[{"embeddable":true,"href":"https:\/\/pettuchic.cl\/en\/wp-json\/wp\/v2\/media\/7354"}],"wp:attachment":[{"href":"https:\/\/pettuchic.cl\/en\/wp-json\/wp\/v2\/media?parent=7358"}],"wp:term":[{"taxonomy":"product_brand","embeddable":true,"href":"https:\/\/pettuchic.cl\/en\/wp-json\/wp\/v2\/product_brand?post=7358"},{"taxonomy":"product_cat","embeddable":true,"href":"https:\/\/pettuchic.cl\/en\/wp-json\/wp\/v2\/product_cat?post=7358"},{"taxonomy":"product_tag","embeddable":true,"href":"https:\/\/pettuchic.cl\/en\/wp-json\/wp\/v2\/product_tag?post=7358"}],"curies":[{"name":"wp","href":"https:\/\/api.w.org\/{rel}","templated":true}]}}